{"id":298,"date":"2014-06-19T18:47:56","date_gmt":"2014-06-19T22:47:56","guid":{"rendered":"http:\/\/plasticor.com\/?page_id=298"},"modified":"2014-11-07T13:56:56","modified_gmt":"2014-11-07T18:56:56","slug":"298-2","status":"publish","type":"page","link":"https:\/\/plasticor.com\/fr\/","title":{"rendered":"Accueil"},"content":{"rendered":"<p><div class=\"et_pb_section et_pb_fullwidth_section et_section_regular\">\n\t\t\t\n\t\t\t\n\t\t\t\t\n\t\t\t\t<div id=\"homepage-slider\" class=\"et_pb_slider et_slider_auto et_slider_speed_7000 homepage-fullwidth-slider\">\n\t\t\t<div class=\"et_pb_slides\">\n\t\t\t\t<div class=\"et_pb_slide et_pb_bg_layout_light\" style='background-color:#f0f0f5;background-image:url(http:\/\/plasticor.com\/wp-content\/uploads\/2014\/06\/injection-bandeau_v2.jpg);'>\n\t\t\t\n\t\t\t<div class=\"et_pb_container clearfix\">\n\t\t\t\t\n\t\t\t\t<div class=\"et_pb_slide_description\">\n\t\t\t\t\t<h1><a href=\"\/fr\/services-360\/moulage-injection\/\">Moulage par injection<br \/> sur mesure<\/a><\/h1>\n\t\t\t\t\t<div class=\"et_pb_slide_content\">\n<h3>Plus de 30 ans d&rsquo;excellence en<br \/> services de moulage de pr\u00e9cision<\/h3>\n<\/div>\n\t\t\t\t\t<a href=\"\/fr\/services-360\/moulage-injection\/\" class=\"et_pb_more_button\">Pour en savoir plus<\/a>\n\t\t\t\t<\/div> <!-- .et_pb_slide_description -->\n\t\t\t<\/div> <!-- .et_pb_container -->\n\t\t\t\n\t\t<\/div> <!-- .et_pb_slide -->\n\t\t<div class=\"et_pb_slide et_pb_bg_layout_light et_pb_media_alignment_center\" style='background-color:#f0f0f5;background-image:url(http:\/\/plasticor.com\/wp-content\/uploads\/2014\/06\/slide21.jpg);'>\n\t\t\t\n\t\t\t<div class=\"et_pb_container clearfix\">\n\t\t\t\t\n\t\t\t\t<div class=\"et_pb_slide_description\">\n\t\t\t\t\t<h1><a href=\"\/fr\/services-360\/production-moules\/\">Fabrication de moules<\/a><\/h1>\n\t\t\t\t\t<div class=\"et_pb_slide_content\">\n<h3>Un produit de qualit\u00e9 commence par le bon moule.<br \/>Chez Plasticor, c&rsquo;est notre sp\u00e9cialit\u00e9!<\/h3>\n<\/div>\n\t\t\t\t\t<a href=\"\/fr\/services-360\/production-moules\/\" class=\"et_pb_more_button\">Pour en savoir plus<\/a>\n\t\t\t\t<\/div> <!-- .et_pb_slide_description -->\n\t\t\t<\/div> <!-- .et_pb_container -->\n\t\t\t\n\t\t<\/div> <!-- .et_pb_slide -->\n\t\t<div class=\"et_pb_slide et_pb_bg_layout_light et_pb_media_alignment_center\" style='background-color:#f0f0f5;background-image:url(http:\/\/plasticor.com\/wp-content\/uploads\/2014\/06\/slide31.jpg);'>\n\t\t\t\n\t\t\t<div class=\"et_pb_container clearfix\">\n\t\t\t\t\n\t\t\t\t<div class=\"et_pb_slide_description\">\n\t\t\t\t\t<h1><a href=\"\/fr\/services-360\/\">Solutions cl\u00e9s en main<\/a><\/h1>\n\t\t\t\t\t<div class=\"et_pb_slide_content\">\n<h3>De la conception au produit fini,<br \/> Plasticor s&rsquo;occupe de tout!<\/h3>\n<\/div>\n\t\t\t\t\t<a href=\"\/fr\/services-360\/\" class=\"et_pb_more_button\">Pour en savoir plus<\/a>\n\t\t\t\t<\/div> <!-- .et_pb_slide_description -->\n\t\t\t<\/div> <!-- .et_pb_container -->\n\t\t\t\n\t\t<\/div> <!-- .et_pb_slide -->\n\t\t\n\t\t\t<\/div> <!-- .et_pb_slides -->\n\t\t<\/div> <!-- .et_pb_slider -->\n\t\t\n\t\t\t\n\t\t<\/div> <!-- .et_pb_section --><div class=\"et_pb_section 636 hover-column et_section_regular\" style='background-color:#ffffff;'>\n\t\t\t\n\t\t\t\n\t\t\t\t\n\t\t\t\t<div class=\"et_pb_row\">\n\t\t\t<div class=\"et_pb_column et_pb_column_1_3\">\n\t\t\t<div class=\"et_pb_text et_pb_bg_layout_light et_pb_text_align_left\">\n\t\t\t\n<h2>Services 360\u00b0<\/h2>\n\n\t\t<\/div> <!-- .et_pb_text --><img decoding=\"async\" src=\"http:\/\/plasticor.com\/wp-content\/uploads\/2014\/06\/services-360-1_3.jpg\" alt=\"\" class=\"et-waypoint et_pb_image et_pb_animation_off\" \/><div class=\"et_pb_text et_pb_bg_layout_light et_pb_text_align_left\">\n\t\t\t\n<p>Avec ses solutions cl\u00e9s en main, Plasticor est en mesure de g\u00e9rer les projets de ses partenaires de la conception \u00e0 la r\u00e9alisation finale.<\/p>\n\n\t\t<\/div> <!-- .et_pb_text --><div class=\"et_pb_promo et_pb_bg_layout_light et_pb_text_align_left et_pb_no_bg\">\n\t\t\t<div class=\"et_pb_promo_description\">\n\t\t\t\t\n\t\t\t\t\n\t\t\t<\/div>\n\t\t\t<a class=\"et_pb_promo_button\" href=\"\/fr\/services-360\/\">En savoir plus<\/a>\n\t\t<\/div>\n\t\t<\/div> <!-- .et_pb_column --><div class=\"et_pb_column et_pb_column_1_3\">\n\t\t\t<div class=\"et_pb_text et_pb_bg_layout_light et_pb_text_align_left\">\n\t\t\t\n<h2>Produits<\/h2>\n\n\t\t<\/div> <!-- .et_pb_text --><img decoding=\"async\" src=\"http:\/\/plasticor.com\/wp-content\/uploads\/2014\/06\/products-320x200_v2.jpg\" alt=\"\" class=\"et-waypoint et_pb_image et_pb_animation_off\" \/><div class=\"et_pb_text et_pb_bg_layout_light et_pb_text_align_left\">\n\t\t\t\n<p>Gr\u00e2ce \u00e0 son expertise des r\u00e9sines techniques, Plasticor peut fabriquer des moules d&rsquo;une grande pr\u00e9cision pour les projets les plus complexes.<\/p>\n\n\t\t<\/div> <!-- .et_pb_text --><div class=\"et_pb_promo et_pb_bg_layout_light et_pb_text_align_left et_pb_no_bg\">\n\t\t\t<div class=\"et_pb_promo_description\">\n\t\t\t\t\n\t\t\t\t\n\t\t\t<\/div>\n\t\t\t<a class=\"et_pb_promo_button\" href=\"\/fr\/produits\/\">En savoir plus<\/a>\n\t\t<\/div>\n\t\t<\/div> <!-- .et_pb_column --><div class=\"et_pb_column et_pb_column_1_3\">\n\t\t\t<div class=\"et_pb_text et_pb_bg_layout_light et_pb_text_align_left\">\n\t\t\t\n<h2>\u00c0 propos<\/h2>\n\n\t\t<\/div> <!-- .et_pb_text --><img decoding=\"async\" src=\"http:\/\/plasticor.com\/wp-content\/uploads\/2014\/06\/about-1_3.jpg\" alt=\"\" class=\"et-waypoint et_pb_image et_pb_animation_off\" \/><div class=\"et_pb_text et_pb_bg_layout_light et_pb_text_align_left\">\n\t\t\t\n<p>Plasticor est une entreprise familiale reconnue pour sa longue tradition d&rsquo;excellence en service \u00e0 la client\u00e8le. Nous sommes votre partenaire de choix dans la prise en charge de vos projets.<\/p>\n\n\t\t<\/div> <!-- .et_pb_text --><div class=\"et_pb_promo et_pb_bg_layout_light et_pb_text_align_left et_pb_no_bg\">\n\t\t\t<div class=\"et_pb_promo_description\">\n\t\t\t\t\n\t\t\t\t\n\t\t\t<\/div>\n\t\t\t<a class=\"et_pb_promo_button\" href=\"\/fr\/a-propos\/\">En savoir plus<\/a>\n\t\t<\/div>\n\t\t<\/div> <!-- .et_pb_column -->\n\t\t<\/div> <!-- .et_pb_row -->\n\t\t\t\n\t\t<\/div> <!-- .et_pb_section --><div id=\"news_n_home_content\" class=\"et_pb_section et_section_regular\" style='background-color:#ffffff;'>\n\t\t\t\n\t\t\t\n\t\t\t\t\n\t\t\t\t<div class=\"et_pb_row\">\n\t\t\t<div class=\"et_pb_column et_pb_column_1_2\">\n\t\t\t<div class=\"et_pb_text et_pb_bg_layout_light et_pb_text_align_left\">\n\t\t\t\n<h2>Derni\u00e8res nouvelles<\/h2>\n\n\t\t<\/div> <!-- .et_pb_text --><div class=\"et_pb_text et_pb_bg_layout_light et_pb_text_align_left\">\n\t\t\t \t\t<article id=\"post-717\" class=\"col-group clearfix type-post et_pb_post post-717 news type-news status-publish hentry categorie-nouvelle-offres-emploi\">\n\n<a href=\"https:\/\/plasticor.com\/fr\/nouvelles\/recherchons-2-representants-des-ventes-experimentes-contrat\/\">\n\t\t<img loading=\"lazy\" decoding=\"async\" src=\"http:\/\/plasticor.wpengine.com\/wp-content\/themes\/plasticor\/images\/default.png\" alt=\"Plasticor\" width=\"170\" height=\"170\">\n\t<\/a>\n<p class=\"post-meta\"> 22 octobre 2014 | Cat\u00e9gories :  <a href=\"https:\/\/plasticor.com\/fr\/categorie-nouvelle\/offres-emploi\/\">Offres d'emploi<\/a><\/p>\t\t\n<h4><a href=\"https:\/\/plasticor.com\/fr\/nouvelles\/recherchons-2-representants-des-ventes-experimentes-contrat\/\">Recherchons 2 repr\u00e9sentants des ventes exp\u00e9riment\u00e9s &#8211; Contrat<\/a><\/h4>\n\n<p>Plasticor est \u00e0 la recherche de deux repr\u00e9sentants (commercial) exp\u00e9riment\u00e9s. Le premier couvrira les territoires du Qu\u00e9bec et de l\u2019Ontario. Le second sera responsable du &#8230;<\/p>\n<p>\n<a class=\"read-more\" href=\"https:\/\/plasticor.com\/fr\/nouvelles\/recherchons-2-representants-des-ventes-experimentes-contrat\/\">Lire la suite<\/a>\n<\/p>\n\n<\/article>\n\t\t\t<article id=\"post-718\" class=\"col-group clearfix type-post et_pb_post post-718 news type-news status-publish hentry categorie-nouvelle-informations-fr\">\n\n<a href=\"https:\/\/plasticor.com\/fr\/nouvelles\/plasticor-celebre-30e-anniversaire-quune-seconde-generation-di-guida-se-retrouve-tete\/\">\n\t\t<img loading=\"lazy\" decoding=\"async\" src=\"http:\/\/plasticor.wpengine.com\/wp-content\/themes\/plasticor\/images\/default.png\" alt=\"Plasticor\" width=\"170\" height=\"170\">\n\t<\/a>\n<p class=\"post-meta\"> 30 mai 2014 | Cat\u00e9gories :  <a href=\"https:\/\/plasticor.com\/fr\/categorie-nouvelle\/informations-fr\/\">Informations<\/a><\/p>\t\t\n<h4><a href=\"https:\/\/plasticor.com\/fr\/nouvelles\/plasticor-celebre-30e-anniversaire-quune-seconde-generation-di-guida-se-retrouve-tete\/\">Plasticor c\u00e9l\u00e8bre son 30<sup>e<\/sup> anniversaire alors qu\u2019une seconde g\u00e9n\u00e9ration de Di Guida se retrouve \u00e0 sa t\u00eate<\/a><\/h4>\n\n<p>Le 29 mai 1984, Joseph Di Guida se lan\u00e7ait dans l\u2019aventure la plus passionnante et gratifiante de sa vie : il fondait Plasticor. Pendant 30 &#8230;<\/p>\n<p>\n<a class=\"read-more\" href=\"https:\/\/plasticor.com\/fr\/nouvelles\/plasticor-celebre-30e-anniversaire-quune-seconde-generation-di-guida-se-retrouve-tete\/\">Lire la suite<\/a>\n<\/p>\n\n<\/article>\n\t \n\t\t<\/div> <!-- .et_pb_text -->\n\t\t<\/div> <!-- .et_pb_column --><div class=\"et_pb_column et_pb_column_1_2\">\n\t\t\t<div id=\"trente-ans\" class=\"et_pb_text et_pb_bg_layout_light et_pb_text_align_left\">\n\t\t\t\n<h2>Plasticor, 30 ans d\u2019innovation<\/h2>\n<h4>Depuis 1984, Plasticor d\u00e9veloppe des solutions de fabrication int\u00e9gr\u00e9es pour ses clients<\/h4>\n<p>Reconnue pour l\u2019excellence de ses activit\u00e9s de recherche et d\u00e9veloppement, Plasticor est un partenaire incontournable pour ses solutions innovatrices ax\u00e9es sur les meilleures pratiques de gestion de la qualit\u00e9 totale et l\u2019excellence de ses produits.<\/p>\n\n\t\t<\/div> <!-- .et_pb_text --><div class=\"et_pb_promo et_pb_bg_layout_light et_pb_text_align_left trente-ans et_pb_no_bg\">\n\t\t\t<div class=\"et_pb_promo_description\">\n\t\t\t\t\n\t\t\t\t\n\t\t\t<\/div>\n\t\t\t<a class=\"et_pb_promo_button\" href=\"\/fr\/a-propos\/historique\/\">En savoir plus<\/a>\n\t\t<\/div>\n\t\t<\/div> <!-- .et_pb_column -->\n\t\t<\/div> <!-- .et_pb_row -->\n\t\t\t\n\t\t<\/div> <!-- .et_pb_section --><\/p>\n","protected":false},"excerpt":{"rendered":"<p>Le 29 mai 1984, Joseph Di Guida se lan\u00e7ait dans l\u2019aventure la plus passionnante et gratifiante de sa vie : il fondait Plasticor. Pendant 30 &#8230;<\/p>\n","protected":false},"author":1,"featured_media":0,"parent":0,"menu_order":0,"comment_status":"closed","ping_status":"closed","template":"","meta":{"_acf_changed":false,"_monsterinsights_skip_tracking":false,"_monsterinsights_sitenote_active":false,"_monsterinsights_sitenote_note":"","_monsterinsights_sitenote_category":0,"footnotes":""},"class_list":["post-298","page","type-page","status-publish","hentry"],"acf":[],"yoast_head":"<!-- This site is optimized with the Yoast SEO plugin v24.5 - https:\/\/yoast.com\/wordpress\/plugins\/seo\/ -->\n<title>Accueil - Plasticor<\/title>\n<meta name=\"robots\" content=\"index, follow, max-snippet:-1, max-image-preview:large, max-video-preview:-1\" \/>\n<link rel=\"canonical\" href=\"https:\/\/plasticor.com\/fr\/\" \/>\n<meta property=\"og:locale\" content=\"fr_FR\" \/>\n<meta property=\"og:type\" content=\"article\" \/>\n<meta property=\"og:title\" content=\"Accueil - Plasticor\" \/>\n<meta property=\"og:description\" content=\"Le 29 mai 1984, Joseph Di Guida se lan\u00e7ait dans l\u2019aventure la plus passionnante et gratifiante de sa vie : il fondait Plasticor. Pendant 30 ...\" \/>\n<meta property=\"og:url\" content=\"https:\/\/plasticor.com\/fr\/\" \/>\n<meta property=\"og:site_name\" content=\"Plasticor\" \/>\n<meta property=\"article:modified_time\" content=\"2014-11-07T18:56:56+00:00\" \/>\n<meta name=\"twitter:label1\" content=\"Dur\u00e9e de lecture estim\u00e9e\" \/>\n\t<meta name=\"twitter:data1\" content=\"4 minutes\" \/>\n<script type=\"application\/ld+json\" class=\"yoast-schema-graph\">{\"@context\":\"https:\/\/schema.org\",\"@graph\":[{\"@type\":\"WebPage\",\"@id\":\"https:\/\/plasticor.com\/fr\/\",\"url\":\"https:\/\/plasticor.com\/fr\/\",\"name\":\"Accueil - Plasticor\",\"isPartOf\":{\"@id\":\"https:\/\/plasticor.com\/#website\"},\"datePublished\":\"2014-06-19T22:47:56+00:00\",\"dateModified\":\"2014-11-07T18:56:56+00:00\",\"breadcrumb\":{\"@id\":\"https:\/\/plasticor.com\/fr\/#breadcrumb\"},\"inLanguage\":\"fr-FR\",\"potentialAction\":[{\"@type\":\"ReadAction\",\"target\":[\"https:\/\/plasticor.com\/fr\/\"]}]},{\"@type\":\"WebSite\",\"@id\":\"https:\/\/plasticor.com\/#website\",\"url\":\"https:\/\/plasticor.com\/\",\"name\":\"Plasticor\",\"description\":\"\",\"potentialAction\":[{\"@type\":\"SearchAction\",\"target\":{\"@type\":\"EntryPoint\",\"urlTemplate\":\"https:\/\/plasticor.com\/?s={search_term_string}\"},\"query-input\":{\"@type\":\"PropertyValueSpecification\",\"valueRequired\":true,\"valueName\":\"search_term_string\"}}],\"inLanguage\":\"fr-FR\"}]}<\/script>\n<!-- \/ Yoast SEO plugin. -->","yoast_head_json":{"title":"Accueil - Plasticor","robots":{"index":"index","follow":"follow","max-snippet":"max-snippet:-1","max-image-preview":"max-image-preview:large","max-video-preview":"max-video-preview:-1"},"canonical":"https:\/\/plasticor.com\/fr\/","og_locale":"fr_FR","og_type":"article","og_title":"Accueil - Plasticor","og_description":"Le 29 mai 1984, Joseph Di Guida se lan\u00e7ait dans l\u2019aventure la plus passionnante et gratifiante de sa vie : il fondait Plasticor. Pendant 30 ...","og_url":"https:\/\/plasticor.com\/fr\/","og_site_name":"Plasticor","article_modified_time":"2014-11-07T18:56:56+00:00","twitter_misc":{"Dur\u00e9e de lecture estim\u00e9e":"4 minutes"},"schema":{"@context":"https:\/\/schema.org","@graph":[{"@type":"WebPage","@id":"https:\/\/plasticor.com\/fr\/","url":"https:\/\/plasticor.com\/fr\/","name":"Accueil - Plasticor","isPartOf":{"@id":"https:\/\/plasticor.com\/#website"},"datePublished":"2014-06-19T22:47:56+00:00","dateModified":"2014-11-07T18:56:56+00:00","breadcrumb":{"@id":"https:\/\/plasticor.com\/fr\/#breadcrumb"},"inLanguage":"fr-FR","potentialAction":[{"@type":"ReadAction","target":["https:\/\/plasticor.com\/fr\/"]}]},{"@type":"WebSite","@id":"https:\/\/plasticor.com\/#website","url":"https:\/\/plasticor.com\/","name":"Plasticor","description":"","potentialAction":[{"@type":"SearchAction","target":{"@type":"EntryPoint","urlTemplate":"https:\/\/plasticor.com\/?s={search_term_string}"},"query-input":{"@type":"PropertyValueSpecification","valueRequired":true,"valueName":"search_term_string"}}],"inLanguage":"fr-FR"}]}},"wps_subtitle":"","_links":{"self":[{"href":"https:\/\/plasticor.com\/fr\/wp-json\/wp\/v2\/pages\/298","targetHints":{"allow":["GET"]}}],"collection":[{"href":"https:\/\/plasticor.com\/fr\/wp-json\/wp\/v2\/pages"}],"about":[{"href":"https:\/\/plasticor.com\/fr\/wp-json\/wp\/v2\/types\/page"}],"author":[{"embeddable":true,"href":"https:\/\/plasticor.com\/fr\/wp-json\/wp\/v2\/users\/1"}],"replies":[{"embeddable":true,"href":"https:\/\/plasticor.com\/fr\/wp-json\/wp\/v2\/comments?post=298"}],"version-history":[{"count":1,"href":"https:\/\/plasticor.com\/fr\/wp-json\/wp\/v2\/pages\/298\/revisions"}],"predecessor-version":[{"id":300,"href":"https:\/\/plasticor.com\/fr\/wp-json\/wp\/v2\/pages\/298\/revisions\/300"}],"wp:attachment":[{"href":"https:\/\/plasticor.com\/fr\/wp-json\/wp\/v2\/media?parent=298"}],"curies":[{"name":"wp","href":"https:\/\/api.w.org\/{rel}","templated":true}]}}