{"id":302,"date":"2014-06-20T20:37:42","date_gmt":"2014-06-21T00:37:42","guid":{"rendered":"http:\/\/plasticor.com\/?page_id=302"},"modified":"2015-01-30T16:50:45","modified_gmt":"2015-01-30T21:50:45","slug":"a-propos","status":"publish","type":"page","link":"https:\/\/plasticor.com\/fr\/a-propos\/","title":{"rendered":"\u00c0 propos"},"content":{"rendered":"<p><div class=\"et_pb_section et_pb_fullwidth_section et_section_regular\">\n\t\t\t\n\t\t\t\n\t\t\t\t\n\t\t\t\t<div id=\"homepage-slider\" class=\"et_pb_slider homepage-fullwidth-slider\">\n\t\t\t<div class=\"et_pb_slides\">\n\t\t\t\t<div class=\"et_pb_slide et_pb_bg_layout_light\" style='background-color:#f0f0f5;background-image:url(http:\/\/plasticor.com\/wp-content\/uploads\/2014\/06\/a-propos-bandeau_v2.jpg);'>\n\t\t\t\n\t\t\t<div class=\"et_pb_container clearfix\">\n\t\t\t\t\n\t\t\t\t<div class=\"et_pb_slide_description\">\n\t\t\t\t\t<h1><a href=\"mailto:sales@plasticor.com\">\u00c0 propos<\/a><\/h1>\n\t\t\t\t\t<div class=\"et_pb_slide_content\">\n<h3>Moulage de haute pr\u00e9cision depuis 1984<\/h3>\n<p>Il n&rsquo;est pas \u00e9tonnant que Plasticor se soit impos\u00e9 en tant que leader dans son domaine. Depuis plus de 30 ans, notre vaste exp\u00e9rience en conception de moule et en moulage par injection nous permet non seulement de comprendre les besoins de nos clients, mais surtout de surpasser leurs attentes. De la conception \u00e0 la r\u00e9alisation de produits finis, Plasticor est votre partenaire de choix!<\/p>\n<\/div>\n\t\t\t\t\t<a href=\"mailto:sales@plasticor.com\" class=\"et_pb_more_button\">Contactez-nous<\/a>\n\t\t\t\t<\/div> <!-- .et_pb_slide_description -->\n\t\t\t<\/div> <!-- .et_pb_container -->\n\t\t\t\n\t\t<\/div> <!-- .et_pb_slide -->\n\t\t\n\t\t\t<\/div> <!-- .et_pb_slides -->\n\t\t<\/div> <!-- .et_pb_slider -->\n\t\t\n\t\t\t\n\t\t<\/div> <!-- .et_pb_section --><div id=\"bread-media\" class=\"et_pb_section et_section_regular\" style='background-color:#ffffff;'>\n\t\t\t\n\t\t\t\n\t\t\t\t\n\t\t\t\t<div class=\"et_pb_row\">\n\t\t\t<div class=\"et_pb_column et_pb_column_1_2\">\n\t\t\t<div class=\"et_pb_text et_pb_bg_layout_light et_pb_text_align_left\">\n\t\t\t<p id=\"breadcrumbs\"><span><span><a href=\"https:\/\/plasticor.com\/fr\/\">Home<\/a><\/span><\/span><\/p>\n\t\t<\/div> <!-- .et_pb_text -->\n\t\t<\/div> <!-- .et_pb_column --><div class=\"et_pb_column et_pb_column_1_2\">\n\t\t\t<div class=\"et_pb_text et_pb_bg_layout_light et_pb_text_align_left share_this\">\n\t\t\t\n<p style=\"text-align: right;\"><!--span class=\"st_sharethis\"><\/span-->\n\t\t\t<span class=\"st_facebook\"><\/span>\n\t\t\t<span class=\"st_twitter\"><\/span>\n\t\t\t<span class=\"st_linkedin\"><\/span>\n\t\t\t<span class=\"st_googleplus\"><\/span>\n\t\t\t<span class=\"st_pinterest\"><\/span>\n\t\t\t<span class=\"st_tumblr\"><\/span>\n\t\t<\/div> <!-- .et_pb_text -->\n\t\t<\/div> <!-- .et_pb_column -->\n\t\t<\/div> <!-- .et_pb_row -->\n\t\t\t\n\t\t<\/div> <!-- .et_pb_section --><div class=\"et_pb_section landing_page_boxes hover-column et_section_regular\" style='background-color:#ffffff;'>\n\t\t\t\n\t\t\t\n\t\t\t\t\n\t\t\t\t<div class=\"et_pb_row\">\n\t\t\t<div class=\"et_pb_column et_pb_column_1_2\">\n\t\t\t<div class=\"et_pb_text et_pb_bg_layout_light et_pb_text_align_left\">\n\t\t\t\n<h2>Pourquoi Plasticor?<\/h2>\n<p style=\"text-align: right;\">\n\t\t<\/div> <!-- .et_pb_text --><img decoding=\"async\" src=\"http:\/\/plasticor.com\/wp-content\/uploads\/2014\/06\/RBP5949-480x255.jpg\" alt=\"\" class=\"et-waypoint et_pb_image et_pb_animation_off\" \/><div class=\"et_pb_text et_pb_bg_layout_light et_pb_text_align_left\">\n\t\t\t\n<p>Avec plus de 30 ans d\u2019exp\u00e9rience dans la fabrication de moules et de moules d\u2019injection, Plasticor est un sp\u00e9cialiste des solutions \u00e9conomiques et des projets cl\u00e9s en main, et son expertise s\u2019appuie sur un partenariat avec ses clients et la prise en charge totale de leurs projets.<\/p>\n<p style=\"text-align: right;\">\n\t\t<\/div> <!-- .et_pb_text --><div class=\"et_pb_promo et_pb_bg_layout_light et_pb_text_align_left et_pb_no_bg\">\n\t\t\t<div class=\"et_pb_promo_description\">\n\t\t\t\t\n\t\t\t\t\n\t\t\t<\/div>\n\t\t\t<a class=\"et_pb_promo_button\" href=\"\/fr\/a-propos\/pourquoi-plasticor\/\">En savoir plus<\/a>\n\t\t<\/div>\n\t\t<\/div> <!-- .et_pb_column --><div class=\"et_pb_column et_pb_column_1_2\">\n\t\t\t<div class=\"et_pb_text et_pb_bg_layout_light et_pb_text_align_left\">\n\t\t\t\n<h2>Innovation<\/h2>\n<p style=\"text-align: right;\">\n\t\t<\/div> <!-- .et_pb_text --><img decoding=\"async\" src=\"http:\/\/plasticor.com\/wp-content\/uploads\/2014\/06\/innovation-1_2.jpg\" alt=\"\" class=\"et-waypoint et_pb_image et_pb_animation_off\" \/><div class=\"et_pb_text et_pb_bg_layout_light et_pb_text_align_left\">\n\t\t\t\n<p>Reconnue pour l\u2019excellence de ses activit\u00e9s de recherche et d\u00e9veloppement, Plasticor est le partenaire d\u00e9vou\u00e9 de ses clients et leur offre des solutions de fabrication innovatrices ax\u00e9es sur la gestion serr\u00e9e de la qualit\u00e9 totale et l\u2019excellence des produits.<\/p>\n<p style=\"text-align: right;\">\n\t\t<\/div> <!-- .et_pb_text --><div class=\"et_pb_promo et_pb_bg_layout_light et_pb_text_align_left et_pb_no_bg\">\n\t\t\t<div class=\"et_pb_promo_description\">\n\t\t\t\t\n\t\t\t\t\n\t\t\t<\/div>\n\t\t\t<a class=\"et_pb_promo_button\" href=\"\/fr\/a-propos\/innovation\/\">En savoir plus<\/a>\n\t\t<\/div>\n\t\t<\/div> <!-- .et_pb_column -->\n\t\t<\/div> <!-- .et_pb_row --><div class=\"et_pb_row\">\n\t\t\t<div class=\"et_pb_column et_pb_column_1_2\">\n\t\t\t<div class=\"et_pb_text et_pb_bg_layout_light et_pb_text_align_left\">\n\t\t\t\n<h2>Historique<\/h2>\n<p style=\"text-align: right;\">\n\t\t<\/div> <!-- .et_pb_text --><img decoding=\"async\" src=\"http:\/\/plasticor.com\/wp-content\/uploads\/2014\/06\/history-1_2.jpg\" alt=\"\" class=\"et-waypoint et_pb_image et_pb_animation_off\" \/><div class=\"et_pb_text et_pb_bg_layout_light et_pb_text_align_left\">\n\t\t\t\n<p>Plasticor est une entreprise familiale fi\u00e8re de son histoire. Sa tradition d\u2019excellence repose \u00e0 la fois sur un service \u00e0 la client\u00e8le impeccable et une expertise d\u00e9montr\u00e9e en fabrication de moules et moulage par injection. [&#8230;]\n\n\t\t<\/div> <!-- .et_pb_text --><div class=\"et_pb_promo et_pb_bg_layout_light et_pb_text_align_left et_pb_no_bg\">\n\t\t\t<div class=\"et_pb_promo_description\">\n\t\t\t\t\n\t\t\t\t\n\t\t\t<\/div>\n\t\t\t<a class=\"et_pb_promo_button\" href=\"\/fr\/a-propos\/historique\/\">En savoir plus<\/a>\n\t\t<\/div>\n\t\t<\/div> <!-- .et_pb_column --><div class=\"et_pb_column et_pb_column_1_2\">\n\t\t\t<div class=\"et_pb_text et_pb_bg_layout_light et_pb_text_align_left\">\n\t\t\t\n<h2>L\u2019\u00e9quipe<\/h2>\n<p style=\"text-align: right;\">\n\t\t<\/div> <!-- .et_pb_text --><img decoding=\"async\" src=\"http:\/\/plasticor.com\/wp-content\/uploads\/2014\/06\/team-1_2.jpg\" alt=\"\" class=\"et-waypoint et_pb_image et_pb_animation_off\" \/><div class=\"et_pb_text et_pb_bg_layout_light et_pb_text_align_left\">\n\t\t\t\n<p>L\u2019\u00e9quipe exp\u00e9riment\u00e9e et d\u00e9vou\u00e9e de Plasticor est minutieusement form\u00e9e aux normes ISO pour r\u00e9pondre \u00e0 vos moindres exigences en mati\u00e8re de qualit\u00e9. Nos employ\u00e9s font partie de la grande famille Plasticor, la majorit\u00e9 d\u2019entre eux depuis plus de 10 ans.<\/p>\n<p style=\"text-align: right;\">\n\t\t<\/div> <!-- .et_pb_text --><div class=\"et_pb_promo et_pb_bg_layout_light et_pb_text_align_left et_pb_no_bg\">\n\t\t\t<div class=\"et_pb_promo_description\">\n\t\t\t\t\n\t\t\t\t\n\t\t\t<\/div>\n\t\t\t<a class=\"et_pb_promo_button\" href=\"\/fr\/a-propos\/equipe\/\">En savoir plus<\/a>\n\t\t<\/div>\n\t\t<\/div> <!-- .et_pb_column -->\n\t\t<\/div> <!-- .et_pb_row -->\n\t\t\t\n\t\t<\/div> <!-- .et_pb_section --><\/p>\n","protected":false},"excerpt":{"rendered":"<p>\t\t\t\t\t\u00c0 propos<\/p>\n<p>Moulage de haute pr\u00e9cision depuis 1984<br \/>\nIl n&rsquo;est pas \u00e9tonnant que Plasticor se soit impos\u00e9 en tant que leader dans son domaine. Depuis plus de &#8230;<\/p>\n","protected":false},"author":1,"featured_media":0,"parent":0,"menu_order":10,"comment_status":"closed","ping_status":"closed","template":"","meta":{"_acf_changed":false,"_monsterinsights_skip_tracking":false,"_monsterinsights_sitenote_active":false,"_monsterinsights_sitenote_note":"","_monsterinsights_sitenote_category":0,"footnotes":""},"class_list":["post-302","page","type-page","status-publish","hentry"],"acf":[],"yoast_head":"<!-- This site is optimized with the Yoast SEO plugin v24.5 - https:\/\/yoast.com\/wordpress\/plugins\/seo\/ -->\n<title>\u00c0 propos - Plasticor<\/title>\n<meta name=\"robots\" content=\"index, follow, max-snippet:-1, max-image-preview:large, max-video-preview:-1\" \/>\n<link rel=\"canonical\" href=\"https:\/\/plasticor.com\/fr\/a-propos\/\" \/>\n<meta property=\"og:locale\" content=\"fr_FR\" \/>\n<meta property=\"og:type\" content=\"article\" \/>\n<meta property=\"og:title\" content=\"\u00c0 propos - Plasticor\" \/>\n<meta property=\"og:description\" content=\"\u00c0 propos    Moulage de haute pr\u00e9cision depuis 1984 Il n&rsquo;est pas \u00e9tonnant que Plasticor se soit impos\u00e9 en tant que leader dans son domaine. Depuis plus de ...\" \/>\n<meta property=\"og:url\" content=\"https:\/\/plasticor.com\/fr\/a-propos\/\" \/>\n<meta property=\"og:site_name\" content=\"Plasticor\" \/>\n<meta property=\"article:modified_time\" content=\"2015-01-30T21:50:45+00:00\" \/>\n<meta name=\"twitter:label1\" content=\"Dur\u00e9e de lecture estim\u00e9e\" \/>\n\t<meta name=\"twitter:data1\" content=\"4 minutes\" \/>\n<script type=\"application\/ld+json\" class=\"yoast-schema-graph\">{\"@context\":\"https:\/\/schema.org\",\"@graph\":[{\"@type\":\"WebPage\",\"@id\":\"https:\/\/plasticor.com\/fr\/a-propos\/\",\"url\":\"https:\/\/plasticor.com\/fr\/a-propos\/\",\"name\":\"\u00c0 propos - Plasticor\",\"isPartOf\":{\"@id\":\"https:\/\/plasticor.com\/#website\"},\"datePublished\":\"2014-06-21T00:37:42+00:00\",\"dateModified\":\"2015-01-30T21:50:45+00:00\",\"breadcrumb\":{\"@id\":\"https:\/\/plasticor.com\/fr\/a-propos\/#breadcrumb\"},\"inLanguage\":\"fr-FR\",\"potentialAction\":[{\"@type\":\"ReadAction\",\"target\":[\"https:\/\/plasticor.com\/fr\/a-propos\/\"]}]},{\"@type\":\"BreadcrumbList\",\"@id\":\"https:\/\/plasticor.com\/fr\/a-propos\/#breadcrumb\",\"itemListElement\":[{\"@type\":\"ListItem\",\"position\":1,\"name\":\"Home\",\"item\":\"https:\/\/plasticor.com\/fr\/\"},{\"@type\":\"ListItem\",\"position\":2,\"name\":\"\u00c0 propos\"}]},{\"@type\":\"WebSite\",\"@id\":\"https:\/\/plasticor.com\/#website\",\"url\":\"https:\/\/plasticor.com\/\",\"name\":\"Plasticor\",\"description\":\"\",\"potentialAction\":[{\"@type\":\"SearchAction\",\"target\":{\"@type\":\"EntryPoint\",\"urlTemplate\":\"https:\/\/plasticor.com\/?s={search_term_string}\"},\"query-input\":{\"@type\":\"PropertyValueSpecification\",\"valueRequired\":true,\"valueName\":\"search_term_string\"}}],\"inLanguage\":\"fr-FR\"}]}<\/script>\n<!-- \/ Yoast SEO plugin. -->","yoast_head_json":{"title":"\u00c0 propos - Plasticor","robots":{"index":"index","follow":"follow","max-snippet":"max-snippet:-1","max-image-preview":"max-image-preview:large","max-video-preview":"max-video-preview:-1"},"canonical":"https:\/\/plasticor.com\/fr\/a-propos\/","og_locale":"fr_FR","og_type":"article","og_title":"\u00c0 propos - Plasticor","og_description":"\u00c0 propos    Moulage de haute pr\u00e9cision depuis 1984 Il n&rsquo;est pas \u00e9tonnant que Plasticor se soit impos\u00e9 en tant que leader dans son domaine. Depuis plus de ...","og_url":"https:\/\/plasticor.com\/fr\/a-propos\/","og_site_name":"Plasticor","article_modified_time":"2015-01-30T21:50:45+00:00","twitter_misc":{"Dur\u00e9e de lecture estim\u00e9e":"4 minutes"},"schema":{"@context":"https:\/\/schema.org","@graph":[{"@type":"WebPage","@id":"https:\/\/plasticor.com\/fr\/a-propos\/","url":"https:\/\/plasticor.com\/fr\/a-propos\/","name":"\u00c0 propos - Plasticor","isPartOf":{"@id":"https:\/\/plasticor.com\/#website"},"datePublished":"2014-06-21T00:37:42+00:00","dateModified":"2015-01-30T21:50:45+00:00","breadcrumb":{"@id":"https:\/\/plasticor.com\/fr\/a-propos\/#breadcrumb"},"inLanguage":"fr-FR","potentialAction":[{"@type":"ReadAction","target":["https:\/\/plasticor.com\/fr\/a-propos\/"]}]},{"@type":"BreadcrumbList","@id":"https:\/\/plasticor.com\/fr\/a-propos\/#breadcrumb","itemListElement":[{"@type":"ListItem","position":1,"name":"Home","item":"https:\/\/plasticor.com\/fr\/"},{"@type":"ListItem","position":2,"name":"\u00c0 propos"}]},{"@type":"WebSite","@id":"https:\/\/plasticor.com\/#website","url":"https:\/\/plasticor.com\/","name":"Plasticor","description":"","potentialAction":[{"@type":"SearchAction","target":{"@type":"EntryPoint","urlTemplate":"https:\/\/plasticor.com\/?s={search_term_string}"},"query-input":{"@type":"PropertyValueSpecification","valueRequired":true,"valueName":"search_term_string"}}],"inLanguage":"fr-FR"}]}},"wps_subtitle":"","_links":{"self":[{"href":"https:\/\/plasticor.com\/fr\/wp-json\/wp\/v2\/pages\/302","targetHints":{"allow":["GET"]}}],"collection":[{"href":"https:\/\/plasticor.com\/fr\/wp-json\/wp\/v2\/pages"}],"about":[{"href":"https:\/\/plasticor.com\/fr\/wp-json\/wp\/v2\/types\/page"}],"author":[{"embeddable":true,"href":"https:\/\/plasticor.com\/fr\/wp-json\/wp\/v2\/users\/1"}],"replies":[{"embeddable":true,"href":"https:\/\/plasticor.com\/fr\/wp-json\/wp\/v2\/comments?post=302"}],"version-history":[{"count":1,"href":"https:\/\/plasticor.com\/fr\/wp-json\/wp\/v2\/pages\/302\/revisions"}],"predecessor-version":[{"id":325,"href":"https:\/\/plasticor.com\/fr\/wp-json\/wp\/v2\/pages\/302\/revisions\/325"}],"wp:attachment":[{"href":"https:\/\/plasticor.com\/fr\/wp-json\/wp\/v2\/media?parent=302"}],"curies":[{"name":"wp","href":"https:\/\/api.w.org\/{rel}","templated":true}]}}