{"id":303,"date":"2014-06-20T20:38:08","date_gmt":"2014-06-21T00:38:08","guid":{"rendered":"http:\/\/plasticor.com\/?page_id=303"},"modified":"2014-10-06T16:52:30","modified_gmt":"2014-10-06T20:52:30","slug":"historique","status":"publish","type":"page","link":"https:\/\/plasticor.com\/fr\/a-propos\/historique\/","title":{"rendered":"Historique"},"content":{"rendered":"<p><div class=\"et_pb_section et_pb_fullwidth_section et_section_regular\">\n\t\t\t\n\t\t\t\n\t\t\t\t\n\t\t\t\t<div id=\"childpage-slider\" class=\"et_pb_slider et_slider_auto et_slider_speed_70000 homepage-fullwidth-slider\">\n\t\t\t<div class=\"et_pb_slides\">\n\t\t\t\t<div class=\"et_pb_slide et_pb_bg_layout_light\" style='background-color:#f0f0f5;background-image:url(http:\/\/plasticor.com\/wp-content\/uploads\/2014\/06\/a-propos-bandeau_v2.jpg);'>\n\t\t\t\n\t\t\t<div class=\"et_pb_container clearfix\">\n\t\t\t\t\n\t\t\t\t<div class=\"et_pb_slide_description\">\n\t\t\t\t\t<h1>Historique<\/h1>\n\t\t\t\t\t<div class=\"et_pb_slide_content\">\n<p>Plasticor est une entreprise familiale fi\u00e8re de son histoire. Sa tradition d&rsquo;excellence repose \u00e0 la fois sur un service \u00e0 la client\u00e8le impeccable et une expertise d\u00e9montr\u00e9e en fabrication de moules et moulage par injection. Plasticor s\u2019est d\u00e9velopp\u00e9e en servant des entreprises de tous les secteurs d&rsquo;activit\u00e9s au cours des 30 derni\u00e8res ann\u00e9es.<\/p>\n<\/div>\n\t\t\t\t\t\n\t\t\t\t<\/div> <!-- .et_pb_slide_description -->\n\t\t\t<\/div> <!-- .et_pb_container -->\n\t\t\t\n\t\t<\/div> <!-- .et_pb_slide -->\n\t\t\n\t\t\t<\/div> <!-- .et_pb_slides -->\n\t\t<\/div> <!-- .et_pb_slider -->\n\t\t\n\t\t\t\n\t\t<\/div> <!-- .et_pb_section --><div id=\"bread-media\" class=\"et_pb_section et_section_regular\" style='background-color:#ffffff;'>\n\t\t\t\n\t\t\t\n\t\t\t\t\n\t\t\t\t<div class=\"et_pb_row\">\n\t\t\t<div class=\"et_pb_column et_pb_column_1_2\">\n\t\t\t<div class=\"et_pb_text et_pb_bg_layout_light et_pb_text_align_left\">\n\t\t\t<p id=\"breadcrumbs\"><span><span><a href=\"https:\/\/plasticor.com\/fr\/\">Home<\/a><\/span><\/span><\/p>\n\t\t<\/div> <!-- .et_pb_text -->\n\t\t<\/div> <!-- .et_pb_column --><div class=\"et_pb_column et_pb_column_1_2\">\n\t\t\t<div class=\"et_pb_text et_pb_bg_layout_light et_pb_text_align_left share_this\">\n\t\t\t\n<p style=\"text-align: right;\"><!--span class=\"st_sharethis\"><\/span-->\n\t\t\t<span class=\"st_facebook\"><\/span>\n\t\t\t<span class=\"st_twitter\"><\/span>\n\t\t\t<span class=\"st_linkedin\"><\/span>\n\t\t\t<span class=\"st_googleplus\"><\/span>\n\t\t\t<span class=\"st_pinterest\"><\/span>\n\t\t\t<span class=\"st_tumblr\"><\/span>\n\t\t<\/div> <!-- .et_pb_text -->\n\t\t<\/div> <!-- .et_pb_column -->\n\t\t<\/div> <!-- .et_pb_row -->\n\t\t\t\n\t\t<\/div> <!-- .et_pb_section --><div class=\"et_pb_section et_section_regular\">\n\t\t\t\n\t\t\t\n\t\t\t\t\n\t\t\t\t<div class=\"et_pb_row\">\n\t\t\t<div class=\"et_pb_column et_pb_column_1_2\">\n\t\t\t<img decoding=\"async\" src=\"http:\/\/plasticor.com\/wp-content\/uploads\/2014\/06\/building1.jpg\" alt=\"\" class=\"et-waypoint et_pb_image et_pb_animation_off\" \/>\n\t\t<\/div> <!-- .et_pb_column --><div class=\"et_pb_column et_pb_column_1_2\">\n\t\t\t<div class=\"et_pb_text et_pb_bg_layout_light et_pb_text_align_left\">\n\t\t\t\n<h3>Trente ans d\u2019exp\u00e9rience<\/h3>\n<p>Avec peu de moyens, mais une grande volont\u00e9 et beaucoup de pers\u00e9v\u00e9rance, M. Joseph Di Guida a fond\u00e9 Plasticor en 1984. D\u00e8s le d\u00e9part, il s\u2019est d\u00e9marqu\u00e9 en offrant \u00e0 ses clients un service irr\u00e9prochable, des moules et des produits de plastiques de conception sup\u00e9rieure.<\/p>\n\n\t\t<\/div> <!-- .et_pb_text -->\n\t\t<\/div> <!-- .et_pb_column -->\n\t\t<\/div> <!-- .et_pb_row --><div class=\"et_pb_row\">\n\t\t\t<div class=\"et_pb_column et_pb_column_4_4\">\n\t\t\t<hr class=\"et_pb_space et_pb_divider\" style='border-color: #ffffff;' \/>\n\t\t<\/div> <!-- .et_pb_column -->\n\t\t<\/div> <!-- .et_pb_row --><div class=\"et_pb_row\">\n\t\t\t<div class=\"et_pb_column et_pb_column_1_2\">\n\t\t\t<div class=\"et_pb_text et_pb_bg_layout_light et_pb_text_align_left\">\n\t\t\t\n<h3>Une tradition qui se poursuit<\/h3>\n<p>2014 est une ann\u00e9e marquante pour l\u2019entreprise. Tout d\u2019abord, parce qu\u2019elle c\u00e9l\u00e8bre ses 30 ans de succ\u00e8s et qu\u2019elle annonce la r\u00e9alisation de ses projets d\u2019expansion aux \u00c9tats-Unis. Mais c\u2019est aussi l\u2019ann\u00e9e o\u00f9 Plasticor a concr\u00e9tis\u00e9 son plan de rel\u00e8ve avec l&rsquo;arriv\u00e9e d&rsquo; une seconde g\u00e9n\u00e9ration de Di Guida \u00e0 sa t\u00eate. Apr\u00e8s avoir acquis au fil des ans une solide exp\u00e9rience pratique au sein de l\u2019entreprise, Rob, Sonjali et Nodin Di Guida ont parfaitement int\u00e9gr\u00e9 ses valeurs fondamentales ax\u00e9es sur un service et un savoir-faire hors pair. Ils sont bien d\u00e9termin\u00e9s \u00e0 poursuivre la tradition d\u2019innovation et d\u2019ing\u00e9niosit\u00e9 qui a fait de Plasticor une entreprise solide et renomm\u00e9e.<\/p>\n\n\t\t<\/div> <!-- .et_pb_text -->\n\t\t<\/div> <!-- .et_pb_column --><div class=\"et_pb_column et_pb_column_1_2\">\n\t\t\t<img decoding=\"async\" src=\"http:\/\/plasticor.com\/wp-content\/uploads\/2014\/06\/history-1_2.jpg\" alt=\"\" class=\"et-waypoint et_pb_image et_pb_animation_off\" \/>\n\t\t<\/div> <!-- .et_pb_column -->\n\t\t<\/div> <!-- .et_pb_row --><div class=\"et_pb_row\">\n\t\t\t<div class=\"et_pb_column et_pb_column_4_4\">\n\t\t\t<hr class=\"et_pb_space et_pb_divider\" style='border-color: #ffffff;' \/>\n\t\t<\/div> <!-- .et_pb_column -->\n\t\t<\/div> <!-- .et_pb_row --><div class=\"et_pb_row\">\n\t\t\t<div class=\"et_pb_column et_pb_column_1_2\">\n\t\t\t<img decoding=\"async\" src=\"http:\/\/plasticor.com\/wp-content\/uploads\/2014\/06\/RBP5567-480x255.jpg\" alt=\"\" class=\"et-waypoint et_pb_image et_pb_animation_off\" \/>\n\t\t<\/div> <!-- .et_pb_column --><div class=\"et_pb_column et_pb_column_1_2\">\n\t\t\t<div class=\"et_pb_text et_pb_bg_layout_light et_pb_text_align_left\">\n\t\t\t\n<h3>Un succ\u00e8s fond\u00e9 sur la qualit\u00e9<\/h3>\n<p>Le succ\u00e8s de Plasticor tient \u00e0 l\u2019attention que l\u2019entreprise a toujours accord\u00e9e aux moindres d\u00e9tails, et \u00e0 son engagement envers <strong>la qualit\u00e9 totale<\/strong>. Plasticor mise sur un v\u00e9ritable partenariat avec ses clients et privil\u00e9gie la prise en charge compl\u00e8te de leurs projets. Plasticor est un sp\u00e9cialiste de la production <strong>juste- \u00e0- temps<\/strong>, qui respecte les principes des normes ISO et Six Sigma dans la fabrication de moules et de pi\u00e8ces de haute finition en <strong>r\u00e9sine technique<\/strong> et plastiques de base.<\/p>\n<p>Afin de mieux servir ses clients actuels et futurs, Plasticor proc\u00e8de actuellement \u00e0 une expansion de ses activit\u00e9s au Tennessee, aux \u00c9tats-Unis.<\/p>\n\n\t\t<\/div> <!-- .et_pb_text -->\n\t\t<\/div> <!-- .et_pb_column -->\n\t\t<\/div> <!-- .et_pb_row -->\n\t\t\t\n\t\t<\/div> <!-- .et_pb_section --><\/p>\n","protected":false},"excerpt":{"rendered":"<p>\t\t\t\t\tHistorique<\/p>\n<p>Plasticor est une entreprise familiale fi\u00e8re de son histoire. Sa tradition d&rsquo;excellence repose \u00e0 la fois sur un service \u00e0 la client\u00e8le impeccable et une &#8230;<\/p>\n","protected":false},"author":1,"featured_media":0,"parent":302,"menu_order":1,"comment_status":"closed","ping_status":"closed","template":"","meta":{"_acf_changed":false,"_monsterinsights_skip_tracking":false,"_monsterinsights_sitenote_active":false,"_monsterinsights_sitenote_note":"","_monsterinsights_sitenote_category":0,"footnotes":""},"class_list":["post-303","page","type-page","status-publish","hentry"],"acf":[],"yoast_head":"<!-- This site is optimized with the Yoast SEO plugin v24.5 - https:\/\/yoast.com\/wordpress\/plugins\/seo\/ -->\n<title>Historique - Plasticor<\/title>\n<meta name=\"robots\" content=\"index, follow, max-snippet:-1, max-image-preview:large, max-video-preview:-1\" \/>\n<link rel=\"canonical\" href=\"https:\/\/plasticor.com\/fr\/a-propos\/historique\/\" \/>\n<meta property=\"og:locale\" content=\"fr_FR\" \/>\n<meta property=\"og:type\" content=\"article\" \/>\n<meta property=\"og:title\" content=\"Historique - Plasticor\" \/>\n<meta property=\"og:description\" content=\"Historique    Plasticor est une entreprise familiale fi\u00e8re de son histoire. Sa tradition d&rsquo;excellence repose \u00e0 la fois sur un service \u00e0 la client\u00e8le impeccable et une ...\" \/>\n<meta property=\"og:url\" content=\"https:\/\/plasticor.com\/fr\/a-propos\/historique\/\" \/>\n<meta property=\"og:site_name\" content=\"Plasticor\" \/>\n<meta property=\"article:modified_time\" content=\"2014-10-06T20:52:30+00:00\" \/>\n<meta name=\"twitter:label1\" content=\"Dur\u00e9e de lecture estim\u00e9e\" \/>\n\t<meta name=\"twitter:data1\" content=\"4 minutes\" \/>\n<script type=\"application\/ld+json\" class=\"yoast-schema-graph\">{\"@context\":\"https:\/\/schema.org\",\"@graph\":[{\"@type\":\"WebPage\",\"@id\":\"https:\/\/plasticor.com\/fr\/a-propos\/historique\/\",\"url\":\"https:\/\/plasticor.com\/fr\/a-propos\/historique\/\",\"name\":\"Historique - Plasticor\",\"isPartOf\":{\"@id\":\"https:\/\/plasticor.com\/#website\"},\"datePublished\":\"2014-06-21T00:38:08+00:00\",\"dateModified\":\"2014-10-06T20:52:30+00:00\",\"breadcrumb\":{\"@id\":\"https:\/\/plasticor.com\/fr\/a-propos\/historique\/#breadcrumb\"},\"inLanguage\":\"fr-FR\",\"potentialAction\":[{\"@type\":\"ReadAction\",\"target\":[\"https:\/\/plasticor.com\/fr\/a-propos\/historique\/\"]}]},{\"@type\":\"BreadcrumbList\",\"@id\":\"https:\/\/plasticor.com\/fr\/a-propos\/historique\/#breadcrumb\",\"itemListElement\":[{\"@type\":\"ListItem\",\"position\":1,\"name\":\"Home\",\"item\":\"https:\/\/plasticor.com\/fr\/\"},{\"@type\":\"ListItem\",\"position\":2,\"name\":\"\u00c0 propos\",\"item\":\"https:\/\/plasticor.com\/fr\/a-propos\/\"},{\"@type\":\"ListItem\",\"position\":3,\"name\":\"Historique\"}]},{\"@type\":\"WebSite\",\"@id\":\"https:\/\/plasticor.com\/#website\",\"url\":\"https:\/\/plasticor.com\/\",\"name\":\"Plasticor\",\"description\":\"\",\"potentialAction\":[{\"@type\":\"SearchAction\",\"target\":{\"@type\":\"EntryPoint\",\"urlTemplate\":\"https:\/\/plasticor.com\/?s={search_term_string}\"},\"query-input\":{\"@type\":\"PropertyValueSpecification\",\"valueRequired\":true,\"valueName\":\"search_term_string\"}}],\"inLanguage\":\"fr-FR\"}]}<\/script>\n<!-- \/ Yoast SEO plugin. -->","yoast_head_json":{"title":"Historique - Plasticor","robots":{"index":"index","follow":"follow","max-snippet":"max-snippet:-1","max-image-preview":"max-image-preview:large","max-video-preview":"max-video-preview:-1"},"canonical":"https:\/\/plasticor.com\/fr\/a-propos\/historique\/","og_locale":"fr_FR","og_type":"article","og_title":"Historique - Plasticor","og_description":"Historique    Plasticor est une entreprise familiale fi\u00e8re de son histoire. Sa tradition d&rsquo;excellence repose \u00e0 la fois sur un service \u00e0 la client\u00e8le impeccable et une ...","og_url":"https:\/\/plasticor.com\/fr\/a-propos\/historique\/","og_site_name":"Plasticor","article_modified_time":"2014-10-06T20:52:30+00:00","twitter_misc":{"Dur\u00e9e de lecture estim\u00e9e":"4 minutes"},"schema":{"@context":"https:\/\/schema.org","@graph":[{"@type":"WebPage","@id":"https:\/\/plasticor.com\/fr\/a-propos\/historique\/","url":"https:\/\/plasticor.com\/fr\/a-propos\/historique\/","name":"Historique - Plasticor","isPartOf":{"@id":"https:\/\/plasticor.com\/#website"},"datePublished":"2014-06-21T00:38:08+00:00","dateModified":"2014-10-06T20:52:30+00:00","breadcrumb":{"@id":"https:\/\/plasticor.com\/fr\/a-propos\/historique\/#breadcrumb"},"inLanguage":"fr-FR","potentialAction":[{"@type":"ReadAction","target":["https:\/\/plasticor.com\/fr\/a-propos\/historique\/"]}]},{"@type":"BreadcrumbList","@id":"https:\/\/plasticor.com\/fr\/a-propos\/historique\/#breadcrumb","itemListElement":[{"@type":"ListItem","position":1,"name":"Home","item":"https:\/\/plasticor.com\/fr\/"},{"@type":"ListItem","position":2,"name":"\u00c0 propos","item":"https:\/\/plasticor.com\/fr\/a-propos\/"},{"@type":"ListItem","position":3,"name":"Historique"}]},{"@type":"WebSite","@id":"https:\/\/plasticor.com\/#website","url":"https:\/\/plasticor.com\/","name":"Plasticor","description":"","potentialAction":[{"@type":"SearchAction","target":{"@type":"EntryPoint","urlTemplate":"https:\/\/plasticor.com\/?s={search_term_string}"},"query-input":{"@type":"PropertyValueSpecification","valueRequired":true,"valueName":"search_term_string"}}],"inLanguage":"fr-FR"}]}},"wps_subtitle":"","_links":{"self":[{"href":"https:\/\/plasticor.com\/fr\/wp-json\/wp\/v2\/pages\/303","targetHints":{"allow":["GET"]}}],"collection":[{"href":"https:\/\/plasticor.com\/fr\/wp-json\/wp\/v2\/pages"}],"about":[{"href":"https:\/\/plasticor.com\/fr\/wp-json\/wp\/v2\/types\/page"}],"author":[{"embeddable":true,"href":"https:\/\/plasticor.com\/fr\/wp-json\/wp\/v2\/users\/1"}],"replies":[{"embeddable":true,"href":"https:\/\/plasticor.com\/fr\/wp-json\/wp\/v2\/comments?post=303"}],"version-history":[{"count":1,"href":"https:\/\/plasticor.com\/fr\/wp-json\/wp\/v2\/pages\/303\/revisions"}],"predecessor-version":[{"id":336,"href":"https:\/\/plasticor.com\/fr\/wp-json\/wp\/v2\/pages\/303\/revisions\/336"}],"up":[{"embeddable":true,"href":"https:\/\/plasticor.com\/fr\/wp-json\/wp\/v2\/pages\/302"}],"wp:attachment":[{"href":"https:\/\/plasticor.com\/fr\/wp-json\/wp\/v2\/media?parent=303"}],"curies":[{"name":"wp","href":"https:\/\/api.w.org\/{rel}","templated":true}]}}