{"id":305,"date":"2014-06-20T20:39:47","date_gmt":"2014-06-21T00:39:47","guid":{"rendered":"http:\/\/plasticor.com\/?page_id=305"},"modified":"2014-10-21T12:02:18","modified_gmt":"2014-10-21T16:02:18","slug":"pourquoi-plasticor","status":"publish","type":"page","link":"https:\/\/plasticor.com\/fr\/a-propos\/pourquoi-plasticor\/","title":{"rendered":"Pourquoi Plasticor?"},"content":{"rendered":"<p><div class=\"et_pb_section et_pb_fullwidth_section et_section_regular\">\n\t\t\t\n\t\t\t\n\t\t\t\t\n\t\t\t\t<div id=\"childpage-slider\" class=\"et_pb_slider et_slider_auto et_slider_speed_70000 homepage-fullwidth-slider\">\n\t\t\t<div class=\"et_pb_slides\">\n\t\t\t\t<div class=\"et_pb_slide et_pb_bg_layout_light\" style='background-color:#f0f0f5;background-image:url(http:\/\/plasticor.com\/wp-content\/uploads\/2014\/06\/a-propos-bandeau_v2.jpg);'>\n\t\t\t\n\t\t\t<div class=\"et_pb_container clearfix\">\n\t\t\t\t\n\t\t\t\t<div class=\"et_pb_slide_description\">\n\t\t\t\t\t<h1>Pourquoi Plasticor?<\/h1>\n\t\t\t\t\t<div class=\"et_pb_slide_content\">\n<p>Avec plus de 30 ans d\u2019exp\u00e9rience dans la fabrication de moules et de moules d\u2019injection, Plasticor est un sp\u00e9cialiste des solutions \u00e9conomiques et des projets cl\u00e9s en main, et son expertise s\u2019appuie sur un partenariat avec ses clients et la prise en charge totale de leurs projets.<\/p>\n<\/div>\n\t\t\t\t\t\n\t\t\t\t<\/div> <!-- .et_pb_slide_description -->\n\t\t\t<\/div> <!-- .et_pb_container -->\n\t\t\t\n\t\t<\/div> <!-- .et_pb_slide -->\n\t\t\n\t\t\t<\/div> <!-- .et_pb_slides -->\n\t\t<\/div> <!-- .et_pb_slider -->\n\t\t\n\t\t\t\n\t\t<\/div> <!-- .et_pb_section --><div id=\"bread-media\" class=\"et_pb_section et_section_regular\" style='background-color:#ffffff;'>\n\t\t\t\n\t\t\t\n\t\t\t\t\n\t\t\t\t<div class=\"et_pb_row\">\n\t\t\t<div class=\"et_pb_column et_pb_column_1_2\">\n\t\t\t<div class=\"et_pb_text et_pb_bg_layout_light et_pb_text_align_left\">\n\t\t\t<p id=\"breadcrumbs\"><span><span><a href=\"https:\/\/plasticor.com\/fr\/\">Home<\/a><\/span><\/span><\/p>\n\t\t<\/div> <!-- .et_pb_text -->\n\t\t<\/div> <!-- .et_pb_column --><div class=\"et_pb_column et_pb_column_1_2\">\n\t\t\t<div class=\"et_pb_text et_pb_bg_layout_light et_pb_text_align_left share_this\">\n\t\t\t\n<p style=\"text-align: right;\"><!--span class=\"st_sharethis\"><\/span-->\n\t\t\t<span class=\"st_facebook\"><\/span>\n\t\t\t<span class=\"st_twitter\"><\/span>\n\t\t\t<span class=\"st_linkedin\"><\/span>\n\t\t\t<span class=\"st_googleplus\"><\/span>\n\t\t\t<span class=\"st_pinterest\"><\/span>\n\t\t\t<span class=\"st_tumblr\"><\/span>\n\t\t<\/div> <!-- .et_pb_text -->\n\t\t<\/div> <!-- .et_pb_column -->\n\t\t<\/div> <!-- .et_pb_row -->\n\t\t\t\n\t\t<\/div> <!-- .et_pb_section --><div class=\"et_pb_section et_section_regular\">\n\t\t\t\n\t\t\t\n\t\t\t\t\n\t\t\t\t<div class=\"et_pb_row\">\n\t\t\t<div class=\"et_pb_column et_pb_column_1_2\">\n\t\t\t<div class=\"et_pb_text et_pb_bg_layout_light et_pb_text_align_left\">\n\t\t\t\n<h3>Les avantages de Plasticor<\/h3>\n<p>Choisir Plasticor comme partenaire, c\u2019est profiter de nombreux avantages! Le fait que l\u2019entreprise est dirig\u00e9e par trois associ\u00e9s d\u2019une m\u00eame famille constitue le gage que l\u2019on r\u00e9pondra aux moindres besoins des clients avec la plus grande efficacit\u00e9 qui soit et en maintenant toujours une qualit\u00e9 in\u00e9gal\u00e9e. Plasticor applique les meilleures pratiques en assurance qualit\u00e9 et est reconnue pour sa capacit\u00e9 \u00e0 am\u00e9liorer constamment ses processus de fabrication, notamment dans les industries des appareils \u00e9lectrom\u00e9nagers, militaire et a\u00e9rospatiale.<\/p>\n\n\t\t<\/div> <!-- .et_pb_text -->\n\t\t<\/div> <!-- .et_pb_column --><div class=\"et_pb_column et_pb_column_1_2\">\n\t\t\t<img decoding=\"async\" src=\"http:\/\/plasticor.com\/wp-content\/uploads\/2014\/06\/RBP5807_particules_v2.jpg\" alt=\"\" class=\"et-waypoint et_pb_image et_pb_animation_off\" \/>\n\t\t<\/div> <!-- .et_pb_column -->\n\t\t<\/div> <!-- .et_pb_row --><div class=\"et_pb_row\">\n\t\t\t<div class=\"et_pb_column et_pb_column_4_4\">\n\t\t\t<hr class=\"et_pb_space et_pb_divider\" style='border-color: #ffffff;' \/>\n\t\t<\/div> <!-- .et_pb_column -->\n\t\t<\/div> <!-- .et_pb_row --><div class=\"et_pb_row\">\n\t\t\t<div class=\"et_pb_column et_pb_column_1_2\">\n\t\t\t<img decoding=\"async\" src=\"http:\/\/plasticor.com\/wp-content\/uploads\/2014\/06\/products-480x255.jpg\" alt=\"\" class=\"et-waypoint et_pb_image et_pb_animation_off\" \/>\n\t\t<\/div> <!-- .et_pb_column --><div class=\"et_pb_column et_pb_column_1_2\">\n\t\t\t<div class=\"et_pb_text et_pb_bg_layout_light et_pb_text_align_left\">\n\t\t\t\n<h3>Experts en solutions \u00e9conomiques<\/h3>\n<p>Plasticor est \u00e9galement un leader r\u00e9put\u00e9 en solutions \u00e9conomiques, gr\u00e2ce \u00e0 sa division sp\u00e9cialis\u00e9e dans l\u2019achat strat\u00e9gique pour le plus grand b\u00e9n\u00e9fice de ses clients. Nos propres experts en gestion de projet, soumis aux visites des v\u00e9rificateurs Six Sigma Green Belts et ISO, garantissent que nos \u00e9quipes de professionnels exp\u00e9riment\u00e9s fournissent \u00e0 nos partenaires les meilleures solutions et sont en mesure de garantir le respect des d\u00e9lais de production promis.<\/p>\n<p>Une \u00e9quipe de direction totalement d\u00e9vou\u00e9e de l\u2019entreprise garantit la disponibilit\u00e9 totale des meilleurs d\u00e9cideurs afin d\u2019assurer la r\u00e9ussite des projets les plus complexes. Surtout, Plasticor s\u2019appuie sur un v\u00e9ritable partenariat avec ses clients et la prise en charge compl\u00e8te de leurs projets.<\/p>\n\n\t\t<\/div> <!-- .et_pb_text -->\n\t\t<\/div> <!-- .et_pb_column -->\n\t\t<\/div> <!-- .et_pb_row --><div class=\"et_pb_row\">\n\t\t\t<div class=\"et_pb_column et_pb_column_4_4\">\n\t\t\t<hr class=\"et_pb_space et_pb_divider\" style='border-color: #ffffff;' \/>\n\t\t<\/div> <!-- .et_pb_column -->\n\t\t<\/div> <!-- .et_pb_row --><div class=\"et_pb_row\">\n\t\t\t<div class=\"et_pb_column et_pb_column_1_2\">\n\t\t\t<div class=\"et_pb_text et_pb_bg_layout_light et_pb_text_align_left\">\n\t\t\t\n<h3>Une expertise dans tous les secteurs d&rsquo;activit\u00e9s<\/h3>\n<ul>\n<li>fabricants d\u2019appareils \u00e9lectrom\u00e9nagers<\/li>\n<li>industries pharmaceutiques<\/li>\n<li>articles de sport<\/li>\n<li>a\u00e9rospatiale et a\u00e9ronautique<\/li>\n<li>construction<\/li>\n<li>communications<\/li>\n<li>haute technologie<\/li>\n<li>promotionnel<\/li>\n<li>industriel<\/li>\n<li>\u00e9lectronique<\/li>\n<li>automobile<\/li>\n<li>articles m\u00e9nagers<\/li>\n<li>militaire<\/li>\n<\/ul>\n\n\t\t<\/div> <!-- .et_pb_text -->\n\t\t<\/div> <!-- .et_pb_column --><div class=\"et_pb_column et_pb_column_1_2\">\n\t\t\t<img decoding=\"async\" src=\"http:\/\/plasticor.com\/wp-content\/uploads\/2014\/06\/RBP5575_480x255_v2.jpg\" alt=\"\" class=\"et-waypoint et_pb_image et_pb_animation_off\" \/>\n\t\t<\/div> <!-- .et_pb_column -->\n\t\t<\/div> <!-- .et_pb_row --><div class=\"et_pb_row\">\n\t\t\t<div class=\"et_pb_column et_pb_column_4_4\">\n\t\t\t<div class=\"et_pb_testimonial et_pb_testimonial_no_image et_pb_bg_layout_light et_pb_text_align_left clearfix\" style=\"background-color: #f5f5f5;\">\n\t\t\t\n\t\t\t<div class=\"et_pb_testimonial_description\">\n\t\t\t\t\n<p>Vous avez un projet et souhaitez recevoir une soumission ?<\/p>\n<p style=\"text-align: left;\"><a href='mailto:sales@plasticor.com' class='small-button smallblue' target=\"_blank\">Parlez-nous de vos besoins<\/a>\n<p>Vous \u00eates un professionnel du secteur et souhaitez travailler avec nous ?<\/p>\n<p style=\"text-align: left;\"><a href='mailto:contact1@plasticor.com' class='small-button smallblue' target=\"_blank\">Faites partie de nos fournisseurs<\/a> \n\t\t\t\t\n\t\t\t\t\n\t\t\t<\/div> <!-- .et_pb_testimonial_description -->\n\t\t<\/div> <!-- .et_pb_testimonial -->\n\t\t<\/div> <!-- .et_pb_column -->\n\t\t<\/div> <!-- .et_pb_row -->\n\t\t\t\n\t\t<\/div> <!-- .et_pb_section --><\/p>\n","protected":false},"excerpt":{"rendered":"<p>\t\t\t\t\tPourquoi Plasticor?<\/p>\n<p>Avec plus de 30 ans d\u2019exp\u00e9rience dans la fabrication de moules et de moules d\u2019injection, Plasticor est un sp\u00e9cialiste des solutions \u00e9conomiques et des &#8230;<\/p>\n","protected":false},"author":1,"featured_media":0,"parent":302,"menu_order":3,"comment_status":"closed","ping_status":"closed","template":"","meta":{"_acf_changed":false,"_monsterinsights_skip_tracking":false,"_monsterinsights_sitenote_active":false,"_monsterinsights_sitenote_note":"","_monsterinsights_sitenote_category":0,"footnotes":""},"class_list":["post-305","page","type-page","status-publish","hentry"],"acf":[],"yoast_head":"<!-- This site is optimized with the Yoast SEO plugin v24.5 - https:\/\/yoast.com\/wordpress\/plugins\/seo\/ -->\n<title>Pourquoi Plasticor? - Plasticor<\/title>\n<meta name=\"robots\" content=\"index, follow, max-snippet:-1, max-image-preview:large, max-video-preview:-1\" \/>\n<link rel=\"canonical\" href=\"https:\/\/plasticor.com\/fr\/a-propos\/pourquoi-plasticor\/\" \/>\n<meta property=\"og:locale\" content=\"fr_FR\" \/>\n<meta property=\"og:type\" content=\"article\" \/>\n<meta property=\"og:title\" content=\"Pourquoi Plasticor? - Plasticor\" \/>\n<meta property=\"og:description\" content=\"Pourquoi Plasticor?    Avec plus de 30 ans d\u2019exp\u00e9rience dans la fabrication de moules et de moules d\u2019injection, Plasticor est un sp\u00e9cialiste des solutions \u00e9conomiques et des ...\" \/>\n<meta property=\"og:url\" content=\"https:\/\/plasticor.com\/fr\/a-propos\/pourquoi-plasticor\/\" \/>\n<meta property=\"og:site_name\" content=\"Plasticor\" \/>\n<meta property=\"article:modified_time\" content=\"2014-10-21T16:02:18+00:00\" \/>\n<meta name=\"twitter:label1\" content=\"Dur\u00e9e de lecture estim\u00e9e\" \/>\n\t<meta name=\"twitter:data1\" content=\"4 minutes\" \/>\n<script type=\"application\/ld+json\" class=\"yoast-schema-graph\">{\"@context\":\"https:\/\/schema.org\",\"@graph\":[{\"@type\":\"WebPage\",\"@id\":\"https:\/\/plasticor.com\/fr\/a-propos\/pourquoi-plasticor\/\",\"url\":\"https:\/\/plasticor.com\/fr\/a-propos\/pourquoi-plasticor\/\",\"name\":\"Pourquoi Plasticor? - Plasticor\",\"isPartOf\":{\"@id\":\"https:\/\/plasticor.com\/#website\"},\"datePublished\":\"2014-06-21T00:39:47+00:00\",\"dateModified\":\"2014-10-21T16:02:18+00:00\",\"breadcrumb\":{\"@id\":\"https:\/\/plasticor.com\/fr\/a-propos\/pourquoi-plasticor\/#breadcrumb\"},\"inLanguage\":\"fr-FR\",\"potentialAction\":[{\"@type\":\"ReadAction\",\"target\":[\"https:\/\/plasticor.com\/fr\/a-propos\/pourquoi-plasticor\/\"]}]},{\"@type\":\"BreadcrumbList\",\"@id\":\"https:\/\/plasticor.com\/fr\/a-propos\/pourquoi-plasticor\/#breadcrumb\",\"itemListElement\":[{\"@type\":\"ListItem\",\"position\":1,\"name\":\"Home\",\"item\":\"https:\/\/plasticor.com\/fr\/\"},{\"@type\":\"ListItem\",\"position\":2,\"name\":\"\u00c0 propos\",\"item\":\"https:\/\/plasticor.com\/fr\/a-propos\/\"},{\"@type\":\"ListItem\",\"position\":3,\"name\":\"Pourquoi Plasticor?\"}]},{\"@type\":\"WebSite\",\"@id\":\"https:\/\/plasticor.com\/#website\",\"url\":\"https:\/\/plasticor.com\/\",\"name\":\"Plasticor\",\"description\":\"\",\"potentialAction\":[{\"@type\":\"SearchAction\",\"target\":{\"@type\":\"EntryPoint\",\"urlTemplate\":\"https:\/\/plasticor.com\/?s={search_term_string}\"},\"query-input\":{\"@type\":\"PropertyValueSpecification\",\"valueRequired\":true,\"valueName\":\"search_term_string\"}}],\"inLanguage\":\"fr-FR\"}]}<\/script>\n<!-- \/ Yoast SEO plugin. -->","yoast_head_json":{"title":"Pourquoi Plasticor? - Plasticor","robots":{"index":"index","follow":"follow","max-snippet":"max-snippet:-1","max-image-preview":"max-image-preview:large","max-video-preview":"max-video-preview:-1"},"canonical":"https:\/\/plasticor.com\/fr\/a-propos\/pourquoi-plasticor\/","og_locale":"fr_FR","og_type":"article","og_title":"Pourquoi Plasticor? - Plasticor","og_description":"Pourquoi Plasticor?    Avec plus de 30 ans d\u2019exp\u00e9rience dans la fabrication de moules et de moules d\u2019injection, Plasticor est un sp\u00e9cialiste des solutions \u00e9conomiques et des ...","og_url":"https:\/\/plasticor.com\/fr\/a-propos\/pourquoi-plasticor\/","og_site_name":"Plasticor","article_modified_time":"2014-10-21T16:02:18+00:00","twitter_misc":{"Dur\u00e9e de lecture estim\u00e9e":"4 minutes"},"schema":{"@context":"https:\/\/schema.org","@graph":[{"@type":"WebPage","@id":"https:\/\/plasticor.com\/fr\/a-propos\/pourquoi-plasticor\/","url":"https:\/\/plasticor.com\/fr\/a-propos\/pourquoi-plasticor\/","name":"Pourquoi Plasticor? - Plasticor","isPartOf":{"@id":"https:\/\/plasticor.com\/#website"},"datePublished":"2014-06-21T00:39:47+00:00","dateModified":"2014-10-21T16:02:18+00:00","breadcrumb":{"@id":"https:\/\/plasticor.com\/fr\/a-propos\/pourquoi-plasticor\/#breadcrumb"},"inLanguage":"fr-FR","potentialAction":[{"@type":"ReadAction","target":["https:\/\/plasticor.com\/fr\/a-propos\/pourquoi-plasticor\/"]}]},{"@type":"BreadcrumbList","@id":"https:\/\/plasticor.com\/fr\/a-propos\/pourquoi-plasticor\/#breadcrumb","itemListElement":[{"@type":"ListItem","position":1,"name":"Home","item":"https:\/\/plasticor.com\/fr\/"},{"@type":"ListItem","position":2,"name":"\u00c0 propos","item":"https:\/\/plasticor.com\/fr\/a-propos\/"},{"@type":"ListItem","position":3,"name":"Pourquoi Plasticor?"}]},{"@type":"WebSite","@id":"https:\/\/plasticor.com\/#website","url":"https:\/\/plasticor.com\/","name":"Plasticor","description":"","potentialAction":[{"@type":"SearchAction","target":{"@type":"EntryPoint","urlTemplate":"https:\/\/plasticor.com\/?s={search_term_string}"},"query-input":{"@type":"PropertyValueSpecification","valueRequired":true,"valueName":"search_term_string"}}],"inLanguage":"fr-FR"}]}},"wps_subtitle":"","_links":{"self":[{"href":"https:\/\/plasticor.com\/fr\/wp-json\/wp\/v2\/pages\/305","targetHints":{"allow":["GET"]}}],"collection":[{"href":"https:\/\/plasticor.com\/fr\/wp-json\/wp\/v2\/pages"}],"about":[{"href":"https:\/\/plasticor.com\/fr\/wp-json\/wp\/v2\/types\/page"}],"author":[{"embeddable":true,"href":"https:\/\/plasticor.com\/fr\/wp-json\/wp\/v2\/users\/1"}],"replies":[{"embeddable":true,"href":"https:\/\/plasticor.com\/fr\/wp-json\/wp\/v2\/comments?post=305"}],"version-history":[{"count":1,"href":"https:\/\/plasticor.com\/fr\/wp-json\/wp\/v2\/pages\/305\/revisions"}],"predecessor-version":[{"id":340,"href":"https:\/\/plasticor.com\/fr\/wp-json\/wp\/v2\/pages\/305\/revisions\/340"}],"up":[{"embeddable":true,"href":"https:\/\/plasticor.com\/fr\/wp-json\/wp\/v2\/pages\/302"}],"wp:attachment":[{"href":"https:\/\/plasticor.com\/fr\/wp-json\/wp\/v2\/media?parent=305"}],"curies":[{"name":"wp","href":"https:\/\/api.w.org\/{rel}","templated":true}]}}