{"id":353,"date":"2014-06-20T19:10:13","date_gmt":"2014-06-20T23:10:13","guid":{"rendered":"http:\/\/plasticor.com\/?page_id=353"},"modified":"2014-10-22T14:17:34","modified_gmt":"2014-10-22T18:17:34","slug":"production-moules","status":"publish","type":"page","link":"https:\/\/plasticor.com\/fr\/services-360\/production-moules\/","title":{"rendered":"Production de moules"},"content":{"rendered":"<p><div class=\"et_pb_section et_pb_fullwidth_section et_section_regular\">\n\t\t\t\n\t\t\t\n\t\t\t\t\n\t\t\t\t<div id=\"childpage-slider\" class=\"et_pb_slider et_slider_auto et_slider_speed_70000 homepage-fullwidth-slider\">\n\t\t\t<div class=\"et_pb_slides\">\n\t\t\t\t<div class=\"et_pb_slide et_pb_bg_layout_light\" style='background-color:#f0f0f5;background-image:url(http:\/\/plasticor.com\/wp-content\/uploads\/2014\/06\/service360.jpg);'>\n\t\t\t\n\t\t\t<div class=\"et_pb_container clearfix\">\n\t\t\t\t\n\t\t\t\t<div class=\"et_pb_slide_description\">\n\t\t\t\t\t<h1>Production de moules<\/h1>\n\t\t\t\t\t<div class=\"et_pb_slide_content\">\n<p>Avec son \u00e9quipement \u00e0 la fine pointe, notre atelier est en mesure de produire des moules de tous types qui r\u00e9pondront \u00e0 vos exigences.<\/p>\n<\/div>\n\t\t\t\t\t\n\t\t\t\t<\/div> <!-- .et_pb_slide_description -->\n\t\t\t<\/div> <!-- .et_pb_container -->\n\t\t\t\n\t\t<\/div> <!-- .et_pb_slide -->\n\t\t\n\t\t\t<\/div> <!-- .et_pb_slides -->\n\t\t<\/div> <!-- .et_pb_slider -->\n\t\t\n\t\t\t\n\t\t<\/div> <!-- .et_pb_section --><div id=\"bread-media\" class=\"et_pb_section et_section_regular\" style='background-color:#ffffff;'>\n\t\t\t\n\t\t\t\n\t\t\t\t\n\t\t\t\t<div class=\"et_pb_row\">\n\t\t\t<div class=\"et_pb_column et_pb_column_1_2\">\n\t\t\t<div class=\"et_pb_text et_pb_bg_layout_light et_pb_text_align_left\">\n\t\t\t<p id=\"breadcrumbs\"><span><span><a href=\"https:\/\/plasticor.com\/fr\/\">Home<\/a><\/span><\/span><\/p>\n\t\t<\/div> <!-- .et_pb_text -->\n\t\t<\/div> <!-- .et_pb_column --><div class=\"et_pb_column et_pb_column_1_2\">\n\t\t\t<div class=\"et_pb_text et_pb_bg_layout_light et_pb_text_align_left share_this\">\n\t\t\t\n<p style=\"text-align: right;\"><!--span class=\"st_sharethis\"><\/span-->\n\t\t\t<span class=\"st_facebook\"><\/span>\n\t\t\t<span class=\"st_twitter\"><\/span>\n\t\t\t<span class=\"st_linkedin\"><\/span>\n\t\t\t<span class=\"st_googleplus\"><\/span>\n\t\t\t<span class=\"st_pinterest\"><\/span>\n\t\t\t<span class=\"st_tumblr\"><\/span>\n\t\t<\/div> <!-- .et_pb_text -->\n\t\t<\/div> <!-- .et_pb_column -->\n\t\t<\/div> <!-- .et_pb_row -->\n\t\t\t\n\t\t<\/div> <!-- .et_pb_section --><div class=\"et_pb_section et_section_regular\">\n\t\t\t\n\t\t\t\n\t\t\t\t\n\t\t\t\t<div class=\"et_pb_row\">\n\t\t\t<div class=\"et_pb_column et_pb_column_1_2\">\n\t\t\t<img decoding=\"async\" src=\"http:\/\/plasticor.com\/wp-content\/uploads\/2014\/06\/RBP5960-480x255.jpg\" alt=\"\" class=\"et-waypoint et_pb_image et_pb_animation_off\" \/>\n\t\t<\/div> <!-- .et_pb_column --><div class=\"et_pb_column et_pb_column_1_2\">\n\t\t\t<div class=\"et_pb_text et_pb_bg_layout_light et_pb_text_align_left\">\n\t\t\t\n<h3>Une expertise d\u00e9montr\u00e9e<\/h3>\n<p>Lors de\u00a0sa fondation, en 1984, Plasticor \u00e9tait essentiellement un atelier d\u2019outillage et aujourd\u2019hui, avec 30 ans d\u2019expertise et de savoir-faire industriel dans la fabrication de moules, l\u2019entreprise a r\u00e9alis\u00e9 pour ses clients une multitude de projets allant des moules \u00e9conomiques les plus simples aux moules et aux projets les plus complexes et exigeants. Disposant d\u2019une solide exp\u00e9rience dans le moulage par injection, Plasticor fabrique chacun de ses moules en utilisant les mat\u00e9riaux ad\u00e9quats et en respectant les normes les plus appropri\u00e9es au projet, tout en tenant compte des exigences des processus du moulage par injection. Notre \u00e9quipe est bien d\u00e9termin\u00e9e \u00e0 vous livrer dans les meilleurs d\u00e9lais des moules d\u2019une grande pr\u00e9cision et d\u2019une qualit\u00e9 in\u00e9gal\u00e9e qui r\u00e9pondront \u00e0 vos moindres exigences.<\/p>\n\n\t\t<\/div> <!-- .et_pb_text -->\n\t\t<\/div> <!-- .et_pb_column -->\n\t\t<\/div> <!-- .et_pb_row --><div class=\"et_pb_row\">\n\t\t\t<div class=\"et_pb_column et_pb_column_4_4\">\n\t\t\t<hr class=\"et_pb_space et_pb_divider\" style='border-color: #ffffff;' \/>\n\t\t<\/div> <!-- .et_pb_column -->\n\t\t<\/div> <!-- .et_pb_row --><div class=\"et_pb_row\">\n\t\t\t<div class=\"et_pb_column et_pb_column_1_2\">\n\t\t\t<div class=\"et_pb_text et_pb_bg_layout_light et_pb_text_align_left\">\n\t\t\t\n<h3>Nos services<\/h3>\n<h4>Nos services de production de moules comprennent\u00a0:<\/h4>\n<ul>\n<li>Conception et fabrication d\u2019outils sp\u00e9cialis\u00e9s pour la r\u00e9alisation de prototypes ou de petits lots de production<\/li>\n<li>Moules de prototype pour proc\u00e9der aux tests de produit et \u00e0 l\u2019optimisation de la conception des pi\u00e8ces<\/li>\n<li>Fabrication de moules sur mesure en fonction de vos exigences en mati\u00e8re de produit<\/li>\n<li>Atelier d\u2019usinage enti\u00e8rement int\u00e9gr\u00e9<\/li>\n<li>Capacit\u00e9 petite et grande de CNC (commande num\u00e9rique par calculateur)<\/li>\n<li>\u00a0Capacit\u00e9 EDM (Ensemble d\u2019usinage par \u00e9tincelage &#8211; <em>sink and wire<\/em>)<\/li>\n<li>Analyse de flux de mati\u00e8re pour les moules \u00a0(s\u2019il y a lieu)<\/li>\n<li>Fabrication de moules sur mesure con\u00e7us sp\u00e9cialement en fonction des sp\u00e9cifications de votre produit<\/li>\n<li>Entretien et r\u00e9parations (mineures ou majeures) sur place\u00a0<\/li>\n<\/ul>\n\n\t\t<\/div> <!-- .et_pb_text -->\n\t\t<\/div> <!-- .et_pb_column --><div class=\"et_pb_column et_pb_column_1_2\">\n\t\t\t<img decoding=\"async\" src=\"http:\/\/plasticor.com\/wp-content\/uploads\/2014\/06\/mold-production-2.jpg\" alt=\"\" class=\"et-waypoint et_pb_image et_pb_animation_off\" \/>\n\t\t<\/div> <!-- .et_pb_column -->\n\t\t<\/div> <!-- .et_pb_row --><div class=\"et_pb_row\">\n\t\t\t<div class=\"et_pb_column et_pb_column_4_4\">\n\t\t\t<div class=\"et_pb_testimonial et_pb_testimonial_no_image et_pb_bg_layout_light et_pb_text_align_left clearfix\" style=\"background-color: #f5f5f5;\">\n\t\t\t\n\t\t\t<div class=\"et_pb_testimonial_description\">\n\t\t\t\t\n<p>Vous avez un projet et souhaitez recevoir une soumission ?<br \/><a href='mailto:sales@plasticor.com' class='small-button smallblue' target=\"_blank\">Parlez-nous de vos besoins<\/a>\u00a0<\/p>\n<p>Vous \u00eates un professionnel du secteur et souhaitez travailler avec nous ?<br \/><a href='mailto:contact1@plasticor.com' class='small-button smallblue' target=\"_blank\">Faites partie de nos fournisseurs<\/a>\u00a0<\/p>\n\n\t\t\t\t\n\t\t\t\t\n\t\t\t<\/div> <!-- .et_pb_testimonial_description -->\n\t\t<\/div> <!-- .et_pb_testimonial -->\n\t\t<\/div> <!-- .et_pb_column -->\n\t\t<\/div> <!-- .et_pb_row -->\n\t\t\t\n\t\t<\/div> <!-- .et_pb_section --><\/p>\n","protected":false},"excerpt":{"rendered":"<p>\t\t\t\t\tProduction de moules<\/p>\n<p>Avec son \u00e9quipement \u00e0 la fine pointe, notre atelier est en mesure de produire des moules de tous types qui r\u00e9pondront \u00e0 vos &#8230;<\/p>\n","protected":false},"author":1,"featured_media":0,"parent":307,"menu_order":2,"comment_status":"closed","ping_status":"closed","template":"","meta":{"_acf_changed":false,"_monsterinsights_skip_tracking":false,"_monsterinsights_sitenote_active":false,"_monsterinsights_sitenote_note":"","_monsterinsights_sitenote_category":0,"footnotes":""},"class_list":["post-353","page","type-page","status-publish","hentry"],"acf":[],"yoast_head":"<!-- This site is optimized with the Yoast SEO plugin v24.5 - https:\/\/yoast.com\/wordpress\/plugins\/seo\/ -->\n<title>Production de moules - Plasticor<\/title>\n<meta name=\"robots\" content=\"index, follow, max-snippet:-1, max-image-preview:large, max-video-preview:-1\" \/>\n<link rel=\"canonical\" href=\"https:\/\/plasticor.com\/360-services\/mold-production\/\" \/>\n<meta property=\"og:locale\" content=\"fr_FR\" \/>\n<meta property=\"og:type\" content=\"article\" \/>\n<meta property=\"og:title\" content=\"Production de moules - Plasticor\" \/>\n<meta property=\"og:description\" content=\"Production de moules    Avec son \u00e9quipement \u00e0 la fine pointe, notre atelier est en mesure de produire des moules de tous types qui r\u00e9pondront \u00e0 vos ...\" \/>\n<meta property=\"og:url\" content=\"https:\/\/plasticor.com\/360-services\/mold-production\/\" \/>\n<meta property=\"og:site_name\" content=\"Plasticor\" \/>\n<meta property=\"article:modified_time\" content=\"2014-10-22T18:17:34+00:00\" \/>\n<meta name=\"twitter:label1\" content=\"Dur\u00e9e de lecture estim\u00e9e\" \/>\n\t<meta name=\"twitter:data1\" content=\"3 minutes\" \/>\n<script type=\"application\/ld+json\" class=\"yoast-schema-graph\">{\"@context\":\"https:\/\/schema.org\",\"@graph\":[{\"@type\":\"WebPage\",\"@id\":\"https:\/\/plasticor.com\/360-services\/mold-production\/\",\"url\":\"https:\/\/plasticor.com\/360-services\/mold-production\/\",\"name\":\"Production de moules - Plasticor\",\"isPartOf\":{\"@id\":\"https:\/\/plasticor.com\/#website\"},\"datePublished\":\"2014-06-20T23:10:13+00:00\",\"dateModified\":\"2014-10-22T18:17:34+00:00\",\"breadcrumb\":{\"@id\":\"https:\/\/plasticor.com\/360-services\/mold-production\/#breadcrumb\"},\"inLanguage\":\"fr-FR\",\"potentialAction\":[{\"@type\":\"ReadAction\",\"target\":[\"https:\/\/plasticor.com\/360-services\/mold-production\/\"]}]},{\"@type\":\"BreadcrumbList\",\"@id\":\"https:\/\/plasticor.com\/360-services\/mold-production\/#breadcrumb\",\"itemListElement\":[{\"@type\":\"ListItem\",\"position\":1,\"name\":\"Home\",\"item\":\"https:\/\/plasticor.com\/fr\/\"},{\"@type\":\"ListItem\",\"position\":2,\"name\":\"Services 360\u00b0\",\"item\":\"https:\/\/plasticor.com\/fr\/services-360\/\"},{\"@type\":\"ListItem\",\"position\":3,\"name\":\"Production de moules\"}]},{\"@type\":\"WebSite\",\"@id\":\"https:\/\/plasticor.com\/#website\",\"url\":\"https:\/\/plasticor.com\/\",\"name\":\"Plasticor\",\"description\":\"\",\"potentialAction\":[{\"@type\":\"SearchAction\",\"target\":{\"@type\":\"EntryPoint\",\"urlTemplate\":\"https:\/\/plasticor.com\/?s={search_term_string}\"},\"query-input\":{\"@type\":\"PropertyValueSpecification\",\"valueRequired\":true,\"valueName\":\"search_term_string\"}}],\"inLanguage\":\"fr-FR\"}]}<\/script>\n<!-- \/ Yoast SEO plugin. -->","yoast_head_json":{"title":"Production de moules - Plasticor","robots":{"index":"index","follow":"follow","max-snippet":"max-snippet:-1","max-image-preview":"max-image-preview:large","max-video-preview":"max-video-preview:-1"},"canonical":"https:\/\/plasticor.com\/360-services\/mold-production\/","og_locale":"fr_FR","og_type":"article","og_title":"Production de moules - Plasticor","og_description":"Production de moules    Avec son \u00e9quipement \u00e0 la fine pointe, notre atelier est en mesure de produire des moules de tous types qui r\u00e9pondront \u00e0 vos ...","og_url":"https:\/\/plasticor.com\/360-services\/mold-production\/","og_site_name":"Plasticor","article_modified_time":"2014-10-22T18:17:34+00:00","twitter_misc":{"Dur\u00e9e de lecture estim\u00e9e":"3 minutes"},"schema":{"@context":"https:\/\/schema.org","@graph":[{"@type":"WebPage","@id":"https:\/\/plasticor.com\/360-services\/mold-production\/","url":"https:\/\/plasticor.com\/360-services\/mold-production\/","name":"Production de moules - Plasticor","isPartOf":{"@id":"https:\/\/plasticor.com\/#website"},"datePublished":"2014-06-20T23:10:13+00:00","dateModified":"2014-10-22T18:17:34+00:00","breadcrumb":{"@id":"https:\/\/plasticor.com\/360-services\/mold-production\/#breadcrumb"},"inLanguage":"fr-FR","potentialAction":[{"@type":"ReadAction","target":["https:\/\/plasticor.com\/360-services\/mold-production\/"]}]},{"@type":"BreadcrumbList","@id":"https:\/\/plasticor.com\/360-services\/mold-production\/#breadcrumb","itemListElement":[{"@type":"ListItem","position":1,"name":"Home","item":"https:\/\/plasticor.com\/fr\/"},{"@type":"ListItem","position":2,"name":"Services 360\u00b0","item":"https:\/\/plasticor.com\/fr\/services-360\/"},{"@type":"ListItem","position":3,"name":"Production de moules"}]},{"@type":"WebSite","@id":"https:\/\/plasticor.com\/#website","url":"https:\/\/plasticor.com\/","name":"Plasticor","description":"","potentialAction":[{"@type":"SearchAction","target":{"@type":"EntryPoint","urlTemplate":"https:\/\/plasticor.com\/?s={search_term_string}"},"query-input":{"@type":"PropertyValueSpecification","valueRequired":true,"valueName":"search_term_string"}}],"inLanguage":"fr-FR"}]}},"wps_subtitle":"","_links":{"self":[{"href":"https:\/\/plasticor.com\/fr\/wp-json\/wp\/v2\/pages\/353","targetHints":{"allow":["GET"]}}],"collection":[{"href":"https:\/\/plasticor.com\/fr\/wp-json\/wp\/v2\/pages"}],"about":[{"href":"https:\/\/plasticor.com\/fr\/wp-json\/wp\/v2\/types\/page"}],"author":[{"embeddable":true,"href":"https:\/\/plasticor.com\/fr\/wp-json\/wp\/v2\/users\/1"}],"replies":[{"embeddable":true,"href":"https:\/\/plasticor.com\/fr\/wp-json\/wp\/v2\/comments?post=353"}],"version-history":[{"count":0,"href":"https:\/\/plasticor.com\/fr\/wp-json\/wp\/v2\/pages\/353\/revisions"}],"up":[{"embeddable":true,"href":"https:\/\/plasticor.com\/fr\/wp-json\/wp\/v2\/pages\/307"}],"wp:attachment":[{"href":"https:\/\/plasticor.com\/fr\/wp-json\/wp\/v2\/media?parent=353"}],"curies":[{"name":"wp","href":"https:\/\/api.w.org\/{rel}","templated":true}]}}