{"id":356,"date":"2014-06-20T20:33:16","date_gmt":"2014-06-21T00:33:16","guid":{"rendered":"http:\/\/plasticor.com\/?page_id=356"},"modified":"2014-10-22T14:18:13","modified_gmt":"2014-10-22T18:18:13","slug":"moulage-injection","status":"publish","type":"page","link":"https:\/\/plasticor.com\/fr\/services-360\/moulage-injection\/","title":{"rendered":"Moulage par injection"},"content":{"rendered":"<p><div class=\"et_pb_section et_pb_fullwidth_section et_section_regular\">\n\t\t\t\n\t\t\t\n\t\t\t\t\n\t\t\t\t<div id=\"childpage-slider\" class=\"et_pb_slider et_slider_auto et_slider_speed_70000 homepage-fullwidth-slider\">\n\t\t\t<div class=\"et_pb_slides\">\n\t\t\t\t<div class=\"et_pb_slide et_pb_bg_layout_light\" style='background-color:#f0f0f5;background-image:url(http:\/\/plasticor.com\/wp-content\/uploads\/2014\/06\/service360.jpg);'>\n\t\t\t\n\t\t\t<div class=\"et_pb_container clearfix\">\n\t\t\t\t\n\t\t\t\t<div class=\"et_pb_slide_description\">\n\t\t\t\t\t<h1>Moulage par injection<\/h1>\n\t\t\t\t\t<div class=\"et_pb_slide_content\">\n<p><span lang=\"FR-CA\">Plasticor utilise de l\u2019\u00e9quipement \u00e0 la fine pointe de la technologie pour produire une grande vari\u00e9t\u00e9 de pi\u00e8ces de plastique sur mesure.<\/span><\/p>\n<\/div>\n\t\t\t\t\t\n\t\t\t\t<\/div> <!-- .et_pb_slide_description -->\n\t\t\t<\/div> <!-- .et_pb_container -->\n\t\t\t\n\t\t<\/div> <!-- .et_pb_slide -->\n\t\t\n\t\t\t<\/div> <!-- .et_pb_slides -->\n\t\t<\/div> <!-- .et_pb_slider -->\n\t\t\n\t\t\t\n\t\t<\/div> <!-- .et_pb_section --><div id=\"bread-media\" class=\"et_pb_section et_section_regular\" style='background-color:#ffffff;'>\n\t\t\t\n\t\t\t\n\t\t\t\t\n\t\t\t\t<div class=\"et_pb_row\">\n\t\t\t<div class=\"et_pb_column et_pb_column_1_2\">\n\t\t\t<div class=\"et_pb_text et_pb_bg_layout_light et_pb_text_align_left\">\n\t\t\t<p id=\"breadcrumbs\"><span><span><a href=\"https:\/\/plasticor.com\/fr\/\">Home<\/a><\/span><\/span><\/p>\n\t\t<\/div> <!-- .et_pb_text -->\n\t\t<\/div> <!-- .et_pb_column --><div class=\"et_pb_column et_pb_column_1_2\">\n\t\t\t<div class=\"et_pb_text et_pb_bg_layout_light et_pb_text_align_left share_this\">\n\t\t\t\n<p style=\"text-align: right;\"><!--span class=\"st_sharethis\"><\/span-->\n\t\t\t<span class=\"st_facebook\"><\/span>\n\t\t\t<span class=\"st_twitter\"><\/span>\n\t\t\t<span class=\"st_linkedin\"><\/span>\n\t\t\t<span class=\"st_googleplus\"><\/span>\n\t\t\t<span class=\"st_pinterest\"><\/span>\n\t\t\t<span class=\"st_tumblr\"><\/span>\n\t\t<\/div> <!-- .et_pb_text -->\n\t\t<\/div> <!-- .et_pb_column -->\n\t\t<\/div> <!-- .et_pb_row -->\n\t\t\t\n\t\t<\/div> <!-- .et_pb_section --><div class=\"et_pb_section et_section_regular\">\n\t\t\t\n\t\t\t\n\t\t\t\t\n\t\t\t\t<div class=\"et_pb_row\">\n\t\t\t<div class=\"et_pb_column et_pb_column_1_2\">\n\t\t\t<img decoding=\"async\" src=\"http:\/\/plasticor.com\/wp-content\/uploads\/2014\/06\/RBP5919_size.jpg\" alt=\"\" class=\"et-waypoint et_pb_image et_pb_animation_off\" \/>\n\t\t<\/div> <!-- .et_pb_column --><div class=\"et_pb_column et_pb_column_1_2\">\n\t\t\t<div class=\"et_pb_text et_pb_bg_layout_light et_pb_text_align_left\">\n\t\t\t\n<h3>\u00c9quipement et expertise<\/h3>\n<p>Nos presses, d\u2019une capacit\u00e9 allant de 50 \u00e0 650 tonnes, sont toutes polyvalentes et \u00e9quip\u00e9es de tous les accessoires de moulage de r\u00e9sine industrielle. Au fil des ann\u00e9es, notre personnel qualifi\u00e9 a d\u00e9velopp\u00e9 un int\u00e9r\u00eat particulier et une expertise technique dans la fabrication de pi\u00e8ces uniques o\u00f9 la complexit\u00e9 et la qualit\u00e9 constituent une probl\u00e9matique.<\/p>\n<p style=\"text-align: right;\">\u00a0<\/p>\n<p style=\"text-align: right;\">\n\t\t<\/div> <!-- .et_pb_text -->\n\t\t<\/div> <!-- .et_pb_column -->\n\t\t<\/div> <!-- .et_pb_row --><div class=\"et_pb_row\">\n\t\t\t<div class=\"et_pb_column et_pb_column_4_4\">\n\t\t\t<hr class=\"et_pb_space et_pb_divider\" style='border-color: #ffffff;' \/>\n\t\t<\/div> <!-- .et_pb_column -->\n\t\t<\/div> <!-- .et_pb_row --><div class=\"et_pb_row\">\n\t\t\t<div class=\"et_pb_column et_pb_column_1_2\">\n\t\t\t<div class=\"et_pb_text et_pb_bg_layout_light et_pb_text_align_left\">\n\t\t\t\n<h3>Savoir-faire technique<\/h3>\n<p>Aujourd\u2019hui, notre \u00e9quipe fabrique des moules dans une grande vari\u00e9t\u00e9 de r\u00e9sines de plastique allant des plastiques de grande consommation aux r\u00e9sines haut de gamme. Avec le savoir-faire technique et pointu qu\u2019elle a d\u00e9velopp\u00e9 au fil des ans, notre \u00e9quipe est en mesure de fabriquer des moules dans tous les mat\u00e9riaux plastiques existants, toujours en profitant de l\u2019encadrement rigoureux de la norme de qualit\u00e9 ISO 9001:2008.<\/p>\n<p style=\"text-align: right;\">\n\t\t<\/div> <!-- .et_pb_text -->\n\t\t<\/div> <!-- .et_pb_column --><div class=\"et_pb_column et_pb_column_1_2\">\n\t\t\t<img decoding=\"async\" src=\"http:\/\/plasticor.com\/wp-content\/uploads\/2014\/06\/RBP5857-retouche_4.jpg\" alt=\"\" class=\"et-waypoint et_pb_image et_pb_animation_off\" \/>\n\t\t<\/div> <!-- .et_pb_column -->\n\t\t<\/div> <!-- .et_pb_row --><div class=\"et_pb_row\">\n\t\t\t<div class=\"et_pb_column et_pb_column_4_4\">\n\t\t\t<hr class=\"et_pb_space et_pb_divider\" style='border-color: #ffffff;' \/>\n\t\t<\/div> <!-- .et_pb_column -->\n\t\t<\/div> <!-- .et_pb_row --><div class=\"et_pb_row\">\n\t\t\t<div class=\"et_pb_column et_pb_column_1_2\">\n\t\t\t<img decoding=\"async\" src=\"http:\/\/plasticor.com\/wp-content\/uploads\/2014\/06\/RBP6010_retouche.jpg\" alt=\"\" class=\"et-waypoint et_pb_image et_pb_animation_off\" \/>\n\t\t<\/div> <!-- .et_pb_column --><div class=\"et_pb_column et_pb_column_1_2\">\n\t\t\t<div class=\"et_pb_text et_pb_bg_layout_light et_pb_text_align_left\">\n\t\t\t\n<h3>Nos services<\/h3>\n<h4>Nos services de moulage par injection comprennent\u00a0:<\/h4>\n<ul>\n<li>Moulage par injection de haute finition et de haute pr\u00e9cision<\/li>\n<li>Moulage haut de gamme et de r\u00e9sines industrielles difficiles \u00e0 mouler<\/li>\n<li>Pi\u00e8ces de plastique \u00e0 fini surglac\u00e9 et esth\u00e9tiques<\/li>\n<li>\u00a0Moulage multimat\u00e9riel et multicolore<\/li>\n<li>Capacit\u00e9 compl\u00e8te de moulage d\u2019insertion (plastique sur plastique, plastique sur m\u00e9tal)<\/li>\n<li>Surmoulage de plastique et ench\u00e2ssement dans des circuits imprim\u00e9s et \u00e9lectroniques, etc.<\/li>\n<li>Peinture et enduit lustr\u00e9 de plastiques compatibles<\/li>\n<li>Plastique permettant le placage<\/li>\n<li>Mat\u00e9riaux ignifuges et hautement r\u00e9sistants \u00e0 la chaleur<\/li>\n<li>Fournisseur reconnu de solutions de gestion de la cha\u00eene d\u2019approvisionnement dans un environnement juste-\u00e0-temps<\/li>\n<li>Norme de qualit\u00e9 ISO 9001:2008, avec capacit\u00e9 d\u2019approbation PPAP, FAI et PPF<\/li>\n<\/ul>\n<p style=\"text-align: right;\">\u00a0<\/p>\n\n\t\t<\/div> <!-- .et_pb_text -->\n\t\t<\/div> <!-- .et_pb_column -->\n\t\t<\/div> <!-- .et_pb_row --><div class=\"et_pb_row\">\n\t\t\t<div class=\"et_pb_column et_pb_column_4_4\">\n\t\t\t<div class=\"et_pb_testimonial et_pb_testimonial_no_image et_pb_bg_layout_light et_pb_text_align_left clearfix\" style=\"background-color: #f5f5f5;\">\n\t\t\t\n\t\t\t<div class=\"et_pb_testimonial_description\">\n\t\t\t\t\n<p>Vous avez un projet et souhaitez recevoir une soumission ?<br \/><a href='mailto:sales@plasticor.com' class='small-button smallblue' target=\"_blank\">Parlez-nous de vos besoins<\/a>\u00a0<\/p>\n<p>Vous \u00eates un professionnel du secteur et souhaitez travailler avec nous ?<br \/><a href='mailto:contact1@plasticor.com' class='small-button smallblue' target=\"_blank\">Faites partie de nos fournisseurs<\/a> \n\t\t\t\t\n\t\t\t\t\n\t\t\t<\/div> <!-- .et_pb_testimonial_description -->\n\t\t<\/div> <!-- .et_pb_testimonial -->\n\t\t<\/div> <!-- .et_pb_column -->\n\t\t<\/div> <!-- .et_pb_row -->\n\t\t\t\n\t\t<\/div> <!-- .et_pb_section --><\/p>\n","protected":false},"excerpt":{"rendered":"<p>\t\t\t\t\tMoulage par injection<\/p>\n<p>Plasticor utilise de l\u2019\u00e9quipement \u00e0 la fine pointe de la technologie pour produire une grande vari\u00e9t\u00e9 de pi\u00e8ces de plastique sur mesure.<\/p>\n<p>\t\t\t &#8230;<\/p>\n","protected":false},"author":1,"featured_media":0,"parent":307,"menu_order":3,"comment_status":"closed","ping_status":"closed","template":"","meta":{"_acf_changed":false,"_monsterinsights_skip_tracking":false,"_monsterinsights_sitenote_active":false,"_monsterinsights_sitenote_note":"","_monsterinsights_sitenote_category":0,"footnotes":""},"class_list":["post-356","page","type-page","status-publish","hentry"],"acf":[],"yoast_head":"<!-- This site is optimized with the Yoast SEO plugin v24.5 - https:\/\/yoast.com\/wordpress\/plugins\/seo\/ -->\n<title>Moulage par injection - Plasticor<\/title>\n<meta name=\"robots\" content=\"index, follow, max-snippet:-1, max-image-preview:large, max-video-preview:-1\" \/>\n<link rel=\"canonical\" href=\"https:\/\/plasticor.com\/fr\/services-360\/moulage-injection\/\" \/>\n<meta property=\"og:locale\" content=\"fr_FR\" \/>\n<meta property=\"og:type\" content=\"article\" \/>\n<meta property=\"og:title\" content=\"Moulage par injection - Plasticor\" \/>\n<meta property=\"og:description\" content=\"Moulage par injection    Plasticor utilise de l\u2019\u00e9quipement \u00e0 la fine pointe de la technologie pour produire une grande vari\u00e9t\u00e9 de pi\u00e8ces de plastique sur mesure.         ...\" \/>\n<meta property=\"og:url\" content=\"https:\/\/plasticor.com\/fr\/services-360\/moulage-injection\/\" \/>\n<meta property=\"og:site_name\" content=\"Plasticor\" \/>\n<meta property=\"article:modified_time\" content=\"2014-10-22T18:18:13+00:00\" \/>\n<meta name=\"twitter:label1\" content=\"Dur\u00e9e de lecture estim\u00e9e\" \/>\n\t<meta name=\"twitter:data1\" content=\"4 minutes\" \/>\n<script type=\"application\/ld+json\" class=\"yoast-schema-graph\">{\"@context\":\"https:\/\/schema.org\",\"@graph\":[{\"@type\":\"WebPage\",\"@id\":\"https:\/\/plasticor.com\/fr\/services-360\/moulage-injection\/\",\"url\":\"https:\/\/plasticor.com\/fr\/services-360\/moulage-injection\/\",\"name\":\"Moulage par injection - Plasticor\",\"isPartOf\":{\"@id\":\"https:\/\/plasticor.com\/#website\"},\"datePublished\":\"2014-06-21T00:33:16+00:00\",\"dateModified\":\"2014-10-22T18:18:13+00:00\",\"breadcrumb\":{\"@id\":\"https:\/\/plasticor.com\/fr\/services-360\/moulage-injection\/#breadcrumb\"},\"inLanguage\":\"fr-FR\",\"potentialAction\":[{\"@type\":\"ReadAction\",\"target\":[\"https:\/\/plasticor.com\/fr\/services-360\/moulage-injection\/\"]}]},{\"@type\":\"BreadcrumbList\",\"@id\":\"https:\/\/plasticor.com\/fr\/services-360\/moulage-injection\/#breadcrumb\",\"itemListElement\":[{\"@type\":\"ListItem\",\"position\":1,\"name\":\"Home\",\"item\":\"https:\/\/plasticor.com\/fr\/\"},{\"@type\":\"ListItem\",\"position\":2,\"name\":\"Services 360\u00b0\",\"item\":\"https:\/\/plasticor.com\/fr\/services-360\/\"},{\"@type\":\"ListItem\",\"position\":3,\"name\":\"Moulage par injection\"}]},{\"@type\":\"WebSite\",\"@id\":\"https:\/\/plasticor.com\/#website\",\"url\":\"https:\/\/plasticor.com\/\",\"name\":\"Plasticor\",\"description\":\"\",\"potentialAction\":[{\"@type\":\"SearchAction\",\"target\":{\"@type\":\"EntryPoint\",\"urlTemplate\":\"https:\/\/plasticor.com\/?s={search_term_string}\"},\"query-input\":{\"@type\":\"PropertyValueSpecification\",\"valueRequired\":true,\"valueName\":\"search_term_string\"}}],\"inLanguage\":\"fr-FR\"}]}<\/script>\n<!-- \/ Yoast SEO plugin. -->","yoast_head_json":{"title":"Moulage par injection - Plasticor","robots":{"index":"index","follow":"follow","max-snippet":"max-snippet:-1","max-image-preview":"max-image-preview:large","max-video-preview":"max-video-preview:-1"},"canonical":"https:\/\/plasticor.com\/fr\/services-360\/moulage-injection\/","og_locale":"fr_FR","og_type":"article","og_title":"Moulage par injection - Plasticor","og_description":"Moulage par injection    Plasticor utilise de l\u2019\u00e9quipement \u00e0 la fine pointe de la technologie pour produire une grande vari\u00e9t\u00e9 de pi\u00e8ces de plastique sur mesure.         ...","og_url":"https:\/\/plasticor.com\/fr\/services-360\/moulage-injection\/","og_site_name":"Plasticor","article_modified_time":"2014-10-22T18:18:13+00:00","twitter_misc":{"Dur\u00e9e de lecture estim\u00e9e":"4 minutes"},"schema":{"@context":"https:\/\/schema.org","@graph":[{"@type":"WebPage","@id":"https:\/\/plasticor.com\/fr\/services-360\/moulage-injection\/","url":"https:\/\/plasticor.com\/fr\/services-360\/moulage-injection\/","name":"Moulage par injection - Plasticor","isPartOf":{"@id":"https:\/\/plasticor.com\/#website"},"datePublished":"2014-06-21T00:33:16+00:00","dateModified":"2014-10-22T18:18:13+00:00","breadcrumb":{"@id":"https:\/\/plasticor.com\/fr\/services-360\/moulage-injection\/#breadcrumb"},"inLanguage":"fr-FR","potentialAction":[{"@type":"ReadAction","target":["https:\/\/plasticor.com\/fr\/services-360\/moulage-injection\/"]}]},{"@type":"BreadcrumbList","@id":"https:\/\/plasticor.com\/fr\/services-360\/moulage-injection\/#breadcrumb","itemListElement":[{"@type":"ListItem","position":1,"name":"Home","item":"https:\/\/plasticor.com\/fr\/"},{"@type":"ListItem","position":2,"name":"Services 360\u00b0","item":"https:\/\/plasticor.com\/fr\/services-360\/"},{"@type":"ListItem","position":3,"name":"Moulage par injection"}]},{"@type":"WebSite","@id":"https:\/\/plasticor.com\/#website","url":"https:\/\/plasticor.com\/","name":"Plasticor","description":"","potentialAction":[{"@type":"SearchAction","target":{"@type":"EntryPoint","urlTemplate":"https:\/\/plasticor.com\/?s={search_term_string}"},"query-input":{"@type":"PropertyValueSpecification","valueRequired":true,"valueName":"search_term_string"}}],"inLanguage":"fr-FR"}]}},"wps_subtitle":"","_links":{"self":[{"href":"https:\/\/plasticor.com\/fr\/wp-json\/wp\/v2\/pages\/356","targetHints":{"allow":["GET"]}}],"collection":[{"href":"https:\/\/plasticor.com\/fr\/wp-json\/wp\/v2\/pages"}],"about":[{"href":"https:\/\/plasticor.com\/fr\/wp-json\/wp\/v2\/types\/page"}],"author":[{"embeddable":true,"href":"https:\/\/plasticor.com\/fr\/wp-json\/wp\/v2\/users\/1"}],"replies":[{"embeddable":true,"href":"https:\/\/plasticor.com\/fr\/wp-json\/wp\/v2\/comments?post=356"}],"version-history":[{"count":0,"href":"https:\/\/plasticor.com\/fr\/wp-json\/wp\/v2\/pages\/356\/revisions"}],"up":[{"embeddable":true,"href":"https:\/\/plasticor.com\/fr\/wp-json\/wp\/v2\/pages\/307"}],"wp:attachment":[{"href":"https:\/\/plasticor.com\/fr\/wp-json\/wp\/v2\/media?parent=356"}],"curies":[{"name":"wp","href":"https:\/\/api.w.org\/{rel}","templated":true}]}}