{"id":359,"date":"2014-06-20T20:35:44","date_gmt":"2014-06-21T00:35:44","guid":{"rendered":"http:\/\/plasticor.com\/?page_id=359"},"modified":"2014-10-22T14:18:33","modified_gmt":"2014-10-22T18:18:33","slug":"decoration-impression","status":"publish","type":"page","link":"https:\/\/plasticor.com\/fr\/services-360\/decoration-impression\/","title":{"rendered":"D\u00e9coration et impression"},"content":{"rendered":"<p><div class=\"et_pb_section et_pb_fullwidth_section et_section_regular\">\n\t\t\t\n\t\t\t\n\t\t\t\t\n\t\t\t\t<div id=\"childpage-slider\" class=\"et_pb_slider et_slider_auto et_slider_speed_70000 homepage-fullwidth-slider\">\n\t\t\t<div class=\"et_pb_slides\">\n\t\t\t\t<div class=\"et_pb_slide et_pb_bg_layout_light\" style='background-color:#f0f0f5;background-image:url(http:\/\/plasticor.com\/wp-content\/uploads\/2014\/06\/service360.jpg);'>\n\t\t\t\n\t\t\t<div class=\"et_pb_container clearfix\">\n\t\t\t\t\n\t\t\t\t<div class=\"et_pb_slide_description\">\n\t\t\t\t\t<h1>D\u00e9coration et impression<\/h1>\n\t\t\t\t\t<div class=\"et_pb_slide_content\">\n<p>Afin de mieux servir ses clients, Plasticor a su d\u00e9velopper plusieurs services \u00e0 valeur ajout\u00e9e, ce qui lui permet d\u2019\u00eatre pour ses clients un v\u00e9ritable guichet unique.<\/p>\n<\/div>\n\t\t\t\t\t\n\t\t\t\t<\/div> <!-- .et_pb_slide_description -->\n\t\t\t<\/div> <!-- .et_pb_container -->\n\t\t\t\n\t\t<\/div> <!-- .et_pb_slide -->\n\t\t\n\t\t\t<\/div> <!-- .et_pb_slides -->\n\t\t<\/div> <!-- .et_pb_slider -->\n\t\t\n\t\t\t\n\t\t<\/div> <!-- .et_pb_section --><div id=\"bread-media\" class=\"et_pb_section et_section_regular\" style='background-color:#ffffff;'>\n\t\t\t\n\t\t\t\n\t\t\t\t\n\t\t\t\t<div class=\"et_pb_row\">\n\t\t\t<div class=\"et_pb_column et_pb_column_1_2\">\n\t\t\t<div class=\"et_pb_text et_pb_bg_layout_light et_pb_text_align_left\">\n\t\t\t<p id=\"breadcrumbs\"><span><span><a href=\"https:\/\/plasticor.com\/fr\/\">Home<\/a><\/span><\/span><\/p>\n\t\t<\/div> <!-- .et_pb_text -->\n\t\t<\/div> <!-- .et_pb_column --><div class=\"et_pb_column et_pb_column_1_2\">\n\t\t\t<div class=\"et_pb_text et_pb_bg_layout_light et_pb_text_align_left share_this\">\n\t\t\t\n<p style=\"text-align: right;\"><!--span class=\"st_sharethis\"><\/span-->\n\t\t\t<span class=\"st_facebook\"><\/span>\n\t\t\t<span class=\"st_twitter\"><\/span>\n\t\t\t<span class=\"st_linkedin\"><\/span>\n\t\t\t<span class=\"st_googleplus\"><\/span>\n\t\t\t<span class=\"st_pinterest\"><\/span>\n\t\t\t<span class=\"st_tumblr\"><\/span>\n\t\t<\/div> <!-- .et_pb_text -->\n\t\t<\/div> <!-- .et_pb_column -->\n\t\t<\/div> <!-- .et_pb_row -->\n\t\t\t\n\t\t<\/div> <!-- .et_pb_section --><div class=\"et_pb_section et_section_regular\">\n\t\t\t\n\t\t\t\n\t\t\t\t\n\t\t\t\t<div class=\"et_pb_row\">\n\t\t\t<div class=\"et_pb_column et_pb_column_1_2\">\n\t\t\t<img decoding=\"async\" src=\"http:\/\/plasticor.com\/wp-content\/uploads\/2014\/06\/products-knobs-2_480x255.jpg\" alt=\"\" class=\"et-waypoint et_pb_image et_pb_animation_off\" \/>\n\t\t<\/div> <!-- .et_pb_column --><div class=\"et_pb_column et_pb_column_1_2\">\n\t\t\t<div class=\"et_pb_text et_pb_bg_layout_light et_pb_text_align_left\">\n\t\t\t\n<h3>Offre de services \u00e0 valeur ajout\u00e9e<\/h3>\n<h4>Un seul fournisseur<\/h4>\n<p>Nous avons mis sur pied un service de d\u00e9coration pour offrir \u00e0 nos clients des solutions de d\u00e9coration capables de r\u00e9pondre \u00e0 leurs moindres exigences. Cr\u00e9\u00e9 il y a plus de 25 ans, notre service de d\u00e9coration et d\u2019impression permet \u00e0 nos clients de r\u00e9duire le nombre d\u2019\u00e9tapes de leur cha\u00eene d\u2019approvisionnement. Sans expertise pr\u00e9alable, et gr\u00e2ce \u00e0 notre travail acharn\u00e9 et \u00e0 notre esprit entrepreneurial, nous avons rapidement d\u00e9velopp\u00e9 un nouveau savoir-faire qui est devenu un atout important dans notre offre de services \u00e0 valeur ajout\u00e9e. Avec Plasticor, vous n\u2019avez plus besoin de chercher un autre fournisseur pour vos besoins en d\u00e9coration : nous avons \u00e0 l\u2019interne tout ce qu\u2019il faut !<\/p>\n\n\t\t<\/div> <!-- .et_pb_text -->\n\t\t<\/div> <!-- .et_pb_column -->\n\t\t<\/div> <!-- .et_pb_row --><div class=\"et_pb_row\">\n\t\t\t<div class=\"et_pb_column et_pb_column_4_4\">\n\t\t\t<hr class=\"et_pb_space et_pb_divider\" style='border-color: #ffffff;' \/>\n\t\t<\/div> <!-- .et_pb_column -->\n\t\t<\/div> <!-- .et_pb_row --><div class=\"et_pb_row\">\n\t\t\t<div class=\"et_pb_column et_pb_column_1_3\">\n\t\t\t<div class=\"et_pb_text et_pb_bg_layout_light et_pb_text_align_left\">\n\t\t\t\n<h3>Nos services<\/h3>\n<h4>Le champ d\u2019expertise de Plasticor en d\u00e9coration comprend :<\/h4>\n<ul>\n<li>Tampographie 3-D sur tout mat\u00e9riau moul\u00e9<\/li>\n<li>Impression monochrome ou multicolore<\/li>\n<li>Estampage \u00e0 chaud<\/li>\n<li>Service de peinture et de s\u00e9rigraphie<\/li>\n<li>Vaste gamme d\u2019harmonisation des couleurs\u00a0<\/li>\n<\/ul>\n\n\t\t<\/div> <!-- .et_pb_text -->\n\t\t<\/div> <!-- .et_pb_column --><div class=\"et_pb_column et_pb_column_1_3\">\n\t\t\t<img decoding=\"async\" src=\"http:\/\/plasticor.com\/wp-content\/uploads\/2014\/06\/knob1-std.jpg\" alt=\"\" class=\"et-waypoint et_pb_image et_pb_animation_off\" \/>\n\t\t<\/div> <!-- .et_pb_column --><div class=\"et_pb_column et_pb_column_1_3\">\n\t\t\t<img decoding=\"async\" src=\"http:\/\/plasticor.com\/wp-content\/uploads\/2014\/06\/knobs-std.jpg\" alt=\"\" class=\"et-waypoint et_pb_image et_pb_animation_off\" \/>\n\t\t<\/div> <!-- .et_pb_column -->\n\t\t<\/div> <!-- .et_pb_row --><div class=\"et_pb_row\">\n\t\t\t<div class=\"et_pb_column et_pb_column_4_4\">\n\t\t\t<div class=\"et_pb_testimonial et_pb_testimonial_no_image et_pb_bg_layout_light et_pb_text_align_left clearfix\" style=\"background-color: #f5f5f5;\">\n\t\t\t\n\t\t\t<div class=\"et_pb_testimonial_description\">\n\t\t\t\t\n<p>Vous avez un projet et souhaitez recevoir une soumission ?<br \/><a href='mailto:sales@plasticor.com' class='small-button smallblue' target=\"_blank\">Parlez-nous de vos besoins<\/a>\u00a0<\/p>\n<p>Vous \u00eates un professionnel du secteur et souhaitez travailler avec nous ?<br \/><a href='mailto:contact1@plasticor.com' class='small-button smallblue' target=\"_blank\">Faites partie de nos fournisseurs<\/a>\u00a0<\/p>\n\n\t\t\t\t\n\t\t\t\t\n\t\t\t<\/div> <!-- .et_pb_testimonial_description -->\n\t\t<\/div> <!-- .et_pb_testimonial -->\n\t\t<\/div> <!-- .et_pb_column -->\n\t\t<\/div> <!-- .et_pb_row -->\n\t\t\t\n\t\t<\/div> <!-- .et_pb_section --><\/p>\n","protected":false},"excerpt":{"rendered":"<p>\t\t\t\t\tD\u00e9coration et impression<\/p>\n<p>Afin de mieux servir ses clients, Plasticor a su d\u00e9velopper plusieurs services \u00e0 valeur ajout\u00e9e, ce qui lui permet d\u2019\u00eatre pour ses clients &#8230;<\/p>\n","protected":false},"author":1,"featured_media":0,"parent":307,"menu_order":4,"comment_status":"open","ping_status":"closed","template":"","meta":{"_acf_changed":false,"_monsterinsights_skip_tracking":false,"_monsterinsights_sitenote_active":false,"_monsterinsights_sitenote_note":"","_monsterinsights_sitenote_category":0,"footnotes":""},"class_list":["post-359","page","type-page","status-publish","hentry"],"acf":[],"yoast_head":"<!-- This site is optimized with the Yoast SEO plugin v24.5 - https:\/\/yoast.com\/wordpress\/plugins\/seo\/ -->\n<title>D\u00e9coration et impression - Plasticor<\/title>\n<meta name=\"robots\" content=\"index, follow, max-snippet:-1, max-image-preview:large, max-video-preview:-1\" \/>\n<link rel=\"canonical\" href=\"https:\/\/plasticor.com\/fr\/services-360\/decoration-impression\/\" \/>\n<meta property=\"og:locale\" content=\"fr_FR\" \/>\n<meta property=\"og:type\" content=\"article\" \/>\n<meta property=\"og:title\" content=\"D\u00e9coration et impression - Plasticor\" \/>\n<meta property=\"og:description\" content=\"D\u00e9coration et impression    Afin de mieux servir ses clients, Plasticor a su d\u00e9velopper plusieurs services \u00e0 valeur ajout\u00e9e, ce qui lui permet d\u2019\u00eatre pour ses clients ...\" \/>\n<meta property=\"og:url\" content=\"https:\/\/plasticor.com\/fr\/services-360\/decoration-impression\/\" \/>\n<meta property=\"og:site_name\" content=\"Plasticor\" \/>\n<meta property=\"article:modified_time\" content=\"2014-10-22T18:18:33+00:00\" \/>\n<meta name=\"twitter:label1\" content=\"Dur\u00e9e de lecture estim\u00e9e\" \/>\n\t<meta name=\"twitter:data1\" content=\"3 minutes\" \/>\n<script type=\"application\/ld+json\" class=\"yoast-schema-graph\">{\"@context\":\"https:\/\/schema.org\",\"@graph\":[{\"@type\":\"WebPage\",\"@id\":\"https:\/\/plasticor.com\/fr\/services-360\/decoration-impression\/\",\"url\":\"https:\/\/plasticor.com\/fr\/services-360\/decoration-impression\/\",\"name\":\"D\u00e9coration et impression - Plasticor\",\"isPartOf\":{\"@id\":\"https:\/\/plasticor.com\/#website\"},\"datePublished\":\"2014-06-21T00:35:44+00:00\",\"dateModified\":\"2014-10-22T18:18:33+00:00\",\"breadcrumb\":{\"@id\":\"https:\/\/plasticor.com\/fr\/services-360\/decoration-impression\/#breadcrumb\"},\"inLanguage\":\"fr-FR\",\"potentialAction\":[{\"@type\":\"ReadAction\",\"target\":[\"https:\/\/plasticor.com\/fr\/services-360\/decoration-impression\/\"]}]},{\"@type\":\"BreadcrumbList\",\"@id\":\"https:\/\/plasticor.com\/fr\/services-360\/decoration-impression\/#breadcrumb\",\"itemListElement\":[{\"@type\":\"ListItem\",\"position\":1,\"name\":\"Home\",\"item\":\"https:\/\/plasticor.com\/fr\/\"},{\"@type\":\"ListItem\",\"position\":2,\"name\":\"Services 360\u00b0\",\"item\":\"https:\/\/plasticor.com\/fr\/services-360\/\"},{\"@type\":\"ListItem\",\"position\":3,\"name\":\"D\u00e9coration et impression\"}]},{\"@type\":\"WebSite\",\"@id\":\"https:\/\/plasticor.com\/#website\",\"url\":\"https:\/\/plasticor.com\/\",\"name\":\"Plasticor\",\"description\":\"\",\"potentialAction\":[{\"@type\":\"SearchAction\",\"target\":{\"@type\":\"EntryPoint\",\"urlTemplate\":\"https:\/\/plasticor.com\/?s={search_term_string}\"},\"query-input\":{\"@type\":\"PropertyValueSpecification\",\"valueRequired\":true,\"valueName\":\"search_term_string\"}}],\"inLanguage\":\"fr-FR\"}]}<\/script>\n<!-- \/ Yoast SEO plugin. -->","yoast_head_json":{"title":"D\u00e9coration et impression - Plasticor","robots":{"index":"index","follow":"follow","max-snippet":"max-snippet:-1","max-image-preview":"max-image-preview:large","max-video-preview":"max-video-preview:-1"},"canonical":"https:\/\/plasticor.com\/fr\/services-360\/decoration-impression\/","og_locale":"fr_FR","og_type":"article","og_title":"D\u00e9coration et impression - Plasticor","og_description":"D\u00e9coration et impression    Afin de mieux servir ses clients, Plasticor a su d\u00e9velopper plusieurs services \u00e0 valeur ajout\u00e9e, ce qui lui permet d\u2019\u00eatre pour ses clients ...","og_url":"https:\/\/plasticor.com\/fr\/services-360\/decoration-impression\/","og_site_name":"Plasticor","article_modified_time":"2014-10-22T18:18:33+00:00","twitter_misc":{"Dur\u00e9e de lecture estim\u00e9e":"3 minutes"},"schema":{"@context":"https:\/\/schema.org","@graph":[{"@type":"WebPage","@id":"https:\/\/plasticor.com\/fr\/services-360\/decoration-impression\/","url":"https:\/\/plasticor.com\/fr\/services-360\/decoration-impression\/","name":"D\u00e9coration et impression - Plasticor","isPartOf":{"@id":"https:\/\/plasticor.com\/#website"},"datePublished":"2014-06-21T00:35:44+00:00","dateModified":"2014-10-22T18:18:33+00:00","breadcrumb":{"@id":"https:\/\/plasticor.com\/fr\/services-360\/decoration-impression\/#breadcrumb"},"inLanguage":"fr-FR","potentialAction":[{"@type":"ReadAction","target":["https:\/\/plasticor.com\/fr\/services-360\/decoration-impression\/"]}]},{"@type":"BreadcrumbList","@id":"https:\/\/plasticor.com\/fr\/services-360\/decoration-impression\/#breadcrumb","itemListElement":[{"@type":"ListItem","position":1,"name":"Home","item":"https:\/\/plasticor.com\/fr\/"},{"@type":"ListItem","position":2,"name":"Services 360\u00b0","item":"https:\/\/plasticor.com\/fr\/services-360\/"},{"@type":"ListItem","position":3,"name":"D\u00e9coration et impression"}]},{"@type":"WebSite","@id":"https:\/\/plasticor.com\/#website","url":"https:\/\/plasticor.com\/","name":"Plasticor","description":"","potentialAction":[{"@type":"SearchAction","target":{"@type":"EntryPoint","urlTemplate":"https:\/\/plasticor.com\/?s={search_term_string}"},"query-input":{"@type":"PropertyValueSpecification","valueRequired":true,"valueName":"search_term_string"}}],"inLanguage":"fr-FR"}]}},"wps_subtitle":"","_links":{"self":[{"href":"https:\/\/plasticor.com\/fr\/wp-json\/wp\/v2\/pages\/359","targetHints":{"allow":["GET"]}}],"collection":[{"href":"https:\/\/plasticor.com\/fr\/wp-json\/wp\/v2\/pages"}],"about":[{"href":"https:\/\/plasticor.com\/fr\/wp-json\/wp\/v2\/types\/page"}],"author":[{"embeddable":true,"href":"https:\/\/plasticor.com\/fr\/wp-json\/wp\/v2\/users\/1"}],"replies":[{"embeddable":true,"href":"https:\/\/plasticor.com\/fr\/wp-json\/wp\/v2\/comments?post=359"}],"version-history":[{"count":0,"href":"https:\/\/plasticor.com\/fr\/wp-json\/wp\/v2\/pages\/359\/revisions"}],"up":[{"embeddable":true,"href":"https:\/\/plasticor.com\/fr\/wp-json\/wp\/v2\/pages\/307"}],"wp:attachment":[{"href":"https:\/\/plasticor.com\/fr\/wp-json\/wp\/v2\/media?parent=359"}],"curies":[{"name":"wp","href":"https:\/\/api.w.org\/{rel}","templated":true}]}}