{"id":363,"date":"2014-06-20T20:36:09","date_gmt":"2014-06-21T00:36:09","guid":{"rendered":"http:\/\/plasticor.com\/?page_id=363"},"modified":"2014-10-23T14:03:49","modified_gmt":"2014-10-23T18:03:49","slug":"assemblage-et-emballage","status":"publish","type":"page","link":"https:\/\/plasticor.com\/fr\/services-360\/assemblage-et-emballage\/","title":{"rendered":"Assemblage et emballage"},"content":{"rendered":"<p><div class=\"et_pb_section et_pb_fullwidth_section et_section_regular\">\n\t\t\t\n\t\t\t\n\t\t\t\t\n\t\t\t\t<div id=\"childpage-slider\" class=\"et_pb_slider et_slider_auto et_slider_speed_70000 homepage-fullwidth-slider\">\n\t\t\t<div class=\"et_pb_slides\">\n\t\t\t\t<div class=\"et_pb_slide et_pb_bg_layout_light\" style='background-color:#f0f0f5;background-image:url(http:\/\/plasticor.com\/wp-content\/uploads\/2014\/06\/service360.jpg);'>\n\t\t\t\n\t\t\t<div class=\"et_pb_container clearfix\">\n\t\t\t\t\n\t\t\t\t<div class=\"et_pb_slide_description\">\n\t\t\t\t\t<h1>Assemblage et emballage<\/h1>\n\t\t\t\t\t<div class=\"et_pb_slide_content\">\n<p>Plasticor est fi\u00e8re de fournir \u00e0 ses clients de nouveaux services \u00e0 valeur ajout\u00e9e.<\/p>\n<\/div>\n\t\t\t\t\t\n\t\t\t\t<\/div> <!-- .et_pb_slide_description -->\n\t\t\t<\/div> <!-- .et_pb_container -->\n\t\t\t\n\t\t<\/div> <!-- .et_pb_slide -->\n\t\t\n\t\t\t<\/div> <!-- .et_pb_slides -->\n\t\t<\/div> <!-- .et_pb_slider -->\n\t\t\n\t\t\t\n\t\t<\/div> <!-- .et_pb_section --><div id=\"bread-media\" class=\"et_pb_section et_section_regular\" style='background-color:#ffffff;'>\n\t\t\t\n\t\t\t\n\t\t\t\t\n\t\t\t\t<div class=\"et_pb_row\">\n\t\t\t<div class=\"et_pb_column et_pb_column_1_2\">\n\t\t\t<div class=\"et_pb_text et_pb_bg_layout_light et_pb_text_align_left\">\n\t\t\t<p id=\"breadcrumbs\"><span><span><a href=\"https:\/\/plasticor.com\/fr\/\">Home<\/a><\/span><\/span><\/p>\n\t\t<\/div> <!-- .et_pb_text -->\n\t\t<\/div> <!-- .et_pb_column --><div class=\"et_pb_column et_pb_column_1_2\">\n\t\t\t<div class=\"et_pb_text et_pb_bg_layout_light et_pb_text_align_left share_this\">\n\t\t\t\n<p style=\"text-align: right;\"><!--span class=\"st_sharethis\"><\/span-->\n\t\t\t<span class=\"st_facebook\"><\/span>\n\t\t\t<span class=\"st_twitter\"><\/span>\n\t\t\t<span class=\"st_linkedin\"><\/span>\n\t\t\t<span class=\"st_googleplus\"><\/span>\n\t\t\t<span class=\"st_pinterest\"><\/span>\n\t\t\t<span class=\"st_tumblr\"><\/span>\n\t\t<\/div> <!-- .et_pb_text -->\n\t\t<\/div> <!-- .et_pb_column -->\n\t\t<\/div> <!-- .et_pb_row -->\n\t\t\t\n\t\t<\/div> <!-- .et_pb_section --><div class=\"et_pb_section et_section_regular\">\n\t\t\t\n\t\t\t\n\t\t\t\t\n\t\t\t\t<div class=\"et_pb_row\">\n\t\t\t<div class=\"et_pb_column et_pb_column_1_2\">\n\t\t\t<img decoding=\"async\" src=\"http:\/\/plasticor.com\/wp-content\/uploads\/2014\/06\/products-480x255.jpg\" alt=\"\" class=\"et-waypoint et_pb_image et_pb_animation_off\" \/>\n\t\t<\/div> <!-- .et_pb_column --><div class=\"et_pb_column et_pb_column_1_2\">\n\t\t\t<div class=\"et_pb_text et_pb_bg_layout_light et_pb_text_align_left\">\n\t\t\t\n<h3>Solutions d\u2019assemblage et finition<\/h3>\n<h4>Tous les services sous le m\u00eame toit<\/h4>\n<p>En tant que\u00a0partenaire strat\u00e9gique de ses clients, Plasticor se consacre activement \u00e0 trouver des fa\u00e7ons d\u2019all\u00e9ger leur t\u00e2che. Ainsi, en plus de leur fournir des pi\u00e8ces moul\u00e9es par injection, nous leur offrons des solutions d\u2019assemblage afin qu\u2019ils puissent se consacrer enti\u00e8rement \u00e0 leur mission premi\u00e8re de manufacturier, et nous leur offrons tout le soutien requis pour n\u2019importe quel type d\u2019assemblage.<\/p>\n<p style=\"text-align: right;\">\n\t\t<\/div> <!-- .et_pb_text -->\n\t\t<\/div> <!-- .et_pb_column -->\n\t\t<\/div> <!-- .et_pb_row --><div class=\"et_pb_row\">\n\t\t\t<div class=\"et_pb_column et_pb_column_4_4\">\n\t\t\t<hr class=\"et_pb_space et_pb_divider\" style='border-color: #ffffff;' \/>\n\t\t<\/div> <!-- .et_pb_column -->\n\t\t<\/div> <!-- .et_pb_row --><div class=\"et_pb_row\">\n\t\t\t<div class=\"et_pb_column et_pb_column_1_2\">\n\t\t\t<div class=\"et_pb_text et_pb_bg_layout_light et_pb_text_align_left\">\n\t\t\t\n<h3>Partenaire de votre cha\u00eene logistique<\/h3>\n<p>Notre service d\u2019assemblage dispose de plus de 20 ans d\u2019exp\u00e9rience dans la finition, en assurant un respect total des normes graphiques et esth\u00e9tiques les plus strictes pour les assemblages m\u00eame les plus complexes. Notre expertise en ce domaine nous permet non seulement de remplir des mandats d\u2019assemblage, mais \u00e9galement de collaborer avec plusieurs fournisseurs et partenaires sp\u00e9cialis\u00e9s. Plasticor est un sp\u00e9cialiste reconnu de la gestion et de la r\u00e9duction de cha\u00eenes d\u2019approvisionnement multiniveaux,\u00a0r\u00e9duisant le temps de production et les risques afin que nos clients puissent se concentrer sur leurs objectifs op\u00e9rationnels et leurs objectifs de vente et consacrent moins de temps \u00e0 g\u00e9rer leurs fournisseurs.<\/p>\n<p style=\"text-align: right;\">\n\t\t<\/div> <!-- .et_pb_text -->\n\t\t<\/div> <!-- .et_pb_column --><div class=\"et_pb_column et_pb_column_1_2\">\n\t\t\t<img decoding=\"async\" src=\"http:\/\/plasticor.com\/wp-content\/uploads\/2014\/06\/RBP5501_retouche.jpg\" alt=\"\" class=\"et-waypoint et_pb_image et_pb_animation_off with-auto\" \/>\n\t\t<\/div> <!-- .et_pb_column -->\n\t\t<\/div> <!-- .et_pb_row --><div class=\"et_pb_row\">\n\t\t\t<div class=\"et_pb_column et_pb_column_4_4\">\n\t\t\t<hr class=\"et_pb_space et_pb_divider\" style='border-color: #ffffff;' \/>\n\t\t<\/div> <!-- .et_pb_column -->\n\t\t<\/div> <!-- .et_pb_row --><div class=\"et_pb_row\">\n\t\t\t<div class=\"et_pb_column et_pb_column_1_2\">\n\t\t\t<img decoding=\"async\" src=\"http:\/\/plasticor.com\/wp-content\/uploads\/2014\/06\/RBP5541-480x255.jpg\" alt=\"\" class=\"et-waypoint et_pb_image et_pb_animation_off\" \/>\n\t\t<\/div> <!-- .et_pb_column --><div class=\"et_pb_column et_pb_column_1_2\">\n\t\t\t<div class=\"et_pb_text et_pb_bg_layout_light et_pb_text_align_left\">\n\t\t\t\n<h3>Nos services<\/h3>\n<h4>Plasticor est en mesure d\u2019assembler et d\u2019emballer vos produits selon vos sp\u00e9cifications<\/h4>\n<ul>\n<li>Gestion de projet cl\u00e9 en main<\/li>\n<li>Assemblage par ultrasons, assemblage m\u00e9canique des pi\u00e8ces de plastique<\/li>\n<li>Incrustations d\u2019aluminium, boutons, cadrans, assemblage de bordures<\/li>\n<li>Plastique, m\u00e9tal, cuivre\/laiton, \u00e9lectrom\u00e9canique et int\u00e9gration de tout produit<\/li>\n<li>Gla\u00e7age et galvanoplastie<\/li>\n<li>Emballage sp\u00e9cial selon les exigences du produit<\/li>\n<li>Construction des sous-assembl\u00e9es et assemblage final<\/li>\n<li>Emballage d\u00e9finitif des produits finis, exp\u00e9di\u00e9s de notre porte \u00e0 votre porte<\/li>\n<li>Soudure et incrustation par ultrason<\/li>\n<li>Tri et inspection<\/li>\n<li>Contrat d\u2019assemblage<\/li>\n<li>Peinture et rev\u00eatement transparent<\/li>\n<li>Assemblage thermique<\/li>\n<\/ul>\n<p style=\"text-align: right;\">\n\t\t<\/div> <!-- .et_pb_text -->\n\t\t<\/div> <!-- .et_pb_column -->\n\t\t<\/div> <!-- .et_pb_row --><div class=\"et_pb_row\">\n\t\t\t<div class=\"et_pb_column et_pb_column_4_4\">\n\t\t\t<div class=\"et_pb_testimonial et_pb_testimonial_no_image et_pb_bg_layout_light et_pb_text_align_left clearfix\" style=\"background-color: #f5f5f5;\">\n\t\t\t\n\t\t\t<div class=\"et_pb_testimonial_description\">\n\t\t\t\t\n<p>Vous avez un projet et souhaitez recevoir une soumission ?<br \/><a href='mailto:sales@plasticor.com' class='small-button smallblue' target=\"_blank\">Parlez-nous de vos besoins<\/a>\u00a0<\/p>\n<p>Vous \u00eates un professionnel du secteur et souhaitez travailler avec nous ?<br \/><a href='mailto:contact1@plasticor.com' class='small-button smallblue' target=\"_blank\">Faites partie de nos fournisseurs<\/a> \n\t\t\t\t\n\t\t\t\t\n\t\t\t<\/div> <!-- .et_pb_testimonial_description -->\n\t\t<\/div> <!-- .et_pb_testimonial -->\n\t\t<\/div> <!-- .et_pb_column -->\n\t\t<\/div> <!-- .et_pb_row -->\n\t\t\t\n\t\t<\/div> <!-- .et_pb_section --><\/p>\n","protected":false},"excerpt":{"rendered":"<p>\t\t\t\t\tAssemblage et emballage<\/p>\n<p>Plasticor est fi\u00e8re de fournir \u00e0 ses clients de nouveaux services \u00e0 valeur ajout\u00e9e.<\/p>\n<p>\t\t\tHome<\/p>\n<p>\t\t &#8230;<\/p>\n","protected":false},"author":1,"featured_media":0,"parent":307,"menu_order":5,"comment_status":"open","ping_status":"closed","template":"","meta":{"_acf_changed":false,"_monsterinsights_skip_tracking":false,"_monsterinsights_sitenote_active":false,"_monsterinsights_sitenote_note":"","_monsterinsights_sitenote_category":0,"footnotes":""},"class_list":["post-363","page","type-page","status-publish","hentry"],"acf":[],"yoast_head":"<!-- This site is optimized with the Yoast SEO plugin v24.5 - https:\/\/yoast.com\/wordpress\/plugins\/seo\/ -->\n<title>Assemblage et emballage - Plasticor<\/title>\n<meta name=\"robots\" content=\"index, follow, max-snippet:-1, max-image-preview:large, max-video-preview:-1\" \/>\n<link rel=\"canonical\" href=\"https:\/\/plasticor.com\/fr\/services-360\/assemblage-et-emballage\/\" \/>\n<meta property=\"og:locale\" content=\"fr_FR\" \/>\n<meta property=\"og:type\" content=\"article\" \/>\n<meta property=\"og:title\" content=\"Assemblage et emballage - Plasticor\" \/>\n<meta property=\"og:description\" content=\"Assemblage et emballage    Plasticor est fi\u00e8re de fournir \u00e0 ses clients de nouveaux services \u00e0 valeur ajout\u00e9e.                                        Home                         ...\" \/>\n<meta property=\"og:url\" content=\"https:\/\/plasticor.com\/fr\/services-360\/assemblage-et-emballage\/\" \/>\n<meta property=\"og:site_name\" content=\"Plasticor\" \/>\n<meta property=\"article:modified_time\" content=\"2014-10-23T18:03:49+00:00\" \/>\n<meta name=\"twitter:label1\" content=\"Dur\u00e9e de lecture estim\u00e9e\" \/>\n\t<meta name=\"twitter:data1\" content=\"4 minutes\" \/>\n<script type=\"application\/ld+json\" class=\"yoast-schema-graph\">{\"@context\":\"https:\/\/schema.org\",\"@graph\":[{\"@type\":\"WebPage\",\"@id\":\"https:\/\/plasticor.com\/fr\/services-360\/assemblage-et-emballage\/\",\"url\":\"https:\/\/plasticor.com\/fr\/services-360\/assemblage-et-emballage\/\",\"name\":\"Assemblage et emballage - Plasticor\",\"isPartOf\":{\"@id\":\"https:\/\/plasticor.com\/#website\"},\"datePublished\":\"2014-06-21T00:36:09+00:00\",\"dateModified\":\"2014-10-23T18:03:49+00:00\",\"breadcrumb\":{\"@id\":\"https:\/\/plasticor.com\/fr\/services-360\/assemblage-et-emballage\/#breadcrumb\"},\"inLanguage\":\"fr-FR\",\"potentialAction\":[{\"@type\":\"ReadAction\",\"target\":[\"https:\/\/plasticor.com\/fr\/services-360\/assemblage-et-emballage\/\"]}]},{\"@type\":\"BreadcrumbList\",\"@id\":\"https:\/\/plasticor.com\/fr\/services-360\/assemblage-et-emballage\/#breadcrumb\",\"itemListElement\":[{\"@type\":\"ListItem\",\"position\":1,\"name\":\"Home\",\"item\":\"https:\/\/plasticor.com\/fr\/\"},{\"@type\":\"ListItem\",\"position\":2,\"name\":\"Services 360\u00b0\",\"item\":\"https:\/\/plasticor.com\/fr\/services-360\/\"},{\"@type\":\"ListItem\",\"position\":3,\"name\":\"Assemblage et emballage\"}]},{\"@type\":\"WebSite\",\"@id\":\"https:\/\/plasticor.com\/#website\",\"url\":\"https:\/\/plasticor.com\/\",\"name\":\"Plasticor\",\"description\":\"\",\"potentialAction\":[{\"@type\":\"SearchAction\",\"target\":{\"@type\":\"EntryPoint\",\"urlTemplate\":\"https:\/\/plasticor.com\/?s={search_term_string}\"},\"query-input\":{\"@type\":\"PropertyValueSpecification\",\"valueRequired\":true,\"valueName\":\"search_term_string\"}}],\"inLanguage\":\"fr-FR\"}]}<\/script>\n<!-- \/ Yoast SEO plugin. -->","yoast_head_json":{"title":"Assemblage et emballage - Plasticor","robots":{"index":"index","follow":"follow","max-snippet":"max-snippet:-1","max-image-preview":"max-image-preview:large","max-video-preview":"max-video-preview:-1"},"canonical":"https:\/\/plasticor.com\/fr\/services-360\/assemblage-et-emballage\/","og_locale":"fr_FR","og_type":"article","og_title":"Assemblage et emballage - Plasticor","og_description":"Assemblage et emballage    Plasticor est fi\u00e8re de fournir \u00e0 ses clients de nouveaux services \u00e0 valeur ajout\u00e9e.                                        Home                         ...","og_url":"https:\/\/plasticor.com\/fr\/services-360\/assemblage-et-emballage\/","og_site_name":"Plasticor","article_modified_time":"2014-10-23T18:03:49+00:00","twitter_misc":{"Dur\u00e9e de lecture estim\u00e9e":"4 minutes"},"schema":{"@context":"https:\/\/schema.org","@graph":[{"@type":"WebPage","@id":"https:\/\/plasticor.com\/fr\/services-360\/assemblage-et-emballage\/","url":"https:\/\/plasticor.com\/fr\/services-360\/assemblage-et-emballage\/","name":"Assemblage et emballage - Plasticor","isPartOf":{"@id":"https:\/\/plasticor.com\/#website"},"datePublished":"2014-06-21T00:36:09+00:00","dateModified":"2014-10-23T18:03:49+00:00","breadcrumb":{"@id":"https:\/\/plasticor.com\/fr\/services-360\/assemblage-et-emballage\/#breadcrumb"},"inLanguage":"fr-FR","potentialAction":[{"@type":"ReadAction","target":["https:\/\/plasticor.com\/fr\/services-360\/assemblage-et-emballage\/"]}]},{"@type":"BreadcrumbList","@id":"https:\/\/plasticor.com\/fr\/services-360\/assemblage-et-emballage\/#breadcrumb","itemListElement":[{"@type":"ListItem","position":1,"name":"Home","item":"https:\/\/plasticor.com\/fr\/"},{"@type":"ListItem","position":2,"name":"Services 360\u00b0","item":"https:\/\/plasticor.com\/fr\/services-360\/"},{"@type":"ListItem","position":3,"name":"Assemblage et emballage"}]},{"@type":"WebSite","@id":"https:\/\/plasticor.com\/#website","url":"https:\/\/plasticor.com\/","name":"Plasticor","description":"","potentialAction":[{"@type":"SearchAction","target":{"@type":"EntryPoint","urlTemplate":"https:\/\/plasticor.com\/?s={search_term_string}"},"query-input":{"@type":"PropertyValueSpecification","valueRequired":true,"valueName":"search_term_string"}}],"inLanguage":"fr-FR"}]}},"wps_subtitle":"","_links":{"self":[{"href":"https:\/\/plasticor.com\/fr\/wp-json\/wp\/v2\/pages\/363","targetHints":{"allow":["GET"]}}],"collection":[{"href":"https:\/\/plasticor.com\/fr\/wp-json\/wp\/v2\/pages"}],"about":[{"href":"https:\/\/plasticor.com\/fr\/wp-json\/wp\/v2\/types\/page"}],"author":[{"embeddable":true,"href":"https:\/\/plasticor.com\/fr\/wp-json\/wp\/v2\/users\/1"}],"replies":[{"embeddable":true,"href":"https:\/\/plasticor.com\/fr\/wp-json\/wp\/v2\/comments?post=363"}],"version-history":[{"count":1,"href":"https:\/\/plasticor.com\/fr\/wp-json\/wp\/v2\/pages\/363\/revisions"}],"predecessor-version":[{"id":365,"href":"https:\/\/plasticor.com\/fr\/wp-json\/wp\/v2\/pages\/363\/revisions\/365"}],"up":[{"embeddable":true,"href":"https:\/\/plasticor.com\/fr\/wp-json\/wp\/v2\/pages\/307"}],"wp:attachment":[{"href":"https:\/\/plasticor.com\/fr\/wp-json\/wp\/v2\/media?parent=363"}],"curies":[{"name":"wp","href":"https:\/\/api.w.org\/{rel}","templated":true}]}}