{"id":366,"date":"2014-06-20T20:42:31","date_gmt":"2014-06-21T00:42:31","guid":{"rendered":"http:\/\/plasticor.com\/?page_id=366"},"modified":"2014-10-23T14:29:03","modified_gmt":"2014-10-23T18:29:03","slug":"produits","status":"publish","type":"page","link":"https:\/\/plasticor.com\/fr\/produits\/","title":{"rendered":"Produits"},"content":{"rendered":"<p><div class=\"et_pb_section et_pb_fullwidth_section et_section_regular\">\n\t\t\t\n\t\t\t\n\t\t\t\t\n\t\t\t\t<div id=\"homepage-slider\" class=\"et_pb_slider et_slider_auto et_slider_speed_70000 homepage-fullwidth-slider\">\n\t\t\t<div class=\"et_pb_slides\">\n\t\t\t\t<div class=\"et_pb_slide et_pb_bg_layout_light\" style='background-color:#f0f0f5;background-image:url(http:\/\/plasticor.com\/wp-content\/uploads\/2014\/10\/bandeau-produit.jpg);'>\n\t\t\t\n\t\t\t<div class=\"et_pb_container clearfix\">\n\t\t\t\t\n\t\t\t\t<div class=\"et_pb_slide_description\">\n\t\t\t\t\t<h1>Produits<\/h1>\n\t\t\t\t\t<div class=\"et_pb_slide_content\">\n<h3>Fournisseurs de moules sur mesure et moulage par injection de pr\u00e9cision depuis 1984<\/h3>\n<p>Depuis 30 ans, nous cr\u00e9ons des produits vari\u00e9s pour des clients provenant de toutes les industries. Nous avons les connaissances et l&rsquo;expertise pour vous offrir les services \u00e0 valeur ajout\u00e9e dont votre entreprise a besoin pour se d\u00e9velopper. Du moulage \u00e0 la d\u00e9coration, de l\u2019assemblage \u00e0 l\u2019emballage, Plasticor est votre partenaire id\u00e9al.<\/p>\n<\/div>\n\t\t\t\t\t\n\t\t\t\t<\/div> <!-- .et_pb_slide_description -->\n\t\t\t<\/div> <!-- .et_pb_container -->\n\t\t\t\n\t\t<\/div> <!-- .et_pb_slide -->\n\t\t\n\t\t\t<\/div> <!-- .et_pb_slides -->\n\t\t<\/div> <!-- .et_pb_slider -->\n\t\t\n\t\t\t\n\t\t<\/div> <!-- .et_pb_section --><div id=\"bread-media\" class=\"et_pb_section et_section_regular\" style='background-color:#ffffff;'>\n\t\t\t\n\t\t\t\n\t\t\t\t\n\t\t\t\t<div class=\"et_pb_row\">\n\t\t\t<div class=\"et_pb_column et_pb_column_1_2\">\n\t\t\t<div class=\"et_pb_text et_pb_bg_layout_light et_pb_text_align_left\">\n\t\t\t<p id=\"breadcrumbs\"><span><span><a href=\"https:\/\/plasticor.com\/fr\/\">Home<\/a><\/span><\/span><\/p>\n\t\t<\/div> <!-- .et_pb_text -->\n\t\t<\/div> <!-- .et_pb_column --><div class=\"et_pb_column et_pb_column_1_2\">\n\t\t\t<div class=\"et_pb_text et_pb_bg_layout_light et_pb_text_align_left share_this\">\n\t\t\t\n<p style=\"text-align: right;\"><!--span class=\"st_sharethis\"><\/span-->\n\t\t\t<span class=\"st_facebook\"><\/span>\n\t\t\t<span class=\"st_twitter\"><\/span>\n\t\t\t<span class=\"st_linkedin\"><\/span>\n\t\t\t<span class=\"st_googleplus\"><\/span>\n\t\t\t<span class=\"st_pinterest\"><\/span>\n\t\t\t<span class=\"st_tumblr\"><\/span>\n\t\t<\/div> <!-- .et_pb_text -->\n\t\t<\/div> <!-- .et_pb_column -->\n\t\t<\/div> <!-- .et_pb_row -->\n\t\t\t\n\t\t<\/div> <!-- .et_pb_section --><div class=\"et_pb_section landing_page_boxes hover-column et_section_regular\" style='background-color:#ffffff;'>\n\t\t\t\n\t\t\t\n\t\t\t\t\n\t\t\t\t<div class=\"et_pb_row\">\n\t\t\t<div class=\"et_pb_column et_pb_column_1_2\">\n\t\t\t<div class=\"et_pb_text et_pb_bg_layout_light et_pb_text_align_left\">\n\t\t\t\n<h2>Panneaux de contr\u00f4le et panneaux de service<\/h2>\n<p style=\"text-align: right;\">\n\t\t<\/div> <!-- .et_pb_text --><img decoding=\"async\" src=\"http:\/\/plasticor.com\/wp-content\/uploads\/2014\/06\/panels-1_2.jpg\" alt=\"\" class=\"et-waypoint et_pb_image et_pb_animation_off\" \/><div class=\"et_pb_text et_pb_bg_layout_light et_pb_text_align_left\">\n\t\t\t\n<p>Plasticor a produit des panneaux de contr\u00f4le dont l\u2019esth\u00e9tisme constitue un argument de vente de plus d\u2019une vingtaine de mod\u00e8les de cuisini\u00e8re encastr\u00e9e.<\/p>\n<p style=\"text-align: right;\">\n\t\t<\/div> <!-- .et_pb_text --><div class=\"et_pb_promo et_pb_bg_layout_light et_pb_text_align_left et_pb_no_bg\">\n\t\t\t<div class=\"et_pb_promo_description\">\n\t\t\t\t\n\t\t\t\t\n\t\t\t<\/div>\n\t\t\t<a class=\"et_pb_promo_button\" href=\"\/fr\/produits\/panneaux-controle-panneaux-service\/\">En savoir plus<\/a>\n\t\t<\/div>\n\t\t<\/div> <!-- .et_pb_column --><div class=\"et_pb_column et_pb_column_1_2\">\n\t\t\t<div class=\"et_pb_text et_pb_bg_layout_light et_pb_text_align_left\">\n\t\t\t\n<h2>Boutons<\/h2>\n<p style=\"text-align: right;\">\n\t\t<\/div> <!-- .et_pb_text --><img decoding=\"async\" src=\"http:\/\/plasticor.com\/wp-content\/uploads\/2014\/06\/products-knobs-2_480x255.jpg\" alt=\"\" class=\"et-waypoint et_pb_image et_pb_animation_off\" \/><div class=\"et_pb_text et_pb_bg_layout_light et_pb_text_align_left\">\n\t\t\t\n<p>Une des sp\u00e9cialit\u00e9s de Plasticor est la fabrication et la finition de boutons, cadrans et s\u00e9lecteurs.<\/p>\n<p style=\"text-align: right;\">\n\t\t<\/div> <!-- .et_pb_text --><div class=\"et_pb_promo et_pb_bg_layout_light et_pb_text_align_left et_pb_no_bg\">\n\t\t\t<div class=\"et_pb_promo_description\">\n\t\t\t\t\n\t\t\t\t\n\t\t\t<\/div>\n\t\t\t<a class=\"et_pb_promo_button\" href=\"\/fr\/produits\/boutons\/\">En savoir plus<\/a>\n\t\t<\/div>\n\t\t<\/div> <!-- .et_pb_column -->\n\t\t<\/div> <!-- .et_pb_row --><div class=\"et_pb_row\">\n\t\t\t<div class=\"et_pb_column et_pb_column_1_2\">\n\t\t\t<div class=\"et_pb_text et_pb_bg_layout_light et_pb_text_align_left\">\n\t\t\t\n<h2>R\u00e9sines industrielles<\/h2>\n<p style=\"text-align: right;\">\n\t\t<\/div> <!-- .et_pb_text --><img decoding=\"async\" src=\"http:\/\/plasticor.com\/wp-content\/uploads\/2014\/06\/resin-1_2.jpg\" alt=\"\" class=\"et-waypoint et_pb_image et_pb_animation_off pixel\" \/><div class=\"et_pb_text et_pb_bg_layout_light et_pb_text_align_left\">\n\t\t\t\n<p>En plus de fabriquer des moules gr\u00e2ce au traitement de r\u00e9sines industrielles sophistiqu\u00e9es, Plasticor investit massivement dans la recherche et le d\u00e9veloppement afin d\u2019am\u00e9liorer sans cesse ses techniques de moulage.<\/p>\n<p style=\"text-align: right;\">\n\t\t<\/div> <!-- .et_pb_text --><div class=\"et_pb_promo et_pb_bg_layout_light et_pb_text_align_left et_pb_no_bg\">\n\t\t\t<div class=\"et_pb_promo_description\">\n\t\t\t\t\n\t\t\t\t\n\t\t\t<\/div>\n\t\t\t<a class=\"et_pb_promo_button\" href=\"\/fr\/produits\/resines-industrielles\/\">En savoir plus<\/a>\n\t\t<\/div>\n\t\t<\/div> <!-- .et_pb_column --><div class=\"et_pb_column et_pb_column_1_2\">\n\t\t\t<div class=\"et_pb_text et_pb_bg_layout_light et_pb_text_align_left\">\n\t\t\t\n<h2>Moulage sur mesure<\/h2>\n<p style=\"text-align: right;\">\n\t\t<\/div> <!-- .et_pb_text --><img decoding=\"async\" src=\"http:\/\/plasticor.com\/wp-content\/uploads\/2014\/06\/injecteuse-1_2.jpg\" alt=\"\" class=\"et-waypoint et_pb_image et_pb_animation_off pixel\" \/><div class=\"et_pb_text et_pb_bg_layout_light et_pb_text_align_left\">\n\t\t\t\n<p>Plasticor est un fabricant de pi\u00e8ces de plastique sur mesure qui est fier d\u2019aider ses clients \u00e0 atteindre leurs objectifs en mati\u00e8re de fabrication de produits. Avec nos solutions cl\u00e9 en main, nous leur offrons un soutien total dans la fabrication de produits.<\/p>\n<p style=\"text-align: right;\">\n\t\t<\/div> <!-- .et_pb_text --><div class=\"et_pb_promo et_pb_bg_layout_light et_pb_text_align_left et_pb_no_bg\">\n\t\t\t<div class=\"et_pb_promo_description\">\n\t\t\t\t\n\t\t\t\t\n\t\t\t<\/div>\n\t\t\t<a class=\"et_pb_promo_button\" href=\"\/fr\/produits\/moulage-sur-mesure\/\">En savoir plus<\/a>\n\t\t<\/div>\n\t\t<\/div> <!-- .et_pb_column -->\n\t\t<\/div> <!-- .et_pb_row -->\n\t\t\t\n\t\t<\/div> <!-- .et_pb_section --><\/p>\n","protected":false},"excerpt":{"rendered":"<p>\t\t\t\t\tProduits<\/p>\n<p>Fournisseurs de moules sur mesure et moulage par injection de pr\u00e9cision depuis 1984<br \/>\nDepuis 30 ans, nous cr\u00e9ons des produits vari\u00e9s pour des clients provenant de &#8230;<\/p>\n","protected":false},"author":1,"featured_media":0,"parent":0,"menu_order":30,"comment_status":"closed","ping_status":"closed","template":"","meta":{"_acf_changed":false,"_monsterinsights_skip_tracking":false,"_monsterinsights_sitenote_active":false,"_monsterinsights_sitenote_note":"","_monsterinsights_sitenote_category":0,"footnotes":""},"class_list":["post-366","page","type-page","status-publish","hentry"],"acf":[],"yoast_head":"<!-- This site is optimized with the Yoast SEO plugin v24.5 - https:\/\/yoast.com\/wordpress\/plugins\/seo\/ -->\n<title>Produits - Plasticor<\/title>\n<meta name=\"robots\" content=\"index, follow, max-snippet:-1, max-image-preview:large, max-video-preview:-1\" \/>\n<link rel=\"canonical\" href=\"https:\/\/plasticor.com\/fr\/produits\/\" \/>\n<meta property=\"og:locale\" content=\"fr_FR\" \/>\n<meta property=\"og:type\" content=\"article\" \/>\n<meta property=\"og:title\" content=\"Produits - Plasticor\" \/>\n<meta property=\"og:description\" content=\"Produits    Fournisseurs de moules sur mesure et moulage par injection de pr\u00e9cision depuis 1984 Depuis 30 ans, nous cr\u00e9ons des produits vari\u00e9s pour des clients provenant de ...\" \/>\n<meta property=\"og:url\" content=\"https:\/\/plasticor.com\/fr\/produits\/\" \/>\n<meta property=\"og:site_name\" content=\"Plasticor\" \/>\n<meta property=\"article:modified_time\" content=\"2014-10-23T18:29:03+00:00\" \/>\n<meta name=\"twitter:label1\" content=\"Dur\u00e9e de lecture estim\u00e9e\" \/>\n\t<meta name=\"twitter:data1\" content=\"4 minutes\" \/>\n<script type=\"application\/ld+json\" class=\"yoast-schema-graph\">{\"@context\":\"https:\/\/schema.org\",\"@graph\":[{\"@type\":\"WebPage\",\"@id\":\"https:\/\/plasticor.com\/fr\/produits\/\",\"url\":\"https:\/\/plasticor.com\/fr\/produits\/\",\"name\":\"Produits - Plasticor\",\"isPartOf\":{\"@id\":\"https:\/\/plasticor.com\/#website\"},\"datePublished\":\"2014-06-21T00:42:31+00:00\",\"dateModified\":\"2014-10-23T18:29:03+00:00\",\"breadcrumb\":{\"@id\":\"https:\/\/plasticor.com\/fr\/produits\/#breadcrumb\"},\"inLanguage\":\"fr-FR\",\"potentialAction\":[{\"@type\":\"ReadAction\",\"target\":[\"https:\/\/plasticor.com\/fr\/produits\/\"]}]},{\"@type\":\"BreadcrumbList\",\"@id\":\"https:\/\/plasticor.com\/fr\/produits\/#breadcrumb\",\"itemListElement\":[{\"@type\":\"ListItem\",\"position\":1,\"name\":\"Home\",\"item\":\"https:\/\/plasticor.com\/fr\/\"},{\"@type\":\"ListItem\",\"position\":2,\"name\":\"Produits\"}]},{\"@type\":\"WebSite\",\"@id\":\"https:\/\/plasticor.com\/#website\",\"url\":\"https:\/\/plasticor.com\/\",\"name\":\"Plasticor\",\"description\":\"\",\"potentialAction\":[{\"@type\":\"SearchAction\",\"target\":{\"@type\":\"EntryPoint\",\"urlTemplate\":\"https:\/\/plasticor.com\/?s={search_term_string}\"},\"query-input\":{\"@type\":\"PropertyValueSpecification\",\"valueRequired\":true,\"valueName\":\"search_term_string\"}}],\"inLanguage\":\"fr-FR\"}]}<\/script>\n<!-- \/ Yoast SEO plugin. -->","yoast_head_json":{"title":"Produits - Plasticor","robots":{"index":"index","follow":"follow","max-snippet":"max-snippet:-1","max-image-preview":"max-image-preview:large","max-video-preview":"max-video-preview:-1"},"canonical":"https:\/\/plasticor.com\/fr\/produits\/","og_locale":"fr_FR","og_type":"article","og_title":"Produits - Plasticor","og_description":"Produits    Fournisseurs de moules sur mesure et moulage par injection de pr\u00e9cision depuis 1984 Depuis 30 ans, nous cr\u00e9ons des produits vari\u00e9s pour des clients provenant de ...","og_url":"https:\/\/plasticor.com\/fr\/produits\/","og_site_name":"Plasticor","article_modified_time":"2014-10-23T18:29:03+00:00","twitter_misc":{"Dur\u00e9e de lecture estim\u00e9e":"4 minutes"},"schema":{"@context":"https:\/\/schema.org","@graph":[{"@type":"WebPage","@id":"https:\/\/plasticor.com\/fr\/produits\/","url":"https:\/\/plasticor.com\/fr\/produits\/","name":"Produits - Plasticor","isPartOf":{"@id":"https:\/\/plasticor.com\/#website"},"datePublished":"2014-06-21T00:42:31+00:00","dateModified":"2014-10-23T18:29:03+00:00","breadcrumb":{"@id":"https:\/\/plasticor.com\/fr\/produits\/#breadcrumb"},"inLanguage":"fr-FR","potentialAction":[{"@type":"ReadAction","target":["https:\/\/plasticor.com\/fr\/produits\/"]}]},{"@type":"BreadcrumbList","@id":"https:\/\/plasticor.com\/fr\/produits\/#breadcrumb","itemListElement":[{"@type":"ListItem","position":1,"name":"Home","item":"https:\/\/plasticor.com\/fr\/"},{"@type":"ListItem","position":2,"name":"Produits"}]},{"@type":"WebSite","@id":"https:\/\/plasticor.com\/#website","url":"https:\/\/plasticor.com\/","name":"Plasticor","description":"","potentialAction":[{"@type":"SearchAction","target":{"@type":"EntryPoint","urlTemplate":"https:\/\/plasticor.com\/?s={search_term_string}"},"query-input":{"@type":"PropertyValueSpecification","valueRequired":true,"valueName":"search_term_string"}}],"inLanguage":"fr-FR"}]}},"wps_subtitle":"","_links":{"self":[{"href":"https:\/\/plasticor.com\/fr\/wp-json\/wp\/v2\/pages\/366","targetHints":{"allow":["GET"]}}],"collection":[{"href":"https:\/\/plasticor.com\/fr\/wp-json\/wp\/v2\/pages"}],"about":[{"href":"https:\/\/plasticor.com\/fr\/wp-json\/wp\/v2\/types\/page"}],"author":[{"embeddable":true,"href":"https:\/\/plasticor.com\/fr\/wp-json\/wp\/v2\/users\/1"}],"replies":[{"embeddable":true,"href":"https:\/\/plasticor.com\/fr\/wp-json\/wp\/v2\/comments?post=366"}],"version-history":[{"count":0,"href":"https:\/\/plasticor.com\/fr\/wp-json\/wp\/v2\/pages\/366\/revisions"}],"wp:attachment":[{"href":"https:\/\/plasticor.com\/fr\/wp-json\/wp\/v2\/media?parent=366"}],"curies":[{"name":"wp","href":"https:\/\/api.w.org\/{rel}","templated":true}]}}