{"id":371,"date":"2014-06-20T20:42:52","date_gmt":"2014-06-21T00:42:52","guid":{"rendered":"http:\/\/plasticor.com\/?page_id=371"},"modified":"2014-10-23T14:29:19","modified_gmt":"2014-10-23T18:29:19","slug":"panneaux-controle-panneaux-service","status":"publish","type":"page","link":"https:\/\/plasticor.com\/fr\/produits\/panneaux-controle-panneaux-service\/","title":{"rendered":"Panneaux de contr\u00f4le et panneaux de service"},"content":{"rendered":"<p><div class=\"et_pb_section et_pb_fullwidth_section et_section_regular\">\n\t\t\t\n\t\t\t\n\t\t\t\t\n\t\t\t\t<div id=\"childpage-slider\" class=\"et_pb_slider et_slider_auto et_slider_speed_70000 homepage-fullwidth-slider\">\n\t\t\t<div class=\"et_pb_slides\">\n\t\t\t\t<div class=\"et_pb_slide et_pb_bg_layout_light\" style='background-color:#f0f0f5;background-image:url(http:\/\/plasticor.com\/wp-content\/uploads\/2014\/10\/bandeau-produit.jpg);'>\n\t\t\t\n\t\t\t<div class=\"et_pb_container clearfix\">\n\t\t\t\t\n\t\t\t\t<div class=\"et_pb_slide_description\">\n\t\t\t\t\t<h1>Panneaux de contr\u00f4le et panneaux de service<\/h1>\n\t\t\t\t\t<div class=\"et_pb_slide_content\">\n<p>Plasticor a produit des panneaux de contr\u00f4le dont l\u2019esth\u00e9tisme constitue un argument de vente de plus d\u2019une vingtaine de mod\u00e8les de cuisini\u00e8re encastr\u00e9e.<\/p>\n<\/div>\n\t\t\t\t\t\n\t\t\t\t<\/div> <!-- .et_pb_slide_description -->\n\t\t\t<\/div> <!-- .et_pb_container -->\n\t\t\t\n\t\t<\/div> <!-- .et_pb_slide -->\n\t\t\n\t\t\t<\/div> <!-- .et_pb_slides -->\n\t\t<\/div> <!-- .et_pb_slider -->\n\t\t\n\t\t\t\n\t\t<\/div> <!-- .et_pb_section --><div id=\"bread-media\" class=\"et_pb_section et_section_regular\" style='background-color:#ffffff;'>\n\t\t\t\n\t\t\t\n\t\t\t\t\n\t\t\t\t<div class=\"et_pb_row\">\n\t\t\t<div class=\"et_pb_column et_pb_column_1_2\">\n\t\t\t<div class=\"et_pb_text et_pb_bg_layout_light et_pb_text_align_left\">\n\t\t\t<p id=\"breadcrumbs\"><span><span><a href=\"https:\/\/plasticor.com\/fr\/\">Home<\/a><\/span><\/span><\/p>\n\t\t<\/div> <!-- .et_pb_text -->\n\t\t<\/div> <!-- .et_pb_column --><div class=\"et_pb_column et_pb_column_1_2\">\n\t\t\t<div class=\"et_pb_text et_pb_bg_layout_light et_pb_text_align_left share_this\">\n\t\t\t\n<p style=\"text-align: right;\"><!--span class=\"st_sharethis\"><\/span-->\n\t\t\t<span class=\"st_facebook\"><\/span>\n\t\t\t<span class=\"st_twitter\"><\/span>\n\t\t\t<span class=\"st_linkedin\"><\/span>\n\t\t\t<span class=\"st_googleplus\"><\/span>\n\t\t\t<span class=\"st_pinterest\"><\/span>\n\t\t\t<span class=\"st_tumblr\"><\/span>\n\t\t<\/div> <!-- .et_pb_text -->\n\t\t<\/div> <!-- .et_pb_column -->\n\t\t<\/div> <!-- .et_pb_row -->\n\t\t\t\n\t\t<\/div> <!-- .et_pb_section --><div class=\"et_pb_section et_section_regular\">\n\t\t\t\n\t\t\t\n\t\t\t\t\n\t\t\t\t<div class=\"et_pb_row\">\n\t\t\t<div class=\"et_pb_column et_pb_column_1_2\">\n\t\t\t<img decoding=\"async\" src=\"http:\/\/plasticor.com\/wp-content\/uploads\/2014\/06\/CPES3085PF_v2.jpg\" alt=\"\" class=\"et-waypoint et_pb_image et_pb_animation_off\" \/>\n\t\t<\/div> <!-- .et_pb_column --><div class=\"et_pb_column et_pb_column_1_2\">\n\t\t\t<div class=\"et_pb_text et_pb_bg_layout_light et_pb_text_align_left\">\n\t\t\t\n<h3>Nouveau secteur d\u2019activit\u00e9<\/h3>\n<p>Depuis peu, Plasticor a d\u00e9velopp\u00e9 un nouveau secteur d\u2019activit\u00e9, la fabrication et l\u2019assemblage de panneaux de contr\u00f4le et de panneaux de service. Notre longue expertise dans la fabrication de boutons, cadrans et s\u00e9lecteurs nous a permis de d\u00e9velopper un savoir-faire dans les surfaces de haute finition, savoir-faire que nous avons pu utiliser dans la fabrication de pi\u00e8ces de plus grandes dimensions.\u00a0<\/p>\n<p style=\"text-align: right;\">\u00a0<\/p>\n<p style=\"text-align: right;\">\u00a0<\/p>\n<p style=\"text-align: right;\">\u00a0<\/p>\n<p style=\"text-align: right;\">\n\t\t<\/div> <!-- .et_pb_text -->\n\t\t<\/div> <!-- .et_pb_column -->\n\t\t<\/div> <!-- .et_pb_row --><div class=\"et_pb_row\">\n\t\t\t<div class=\"et_pb_column et_pb_column_4_4\">\n\t\t\t<hr class=\"et_pb_space et_pb_divider\" style='border-color: #ffffff;' \/>\n\t\t<\/div> <!-- .et_pb_column -->\n\t\t<\/div> <!-- .et_pb_row --><div class=\"et_pb_row\">\n\t\t\t<div class=\"et_pb_column et_pb_column_1_2\">\n\t\t\t<div class=\"et_pb_text et_pb_bg_layout_light et_pb_text_align_left\">\n\t\t\t\n<h3>Appareils \u00e9lectrom\u00e9nagers haut de gamme<\/h3>\n<p>Par leur esth\u00e9tisme, nos panneaux de contr\u00f4le constituent un argument de vente d\u2019appareils \u00e9lectrom\u00e9nagers haut de gamme. Plasticor a travaill\u00e9 en \u00e9troite collaboration avec des entreprises de rev\u00eatement industriel et des fabricants de composantes \u00e9lectroniques pour commercialiser un produit qui est maintenant pr\u00e9sent sur plus d\u2019une vingtaine de mod\u00e8les diff\u00e9rents de cuisini\u00e8res encastr\u00e9es haut de gamme pour des marques r\u00e9put\u00e9es comme Frigidaire et Electrolux.<\/p>\n<p style=\"text-align: right;\">\u00a0<\/p>\n<p style=\"text-align: right;\">\u00a0<\/p>\n<p style=\"text-align: right;\">\u00a0<\/p>\n<p style=\"text-align: right;\">\n\t\t<\/div> <!-- .et_pb_text -->\n\t\t<\/div> <!-- .et_pb_column --><div class=\"et_pb_column et_pb_column_1_2\">\n\t\t\t<img decoding=\"async\" src=\"http:\/\/plasticor.com\/wp-content\/uploads\/2014\/06\/RBP5575_480x255_v2.jpg\" alt=\"\" class=\"et-waypoint et_pb_image et_pb_animation_off\" \/>\n\t\t<\/div> <!-- .et_pb_column -->\n\t\t<\/div> <!-- .et_pb_row --><div class=\"et_pb_row\">\n\t\t\t<div class=\"et_pb_column et_pb_column_4_4\">\n\t\t\t<hr class=\"et_pb_space et_pb_divider\" style='border-color: #ffffff;' \/>\n\t\t<\/div> <!-- .et_pb_column -->\n\t\t<\/div> <!-- .et_pb_row --><div class=\"et_pb_row\">\n\t\t\t<div class=\"et_pb_column et_pb_column_1_2\">\n\t\t\t<img decoding=\"async\" src=\"http:\/\/plasticor.com\/wp-content\/uploads\/2014\/06\/four-panneau-controle.png\" alt=\"\" class=\"et-waypoint et_pb_image et_pb_animation_off\" \/>\n\t\t<\/div> <!-- .et_pb_column --><div class=\"et_pb_column et_pb_column_1_2\">\n\t\t\t<div class=\"et_pb_text et_pb_bg_layout_light et_pb_text_align_left\">\n\t\t\t\n<h3>Partenariat strat\u00e9gique<\/h3>\n<p>Nos panneaux sont con\u00e7us et moul\u00e9s de fa\u00e7on \u00e0 respecter et m\u00eame surpasser les plus hautes exigences de nos clients en mati\u00e8re d&rsquo;apparence. Nous nous conformons aussi aux sp\u00e9cifications m\u00e9caniques et structurelles en ce qui concerne les pi\u00e8ces moul\u00e9es par injection et nos propres proc\u00e9d\u00e9s d\u2019assemblage. Gr\u00e2ce \u00e0 son partenariat strat\u00e9gique avec ses clients, Plasticor a la capacit\u00e9 soit de g\u00e9rer en totalit\u00e9 les assemblages complexes qu\u2019exigent ses clients, soit de s\u2019int\u00e9grer parfaitement, \u00e0 titre de fournisseur de deuxi\u00e8me ou de troisi\u00e8me niveau, aux cha\u00eenes d\u2019approvisionnement existantes.<\/p>\n<p style=\"text-align: right;\">\n\t\t<\/div> <!-- .et_pb_text -->\n\t\t<\/div> <!-- .et_pb_column -->\n\t\t<\/div> <!-- .et_pb_row --><div class=\"et_pb_row\">\n\t\t\t<div class=\"et_pb_column et_pb_column_4_4\">\n\t\t\t<div class=\"et_pb_testimonial et_pb_testimonial_no_image et_pb_bg_layout_light et_pb_text_align_left clearfix\" style=\"background-color: #f5f5f5;\">\n\t\t\t\n\t\t\t<div class=\"et_pb_testimonial_description\">\n\t\t\t\t\n<p>Pour une demande de soumission<br \/><a href='mailto:sales@plasticor.com' class='small-button smallblue' target=\"_blank\">CONTACTEZ NOTRE \u00c9QUIPE DE VENTE<\/a>\n<p>Vous \u00eates un professionnel du secteur et souhaitez travailler avec nous?<br \/><a href='mailto:contact1@plasticor.com' class='small-button smallblue' target=\"_blank\">FAITES PARTIE DE NOS FOURNISSEURS<\/a>\n<p style=\"text-align: right;\">\n\t\t\t\t\n\t\t\t\t\n\t\t\t<\/div> <!-- .et_pb_testimonial_description -->\n\t\t<\/div> <!-- .et_pb_testimonial -->\n\t\t<\/div> <!-- .et_pb_column -->\n\t\t<\/div> <!-- .et_pb_row -->\n\t\t\t\n\t\t<\/div> <!-- .et_pb_section --><\/p>\n","protected":false},"excerpt":{"rendered":"<p>\t\t\t\t\tPanneaux de contr\u00f4le et panneaux de service<\/p>\n<p>Plasticor a produit des panneaux de contr\u00f4le dont l\u2019esth\u00e9tisme constitue un argument de vente de plus d\u2019une vingtaine de &#8230;<\/p>\n","protected":false},"author":1,"featured_media":0,"parent":366,"menu_order":1,"comment_status":"closed","ping_status":"closed","template":"","meta":{"_acf_changed":false,"_monsterinsights_skip_tracking":false,"_monsterinsights_sitenote_active":false,"_monsterinsights_sitenote_note":"","_monsterinsights_sitenote_category":0,"footnotes":""},"class_list":["post-371","page","type-page","status-publish","hentry"],"acf":[],"yoast_head":"<!-- This site is optimized with the Yoast SEO plugin v24.5 - https:\/\/yoast.com\/wordpress\/plugins\/seo\/ -->\n<title>Panneaux de contr\u00f4le et panneaux de service - Plasticor<\/title>\n<meta name=\"robots\" content=\"index, follow, max-snippet:-1, max-image-preview:large, max-video-preview:-1\" \/>\n<link rel=\"canonical\" href=\"https:\/\/plasticor.com\/fr\/produits\/panneaux-controle-panneaux-service\/\" \/>\n<meta property=\"og:locale\" content=\"fr_FR\" \/>\n<meta property=\"og:type\" content=\"article\" \/>\n<meta property=\"og:title\" content=\"Panneaux de contr\u00f4le et panneaux de service - Plasticor\" \/>\n<meta property=\"og:description\" content=\"Panneaux de contr\u00f4le et panneaux de service    Plasticor a produit des panneaux de contr\u00f4le dont l\u2019esth\u00e9tisme constitue un argument de vente de plus d\u2019une vingtaine de ...\" \/>\n<meta property=\"og:url\" content=\"https:\/\/plasticor.com\/fr\/produits\/panneaux-controle-panneaux-service\/\" \/>\n<meta property=\"og:site_name\" content=\"Plasticor\" \/>\n<meta property=\"article:modified_time\" content=\"2014-10-23T18:29:19+00:00\" \/>\n<meta name=\"twitter:label1\" content=\"Dur\u00e9e de lecture estim\u00e9e\" \/>\n\t<meta name=\"twitter:data1\" content=\"4 minutes\" \/>\n<script type=\"application\/ld+json\" class=\"yoast-schema-graph\">{\"@context\":\"https:\/\/schema.org\",\"@graph\":[{\"@type\":\"WebPage\",\"@id\":\"https:\/\/plasticor.com\/fr\/produits\/panneaux-controle-panneaux-service\/\",\"url\":\"https:\/\/plasticor.com\/fr\/produits\/panneaux-controle-panneaux-service\/\",\"name\":\"Panneaux de contr\u00f4le et panneaux de service - Plasticor\",\"isPartOf\":{\"@id\":\"https:\/\/plasticor.com\/#website\"},\"datePublished\":\"2014-06-21T00:42:52+00:00\",\"dateModified\":\"2014-10-23T18:29:19+00:00\",\"breadcrumb\":{\"@id\":\"https:\/\/plasticor.com\/fr\/produits\/panneaux-controle-panneaux-service\/#breadcrumb\"},\"inLanguage\":\"fr-FR\",\"potentialAction\":[{\"@type\":\"ReadAction\",\"target\":[\"https:\/\/plasticor.com\/fr\/produits\/panneaux-controle-panneaux-service\/\"]}]},{\"@type\":\"BreadcrumbList\",\"@id\":\"https:\/\/plasticor.com\/fr\/produits\/panneaux-controle-panneaux-service\/#breadcrumb\",\"itemListElement\":[{\"@type\":\"ListItem\",\"position\":1,\"name\":\"Home\",\"item\":\"https:\/\/plasticor.com\/fr\/\"},{\"@type\":\"ListItem\",\"position\":2,\"name\":\"Produits\",\"item\":\"https:\/\/plasticor.com\/fr\/produits\/\"},{\"@type\":\"ListItem\",\"position\":3,\"name\":\"Panneaux de contr\u00f4le et panneaux de service\"}]},{\"@type\":\"WebSite\",\"@id\":\"https:\/\/plasticor.com\/#website\",\"url\":\"https:\/\/plasticor.com\/\",\"name\":\"Plasticor\",\"description\":\"\",\"potentialAction\":[{\"@type\":\"SearchAction\",\"target\":{\"@type\":\"EntryPoint\",\"urlTemplate\":\"https:\/\/plasticor.com\/?s={search_term_string}\"},\"query-input\":{\"@type\":\"PropertyValueSpecification\",\"valueRequired\":true,\"valueName\":\"search_term_string\"}}],\"inLanguage\":\"fr-FR\"}]}<\/script>\n<!-- \/ Yoast SEO plugin. -->","yoast_head_json":{"title":"Panneaux de contr\u00f4le et panneaux de service - Plasticor","robots":{"index":"index","follow":"follow","max-snippet":"max-snippet:-1","max-image-preview":"max-image-preview:large","max-video-preview":"max-video-preview:-1"},"canonical":"https:\/\/plasticor.com\/fr\/produits\/panneaux-controle-panneaux-service\/","og_locale":"fr_FR","og_type":"article","og_title":"Panneaux de contr\u00f4le et panneaux de service - Plasticor","og_description":"Panneaux de contr\u00f4le et panneaux de service    Plasticor a produit des panneaux de contr\u00f4le dont l\u2019esth\u00e9tisme constitue un argument de vente de plus d\u2019une vingtaine de ...","og_url":"https:\/\/plasticor.com\/fr\/produits\/panneaux-controle-panneaux-service\/","og_site_name":"Plasticor","article_modified_time":"2014-10-23T18:29:19+00:00","twitter_misc":{"Dur\u00e9e de lecture estim\u00e9e":"4 minutes"},"schema":{"@context":"https:\/\/schema.org","@graph":[{"@type":"WebPage","@id":"https:\/\/plasticor.com\/fr\/produits\/panneaux-controle-panneaux-service\/","url":"https:\/\/plasticor.com\/fr\/produits\/panneaux-controle-panneaux-service\/","name":"Panneaux de contr\u00f4le et panneaux de service - Plasticor","isPartOf":{"@id":"https:\/\/plasticor.com\/#website"},"datePublished":"2014-06-21T00:42:52+00:00","dateModified":"2014-10-23T18:29:19+00:00","breadcrumb":{"@id":"https:\/\/plasticor.com\/fr\/produits\/panneaux-controle-panneaux-service\/#breadcrumb"},"inLanguage":"fr-FR","potentialAction":[{"@type":"ReadAction","target":["https:\/\/plasticor.com\/fr\/produits\/panneaux-controle-panneaux-service\/"]}]},{"@type":"BreadcrumbList","@id":"https:\/\/plasticor.com\/fr\/produits\/panneaux-controle-panneaux-service\/#breadcrumb","itemListElement":[{"@type":"ListItem","position":1,"name":"Home","item":"https:\/\/plasticor.com\/fr\/"},{"@type":"ListItem","position":2,"name":"Produits","item":"https:\/\/plasticor.com\/fr\/produits\/"},{"@type":"ListItem","position":3,"name":"Panneaux de contr\u00f4le et panneaux de service"}]},{"@type":"WebSite","@id":"https:\/\/plasticor.com\/#website","url":"https:\/\/plasticor.com\/","name":"Plasticor","description":"","potentialAction":[{"@type":"SearchAction","target":{"@type":"EntryPoint","urlTemplate":"https:\/\/plasticor.com\/?s={search_term_string}"},"query-input":{"@type":"PropertyValueSpecification","valueRequired":true,"valueName":"search_term_string"}}],"inLanguage":"fr-FR"}]}},"wps_subtitle":"","_links":{"self":[{"href":"https:\/\/plasticor.com\/fr\/wp-json\/wp\/v2\/pages\/371","targetHints":{"allow":["GET"]}}],"collection":[{"href":"https:\/\/plasticor.com\/fr\/wp-json\/wp\/v2\/pages"}],"about":[{"href":"https:\/\/plasticor.com\/fr\/wp-json\/wp\/v2\/types\/page"}],"author":[{"embeddable":true,"href":"https:\/\/plasticor.com\/fr\/wp-json\/wp\/v2\/users\/1"}],"replies":[{"embeddable":true,"href":"https:\/\/plasticor.com\/fr\/wp-json\/wp\/v2\/comments?post=371"}],"version-history":[{"count":1,"href":"https:\/\/plasticor.com\/fr\/wp-json\/wp\/v2\/pages\/371\/revisions"}],"predecessor-version":[{"id":373,"href":"https:\/\/plasticor.com\/fr\/wp-json\/wp\/v2\/pages\/371\/revisions\/373"}],"up":[{"embeddable":true,"href":"https:\/\/plasticor.com\/fr\/wp-json\/wp\/v2\/pages\/366"}],"wp:attachment":[{"href":"https:\/\/plasticor.com\/fr\/wp-json\/wp\/v2\/media?parent=371"}],"curies":[{"name":"wp","href":"https:\/\/api.w.org\/{rel}","templated":true}]}}