{"id":398,"date":"2014-06-20T20:43:13","date_gmt":"2014-06-21T00:43:13","guid":{"rendered":"http:\/\/plasticor.com\/?page_id=398"},"modified":"2014-10-23T14:29:29","modified_gmt":"2014-10-23T18:29:29","slug":"boutons","status":"publish","type":"page","link":"https:\/\/plasticor.com\/fr\/produits\/boutons\/","title":{"rendered":"Boutons"},"content":{"rendered":"<p><div class=\"et_pb_section et_pb_fullwidth_section et_section_regular\">\n\t\t\t\n\t\t\t\n\t\t\t\t\n\t\t\t\t<div id=\"childpage-slider\" class=\"et_pb_slider et_slider_auto et_slider_speed_70000 homepage-fullwidth-slider\">\n\t\t\t<div class=\"et_pb_slides\">\n\t\t\t\t<div class=\"et_pb_slide et_pb_bg_layout_light\" style='background-color:#f0f0f5;background-image:url(http:\/\/plasticor.com\/wp-content\/uploads\/2014\/10\/bandeau-produit.jpg);'>\n\t\t\t\n\t\t\t<div class=\"et_pb_container clearfix\">\n\t\t\t\t\n\t\t\t\t<div class=\"et_pb_slide_description\">\n\t\t\t\t\t<h1>Boutons<\/h1>\n\t\t\t\t\t<div class=\"et_pb_slide_content\">\n<p>Une des sp\u00e9cialit\u00e9s de Plasticor est la fabrication et la finition de boutons, cadrans et s\u00e9lecteurs.\u00a0<\/p>\n<\/div>\n\t\t\t\t\t\n\t\t\t\t<\/div> <!-- .et_pb_slide_description -->\n\t\t\t<\/div> <!-- .et_pb_container -->\n\t\t\t\n\t\t<\/div> <!-- .et_pb_slide -->\n\t\t\n\t\t\t<\/div> <!-- .et_pb_slides -->\n\t\t<\/div> <!-- .et_pb_slider -->\n\t\t\n\t\t\t\n\t\t<\/div> <!-- .et_pb_section --><div id=\"bread-media\" class=\"et_pb_section et_section_regular\" style='background-color:#ffffff;'>\n\t\t\t\n\t\t\t\n\t\t\t\t\n\t\t\t\t<div class=\"et_pb_row\">\n\t\t\t<div class=\"et_pb_column et_pb_column_1_2\">\n\t\t\t<div class=\"et_pb_text et_pb_bg_layout_light et_pb_text_align_left\">\n\t\t\t<p id=\"breadcrumbs\"><span><span><a href=\"https:\/\/plasticor.com\/fr\/\">Home<\/a><\/span><\/span><\/p>\n\t\t<\/div> <!-- .et_pb_text -->\n\t\t<\/div> <!-- .et_pb_column --><div class=\"et_pb_column et_pb_column_1_2\">\n\t\t\t<div class=\"et_pb_text et_pb_bg_layout_light et_pb_text_align_left share_this\">\n\t\t\t\n<p style=\"text-align: right;\"><!--span class=\"st_sharethis\"><\/span-->\n\t\t\t<span class=\"st_facebook\"><\/span>\n\t\t\t<span class=\"st_twitter\"><\/span>\n\t\t\t<span class=\"st_linkedin\"><\/span>\n\t\t\t<span class=\"st_googleplus\"><\/span>\n\t\t\t<span class=\"st_pinterest\"><\/span>\n\t\t\t<span class=\"st_tumblr\"><\/span>\n\t\t<\/div> <!-- .et_pb_text -->\n\t\t<\/div> <!-- .et_pb_column -->\n\t\t<\/div> <!-- .et_pb_row -->\n\t\t\t\n\t\t<\/div> <!-- .et_pb_section --><div class=\"et_pb_section et_section_regular\">\n\t\t\t\n\t\t\t\n\t\t\t\t\n\t\t\t\t<div class=\"et_pb_row\">\n\t\t\t<div class=\"et_pb_column et_pb_column_1_2\">\n\t\t\t<img decoding=\"async\" src=\"http:\/\/plasticor.com\/wp-content\/uploads\/2014\/06\/knobs-rows-1_2.jpg\" alt=\"\" class=\"et-waypoint et_pb_image et_pb_animation_off\" \/>\n\t\t<\/div> <!-- .et_pb_column --><div class=\"et_pb_column et_pb_column_1_2\">\n\t\t\t<div class=\"et_pb_text et_pb_bg_layout_light et_pb_text_align_left\">\n\t\t\t\n<h3>Sp\u00e9cialiste de boutons, cadrans et s\u00e9lecteurs<\/h3>\n<h4><strong>Incluant une multitude de finition<\/strong><\/h4>\n<p>Plasticor s\u2019est depuis longtemps sp\u00e9cialis\u00e9e dans la fabrication et la finition de boutons, cadrans et s\u00e9lecteurs. Au fil des ans, nous avons fabriqu\u00e9 plus de 900 UGS dans cette cat\u00e9gorie de produits et toujours maintenu notre avantage strat\u00e9gique dans ce domaine. Misant sur son expertise en mati\u00e8re de r\u00e9sines d\u2019ing\u00e9nierie, Plasticor est en mesure d\u2019offrir \u00e0 ses clients une multitude de finis. Avec sa vaste gamme de produits, l\u2019entreprise peut r\u00e9pondre aux besoins de tous les secteurs industriels et des diverses applications commerciales. Que ce soit des boutons m\u00e9caniques robustes ou des boutons ignifuges ou r\u00e9sistant \u00e0 la chaleur, Plasticor maintient un stock important de boutons pour appareils \u00e9lectrom\u00e9nagers, mais peut \u00e9galement produire des boutons en fonction des sp\u00e9cifications et des besoins d\u2019ing\u00e9nierie de ses clients.\u00a0<\/p>\n<p style=\"text-align: right;\">\u00a0<\/p>\n<p style=\"text-align: right;\">\u00a0<\/p>\n<p style=\"text-align: right;\">\n\t\t<\/div> <!-- .et_pb_text -->\n\t\t<\/div> <!-- .et_pb_column -->\n\t\t<\/div> <!-- .et_pb_row --><div class=\"et_pb_row\">\n\t\t\t<div class=\"et_pb_column et_pb_column_4_4\">\n\t\t\t<hr class=\"et_pb_space et_pb_divider\" style='border-color: #ffffff;' \/>\n\t\t<\/div> <!-- .et_pb_column -->\n\t\t<\/div> <!-- .et_pb_row --><div class=\"et_pb_row\">\n\t\t\t<div class=\"et_pb_column et_pb_column_1_2\">\n\t\t\t<div class=\"et_pb_text et_pb_bg_layout_light et_pb_text_align_left\">\n\t\t\t\n<h3>Service cl\u00e9-en-main<\/h3>\n<h4>Les boutons Plasticors sont pr\u00e9sents sur des appareils de grandes marques<\/h4>\n<p>Notre usine est capable de prendre en charge toutes les \u00e9tapes de la production depuis la conception jusqu\u2019au produit fini, y compris la d\u00e9coration et l\u2019assemblage. Les boutons, cadrans et s\u00e9lecteurs de Plasticor sont pr\u00e9sents sur des appareils de grandes marques comme Frigidaire, Electrolux, Kenmore, Mabe, GE, Elica, Systemair inc., Western industries, C &amp; D Aerospace et sont vendus sur le march\u00e9 OEM dans l\u2019industrie automobile.\u00a0<\/p>\n<p style=\"text-align: right;\">\n\t\t<\/div> <!-- .et_pb_text -->\n\t\t<\/div> <!-- .et_pb_column --><div class=\"et_pb_column et_pb_column_1_2\">\n\t\t\t<img decoding=\"async\" src=\"http:\/\/plasticor.com\/wp-content\/uploads\/2014\/06\/RBP5469_retouche.jpg\" alt=\"\" class=\"et-waypoint et_pb_image et_pb_animation_off width-auto\" \/>\n\t\t<\/div> <!-- .et_pb_column -->\n\t\t<\/div> <!-- .et_pb_row --><div class=\"et_pb_row\">\n\t\t\t<div class=\"et_pb_column et_pb_column_4_4\">\n\t\t\t<hr class=\"et_pb_space et_pb_divider\" style='border-color: #ffffff;' \/>\n\t\t<\/div> <!-- .et_pb_column -->\n\t\t<\/div> <!-- .et_pb_row --><div class=\"et_pb_row\">\n\t\t\t<div class=\"et_pb_column et_pb_column_1_2\">\n\t\t\t<img decoding=\"async\" src=\"http:\/\/plasticor.com\/wp-content\/uploads\/2014\/06\/RBP5497_retouche.jpg\" alt=\"\" class=\"et-waypoint et_pb_image et_pb_animation_off\" \/>\n\t\t<\/div> <!-- .et_pb_column --><div class=\"et_pb_column et_pb_column_1_2\">\n\t\t\t<div class=\"et_pb_text et_pb_bg_layout_light et_pb_text_align_left\">\n\t\t\t\n<h3>Nos services<\/h3>\n<h4>Liste partielle des services dans cette cat\u00e9gorie\u00a0:<\/h4>\n<ul>\n<li>Fabrication de moules pour le prototypage ou la production de grande s\u00e9rie<\/li>\n<li>Moulage de tout type de r\u00e9sines, avec sp\u00e9cialisation dans les plastiques industriels<\/li>\n<li>Moulage double pour un effet doux et une combinaison de couleurs<\/li>\n<li>Insertion pour attaches \u00e0 ressorts, insertions filet\u00e9es, vis \u00e0 pression, arbres molet\u00e9s, plats ou concentriques<\/li>\n<li>Tampographie, s\u00e9rigraphie, peinture de lignes, fl\u00e8ches, chiffres, lettres ou symboles<\/li>\n<li>Vaste gamme d\u2019harmonisation des couleurs pour impression monochrome ou multicolore<\/li>\n<li>Soudage ultrasonique ou autre, assemblage m\u00e9canique, collage, per\u00e7age et taraudage<\/li>\n<li>Tout autre type de service pour boutons\u00a0: placage, boutons d\u00e9coratifs \u00e0 collerette, capuchons ou insertion de collerettes au fini aluminium, boutons auto-verrouillants contr\u00f4leurs de vibrations et de chocs, tous \u00e9prouv\u00e9s pour r\u00e9sistance \u00e0 la torsion<\/li>\n<li>Finis mats, textur\u00e9s, satin\u00e9s et lustr\u00e9s<\/li>\n<li>Produits au fini surglac\u00e9 et esth\u00e9tique<\/li>\n<\/ul>\n<p style=\"text-align: right;\">\u00a0<\/p>\n<p style=\"text-align: right;\">\n\t\t<\/div> <!-- .et_pb_text -->\n\t\t<\/div> <!-- .et_pb_column -->\n\t\t<\/div> <!-- .et_pb_row --><div class=\"et_pb_row\">\n\t\t\t<div class=\"et_pb_column et_pb_column_1_2\">\n\t\t\t<img decoding=\"async\" src=\"http:\/\/plasticor.com\/wp-content\/uploads\/2014\/06\/RBP5472_480_retouche.jpg\" alt=\"\" class=\"et-waypoint et_pb_image et_pb_animation_off\" \/>\n\t\t<\/div> <!-- .et_pb_column --><div class=\"et_pb_column et_pb_column_1_2\">\n\t\t\t<img decoding=\"async\" src=\"http:\/\/plasticor.com\/wp-content\/uploads\/2014\/06\/RBP5529_retouche.jpg\" alt=\"\" class=\"et-waypoint et_pb_image et_pb_animation_off\" \/>\n\t\t<\/div> <!-- .et_pb_column -->\n\t\t<\/div> <!-- .et_pb_row -->\n\t\t\t\n\t\t<\/div> <!-- .et_pb_section --><\/p>\n","protected":false},"excerpt":{"rendered":"<p>\t\t\t\t\tBoutons<\/p>\n<p>Une des sp\u00e9cialit\u00e9s de Plasticor est la fabrication et la finition de boutons, cadrans et s\u00e9lecteurs.\u00a0<\/p>\n<p>\t\t\tHome<\/p>\n<p>\t\t &#8230;<\/p>\n","protected":false},"author":1,"featured_media":0,"parent":366,"menu_order":2,"comment_status":"closed","ping_status":"closed","template":"","meta":{"_acf_changed":false,"_monsterinsights_skip_tracking":false,"_monsterinsights_sitenote_active":false,"_monsterinsights_sitenote_note":"","_monsterinsights_sitenote_category":0,"footnotes":""},"class_list":["post-398","page","type-page","status-publish","hentry"],"acf":[],"yoast_head":"<!-- This site is optimized with the Yoast SEO plugin v24.5 - https:\/\/yoast.com\/wordpress\/plugins\/seo\/ -->\n<title>Boutons - Plasticor<\/title>\n<meta name=\"robots\" content=\"index, follow, max-snippet:-1, max-image-preview:large, max-video-preview:-1\" \/>\n<link rel=\"canonical\" href=\"https:\/\/plasticor.com\/fr\/produits\/boutons\/\" \/>\n<meta property=\"og:locale\" content=\"fr_FR\" \/>\n<meta property=\"og:type\" content=\"article\" \/>\n<meta property=\"og:title\" content=\"Boutons - Plasticor\" \/>\n<meta property=\"og:description\" content=\"Boutons    Une des sp\u00e9cialit\u00e9s de Plasticor est la fabrication et la finition de boutons, cadrans et s\u00e9lecteurs.\u00a0                                        Home                         ...\" \/>\n<meta property=\"og:url\" content=\"https:\/\/plasticor.com\/fr\/produits\/boutons\/\" \/>\n<meta property=\"og:site_name\" content=\"Plasticor\" \/>\n<meta property=\"article:modified_time\" content=\"2014-10-23T18:29:29+00:00\" \/>\n<meta name=\"twitter:label1\" content=\"Dur\u00e9e de lecture estim\u00e9e\" \/>\n\t<meta name=\"twitter:data1\" content=\"4 minutes\" \/>\n<script type=\"application\/ld+json\" class=\"yoast-schema-graph\">{\"@context\":\"https:\/\/schema.org\",\"@graph\":[{\"@type\":\"WebPage\",\"@id\":\"https:\/\/plasticor.com\/fr\/produits\/boutons\/\",\"url\":\"https:\/\/plasticor.com\/fr\/produits\/boutons\/\",\"name\":\"Boutons - Plasticor\",\"isPartOf\":{\"@id\":\"https:\/\/plasticor.com\/#website\"},\"datePublished\":\"2014-06-21T00:43:13+00:00\",\"dateModified\":\"2014-10-23T18:29:29+00:00\",\"breadcrumb\":{\"@id\":\"https:\/\/plasticor.com\/fr\/produits\/boutons\/#breadcrumb\"},\"inLanguage\":\"fr-FR\",\"potentialAction\":[{\"@type\":\"ReadAction\",\"target\":[\"https:\/\/plasticor.com\/fr\/produits\/boutons\/\"]}]},{\"@type\":\"BreadcrumbList\",\"@id\":\"https:\/\/plasticor.com\/fr\/produits\/boutons\/#breadcrumb\",\"itemListElement\":[{\"@type\":\"ListItem\",\"position\":1,\"name\":\"Home\",\"item\":\"https:\/\/plasticor.com\/fr\/\"},{\"@type\":\"ListItem\",\"position\":2,\"name\":\"Produits\",\"item\":\"https:\/\/plasticor.com\/fr\/produits\/\"},{\"@type\":\"ListItem\",\"position\":3,\"name\":\"Boutons\"}]},{\"@type\":\"WebSite\",\"@id\":\"https:\/\/plasticor.com\/#website\",\"url\":\"https:\/\/plasticor.com\/\",\"name\":\"Plasticor\",\"description\":\"\",\"potentialAction\":[{\"@type\":\"SearchAction\",\"target\":{\"@type\":\"EntryPoint\",\"urlTemplate\":\"https:\/\/plasticor.com\/?s={search_term_string}\"},\"query-input\":{\"@type\":\"PropertyValueSpecification\",\"valueRequired\":true,\"valueName\":\"search_term_string\"}}],\"inLanguage\":\"fr-FR\"}]}<\/script>\n<!-- \/ Yoast SEO plugin. -->","yoast_head_json":{"title":"Boutons - Plasticor","robots":{"index":"index","follow":"follow","max-snippet":"max-snippet:-1","max-image-preview":"max-image-preview:large","max-video-preview":"max-video-preview:-1"},"canonical":"https:\/\/plasticor.com\/fr\/produits\/boutons\/","og_locale":"fr_FR","og_type":"article","og_title":"Boutons - Plasticor","og_description":"Boutons    Une des sp\u00e9cialit\u00e9s de Plasticor est la fabrication et la finition de boutons, cadrans et s\u00e9lecteurs.\u00a0                                        Home                         ...","og_url":"https:\/\/plasticor.com\/fr\/produits\/boutons\/","og_site_name":"Plasticor","article_modified_time":"2014-10-23T18:29:29+00:00","twitter_misc":{"Dur\u00e9e de lecture estim\u00e9e":"4 minutes"},"schema":{"@context":"https:\/\/schema.org","@graph":[{"@type":"WebPage","@id":"https:\/\/plasticor.com\/fr\/produits\/boutons\/","url":"https:\/\/plasticor.com\/fr\/produits\/boutons\/","name":"Boutons - Plasticor","isPartOf":{"@id":"https:\/\/plasticor.com\/#website"},"datePublished":"2014-06-21T00:43:13+00:00","dateModified":"2014-10-23T18:29:29+00:00","breadcrumb":{"@id":"https:\/\/plasticor.com\/fr\/produits\/boutons\/#breadcrumb"},"inLanguage":"fr-FR","potentialAction":[{"@type":"ReadAction","target":["https:\/\/plasticor.com\/fr\/produits\/boutons\/"]}]},{"@type":"BreadcrumbList","@id":"https:\/\/plasticor.com\/fr\/produits\/boutons\/#breadcrumb","itemListElement":[{"@type":"ListItem","position":1,"name":"Home","item":"https:\/\/plasticor.com\/fr\/"},{"@type":"ListItem","position":2,"name":"Produits","item":"https:\/\/plasticor.com\/fr\/produits\/"},{"@type":"ListItem","position":3,"name":"Boutons"}]},{"@type":"WebSite","@id":"https:\/\/plasticor.com\/#website","url":"https:\/\/plasticor.com\/","name":"Plasticor","description":"","potentialAction":[{"@type":"SearchAction","target":{"@type":"EntryPoint","urlTemplate":"https:\/\/plasticor.com\/?s={search_term_string}"},"query-input":{"@type":"PropertyValueSpecification","valueRequired":true,"valueName":"search_term_string"}}],"inLanguage":"fr-FR"}]}},"wps_subtitle":"","_links":{"self":[{"href":"https:\/\/plasticor.com\/fr\/wp-json\/wp\/v2\/pages\/398","targetHints":{"allow":["GET"]}}],"collection":[{"href":"https:\/\/plasticor.com\/fr\/wp-json\/wp\/v2\/pages"}],"about":[{"href":"https:\/\/plasticor.com\/fr\/wp-json\/wp\/v2\/types\/page"}],"author":[{"embeddable":true,"href":"https:\/\/plasticor.com\/fr\/wp-json\/wp\/v2\/users\/1"}],"replies":[{"embeddable":true,"href":"https:\/\/plasticor.com\/fr\/wp-json\/wp\/v2\/comments?post=398"}],"version-history":[{"count":1,"href":"https:\/\/plasticor.com\/fr\/wp-json\/wp\/v2\/pages\/398\/revisions"}],"predecessor-version":[{"id":544,"href":"https:\/\/plasticor.com\/fr\/wp-json\/wp\/v2\/pages\/398\/revisions\/544"}],"up":[{"embeddable":true,"href":"https:\/\/plasticor.com\/fr\/wp-json\/wp\/v2\/pages\/366"}],"wp:attachment":[{"href":"https:\/\/plasticor.com\/fr\/wp-json\/wp\/v2\/media?parent=398"}],"curies":[{"name":"wp","href":"https:\/\/api.w.org\/{rel}","templated":true}]}}