{"id":402,"date":"2014-06-20T20:43:36","date_gmt":"2014-06-21T00:43:36","guid":{"rendered":"http:\/\/plasticor.com\/?page_id=402"},"modified":"2014-10-31T15:57:56","modified_gmt":"2014-10-31T19:57:56","slug":"resines-industrielles","status":"publish","type":"page","link":"https:\/\/plasticor.com\/fr\/produits\/resines-industrielles\/","title":{"rendered":"R\u00e9sines industrielles"},"content":{"rendered":"<p><div class=\"et_pb_section et_pb_fullwidth_section et_section_regular\">\n\t\t\t\n\t\t\t\n\t\t\t\t\n\t\t\t\t<div id=\"childpage-slider\" class=\"et_pb_slider et_slider_auto et_slider_speed_70000 homepage-fullwidth-slider\">\n\t\t\t<div class=\"et_pb_slides\">\n\t\t\t\t<div class=\"et_pb_slide et_pb_bg_layout_light\" style='background-color:#f0f0f5;background-image:url(http:\/\/plasticor.com\/wp-content\/uploads\/2014\/10\/bandeau-produit.jpg);'>\n\t\t\t\n\t\t\t<div class=\"et_pb_container clearfix\">\n\t\t\t\t\n\t\t\t\t<div class=\"et_pb_slide_description\">\n\t\t\t\t\t<h1>R\u00e9sines industrielles<\/h1>\n\t\t\t\t\t<div class=\"et_pb_slide_content\">\n<p>En plus de fabriquer des moules gr\u00e2ce au traitement de r\u00e9sines industrielles sophistiqu\u00e9es, Plasticor investit massivement dans la recherche et le d\u00e9veloppement afin d\u2019am\u00e9liorer sans cesse ses techniques de moulage.<\/p>\n<\/div>\n\t\t\t\t\t\n\t\t\t\t<\/div> <!-- .et_pb_slide_description -->\n\t\t\t<\/div> <!-- .et_pb_container -->\n\t\t\t\n\t\t<\/div> <!-- .et_pb_slide -->\n\t\t\n\t\t\t<\/div> <!-- .et_pb_slides -->\n\t\t<\/div> <!-- .et_pb_slider -->\n\t\t\n\t\t\t\n\t\t<\/div> <!-- .et_pb_section --><div id=\"bread-media\" class=\"et_pb_section et_section_regular\" style='background-color:#ffffff;'>\n\t\t\t\n\t\t\t\n\t\t\t\t\n\t\t\t\t<div class=\"et_pb_row\">\n\t\t\t<div class=\"et_pb_column et_pb_column_1_2\">\n\t\t\t<div class=\"et_pb_text et_pb_bg_layout_light et_pb_text_align_left\">\n\t\t\t<p id=\"breadcrumbs\"><span><span><a href=\"https:\/\/plasticor.com\/fr\/\">Home<\/a><\/span><\/span><\/p>\n\t\t<\/div> <!-- .et_pb_text -->\n\t\t<\/div> <!-- .et_pb_column --><div class=\"et_pb_column et_pb_column_1_2\">\n\t\t\t<div class=\"et_pb_text et_pb_bg_layout_light et_pb_text_align_left share_this\">\n\t\t\t\n<p style=\"text-align: right;\"><!--span class=\"st_sharethis\"><\/span-->\n\t\t\t<span class=\"st_facebook\"><\/span>\n\t\t\t<span class=\"st_twitter\"><\/span>\n\t\t\t<span class=\"st_linkedin\"><\/span>\n\t\t\t<span class=\"st_googleplus\"><\/span>\n\t\t\t<span class=\"st_pinterest\"><\/span>\n\t\t\t<span class=\"st_tumblr\"><\/span>\n\t\t<\/div> <!-- .et_pb_text -->\n\t\t<\/div> <!-- .et_pb_column -->\n\t\t<\/div> <!-- .et_pb_row -->\n\t\t\t\n\t\t<\/div> <!-- .et_pb_section --><div class=\"et_pb_section et_section_regular\">\n\t\t\t\n\t\t\t\n\t\t\t\t\n\t\t\t\t<div class=\"et_pb_row\">\n\t\t\t<div class=\"et_pb_column et_pb_column_1_2\">\n\t\t\t<img decoding=\"async\" src=\"http:\/\/plasticor.com\/wp-content\/uploads\/2014\/06\/resin-1_2.jpg\" alt=\"\" class=\"et-waypoint et_pb_image et_pb_animation_off\" \/>\n\t\t<\/div> <!-- .et_pb_column --><div class=\"et_pb_column et_pb_column_1_2\">\n\t\t\t<div class=\"et_pb_text et_pb_bg_layout_light et_pb_text_align_left\">\n\t\t\t\n<h3>Lorsqu\u2019exp\u00e9rience rime avec expertise<\/h3>\n<h4>Traitement de r\u00e9sines industrielles sophistiqu\u00e9es<\/h4>\n<p>Avec plus de 25 ans d\u2019exp\u00e9rience dans les r\u00e9sines industrielles, Plasticor d\u00e9tient un avantage strat\u00e9gique dans la fabrication de produits les plus exigeants et les plus complexes que les autres entreprises sont incapables de fabriquer. Gr\u00e2ce \u00e0 ses techniques de moulage innovatrices et \u00e0 l\u2019ing\u00e9niosit\u00e9 de ses experts, Plasticor a acquis une solide expertise dans le traitement des r\u00e9sines industrielles sophistiqu\u00e9es.\u00a0 Avec sa nouvelle technologie en mati\u00e8re de surface de haute finition, Plasticor peut traiter ces mat\u00e9riaux difficiles, mais continue toujours d\u2019investir massivement en recherche et d\u00e9veloppement pour am\u00e9liorer constamment ses proc\u00e9d\u00e9s de moulage. Plasticor travaille avec une grande vari\u00e9t\u00e9 de mati\u00e8res plastiques de haute performance combin\u00e9es \u00e0 divers mat\u00e9riaux de remplissage et d\u2019additifs.\u00a0<\/p>\n\n\t\t<\/div> <!-- .et_pb_text -->\n\t\t<\/div> <!-- .et_pb_column -->\n\t\t<\/div> <!-- .et_pb_row --><div class=\"et_pb_row\">\n\t\t\t<div class=\"et_pb_column et_pb_column_4_4\">\n\t\t\t<hr class=\"et_pb_space et_pb_divider\" style='border-color: #ffffff;' \/>\n\t\t<\/div> <!-- .et_pb_column -->\n\t\t<\/div> <!-- .et_pb_row --><div class=\"et_pb_row\">\n\t\t\t<div class=\"et_pb_column et_pb_column_1_2\">\n\t\t\t<div class=\"et_pb_text et_pb_bg_layout_light et_pb_text_align_left\">\n\t\t\t\n<h3>Nos services<\/h3>\n<h4>La liste qui suit ne pr\u00e9sente qu\u2019une section et quelques applications :<\/h4>\n<ul>\n<li>Boutons pour l\u2019industrie des appareils \u00e9lectrom\u00e9nagers<\/li>\n<li>Moulage d\u2019insertion avec m\u00e9tal<\/li>\n<li>B\u00e2tons de ski<\/li>\n<li>Lunettes de ski<\/li>\n<li>Arbres filet\u00e9s<\/li>\n<li>Dalles\/carreaux<\/li>\n<li>CD<\/li>\n<li>Lentilles<\/li>\n<li>Poign\u00e9es<\/li>\n<li>Capuchons pour l\u2019industrie pharmaceutique<\/li>\n<li>Construction<\/li>\n<li>Circuit miniature<\/li>\n<li>Trieuse de pi\u00e8ces de monnaie<\/li>\n<li>Pattes pour emballage tr\u00e8s r\u00e9sistant<\/li>\n<li>Jouets<\/li>\n<li>Prises \u00e9lectriques<\/li>\n<li>Panneaux<\/li>\n<li>Industrie des communications<\/li>\n<li>Moules \u00e0 gla\u00e7ons<\/li>\n<li>Pots et vases \u00e0 fleurs<\/li>\n<li>Contr\u00f4leurs \u00e0 distance<\/li>\n<\/ul>\n<p style=\"text-align: right;\">\n\t\t<\/div> <!-- .et_pb_text -->\n\t\t<\/div> <!-- .et_pb_column --><div class=\"et_pb_column et_pb_column_1_2\">\n\t\t\t<img decoding=\"async\" src=\"http:\/\/plasticor.com\/wp-content\/uploads\/2014\/06\/products-1_2.jpg\" alt=\"\" class=\"et-waypoint et_pb_image et_pb_animation_off\" \/><img decoding=\"async\" src=\"http:\/\/plasticor.com\/wp-content\/uploads\/2014\/06\/resin-black-1_2.jpg\" alt=\"\" class=\"et-waypoint et_pb_image et_pb_animation_off\" \/>\n\t\t<\/div> <!-- .et_pb_column -->\n\t\t<\/div> <!-- .et_pb_row -->\n\t\t\t\n\t\t<\/div> <!-- .et_pb_section --><\/p>\n","protected":false},"excerpt":{"rendered":"<p>\t\t\t\t\tR\u00e9sines industrielles<\/p>\n<p>En plus de fabriquer des moules gr\u00e2ce au traitement de r\u00e9sines industrielles sophistiqu\u00e9es, Plasticor investit massivement dans la recherche et le d\u00e9veloppement afin d\u2019am\u00e9liorer &#8230;<\/p>\n","protected":false},"author":1,"featured_media":0,"parent":366,"menu_order":3,"comment_status":"closed","ping_status":"closed","template":"","meta":{"_acf_changed":false,"_monsterinsights_skip_tracking":false,"_monsterinsights_sitenote_active":false,"_monsterinsights_sitenote_note":"","_monsterinsights_sitenote_category":0,"footnotes":""},"class_list":["post-402","page","type-page","status-publish","hentry"],"acf":[],"yoast_head":"<!-- This site is optimized with the Yoast SEO plugin v24.5 - https:\/\/yoast.com\/wordpress\/plugins\/seo\/ -->\n<title>R\u00e9sines industrielles - Plasticor<\/title>\n<meta name=\"robots\" content=\"index, follow, max-snippet:-1, max-image-preview:large, max-video-preview:-1\" \/>\n<link rel=\"canonical\" href=\"https:\/\/plasticor.com\/fr\/produits\/resines-industrielles\/\" \/>\n<meta property=\"og:locale\" content=\"fr_FR\" \/>\n<meta property=\"og:type\" content=\"article\" \/>\n<meta property=\"og:title\" content=\"R\u00e9sines industrielles - Plasticor\" \/>\n<meta property=\"og:description\" content=\"R\u00e9sines industrielles    En plus de fabriquer des moules gr\u00e2ce au traitement de r\u00e9sines industrielles sophistiqu\u00e9es, Plasticor investit massivement dans la recherche et le d\u00e9veloppement afin d\u2019am\u00e9liorer ...\" \/>\n<meta property=\"og:url\" content=\"https:\/\/plasticor.com\/fr\/produits\/resines-industrielles\/\" \/>\n<meta property=\"og:site_name\" content=\"Plasticor\" \/>\n<meta property=\"article:modified_time\" content=\"2014-10-31T19:57:56+00:00\" \/>\n<meta name=\"twitter:label1\" content=\"Dur\u00e9e de lecture estim\u00e9e\" \/>\n\t<meta name=\"twitter:data1\" content=\"3 minutes\" \/>\n<script type=\"application\/ld+json\" class=\"yoast-schema-graph\">{\"@context\":\"https:\/\/schema.org\",\"@graph\":[{\"@type\":\"WebPage\",\"@id\":\"https:\/\/plasticor.com\/fr\/produits\/resines-industrielles\/\",\"url\":\"https:\/\/plasticor.com\/fr\/produits\/resines-industrielles\/\",\"name\":\"R\u00e9sines industrielles - Plasticor\",\"isPartOf\":{\"@id\":\"https:\/\/plasticor.com\/#website\"},\"datePublished\":\"2014-06-21T00:43:36+00:00\",\"dateModified\":\"2014-10-31T19:57:56+00:00\",\"breadcrumb\":{\"@id\":\"https:\/\/plasticor.com\/fr\/produits\/resines-industrielles\/#breadcrumb\"},\"inLanguage\":\"fr-FR\",\"potentialAction\":[{\"@type\":\"ReadAction\",\"target\":[\"https:\/\/plasticor.com\/fr\/produits\/resines-industrielles\/\"]}]},{\"@type\":\"BreadcrumbList\",\"@id\":\"https:\/\/plasticor.com\/fr\/produits\/resines-industrielles\/#breadcrumb\",\"itemListElement\":[{\"@type\":\"ListItem\",\"position\":1,\"name\":\"Home\",\"item\":\"https:\/\/plasticor.com\/fr\/\"},{\"@type\":\"ListItem\",\"position\":2,\"name\":\"Produits\",\"item\":\"https:\/\/plasticor.com\/fr\/produits\/\"},{\"@type\":\"ListItem\",\"position\":3,\"name\":\"R\u00e9sines industrielles\"}]},{\"@type\":\"WebSite\",\"@id\":\"https:\/\/plasticor.com\/#website\",\"url\":\"https:\/\/plasticor.com\/\",\"name\":\"Plasticor\",\"description\":\"\",\"potentialAction\":[{\"@type\":\"SearchAction\",\"target\":{\"@type\":\"EntryPoint\",\"urlTemplate\":\"https:\/\/plasticor.com\/?s={search_term_string}\"},\"query-input\":{\"@type\":\"PropertyValueSpecification\",\"valueRequired\":true,\"valueName\":\"search_term_string\"}}],\"inLanguage\":\"fr-FR\"}]}<\/script>\n<!-- \/ Yoast SEO plugin. -->","yoast_head_json":{"title":"R\u00e9sines industrielles - Plasticor","robots":{"index":"index","follow":"follow","max-snippet":"max-snippet:-1","max-image-preview":"max-image-preview:large","max-video-preview":"max-video-preview:-1"},"canonical":"https:\/\/plasticor.com\/fr\/produits\/resines-industrielles\/","og_locale":"fr_FR","og_type":"article","og_title":"R\u00e9sines industrielles - Plasticor","og_description":"R\u00e9sines industrielles    En plus de fabriquer des moules gr\u00e2ce au traitement de r\u00e9sines industrielles sophistiqu\u00e9es, Plasticor investit massivement dans la recherche et le d\u00e9veloppement afin d\u2019am\u00e9liorer ...","og_url":"https:\/\/plasticor.com\/fr\/produits\/resines-industrielles\/","og_site_name":"Plasticor","article_modified_time":"2014-10-31T19:57:56+00:00","twitter_misc":{"Dur\u00e9e de lecture estim\u00e9e":"3 minutes"},"schema":{"@context":"https:\/\/schema.org","@graph":[{"@type":"WebPage","@id":"https:\/\/plasticor.com\/fr\/produits\/resines-industrielles\/","url":"https:\/\/plasticor.com\/fr\/produits\/resines-industrielles\/","name":"R\u00e9sines industrielles - Plasticor","isPartOf":{"@id":"https:\/\/plasticor.com\/#website"},"datePublished":"2014-06-21T00:43:36+00:00","dateModified":"2014-10-31T19:57:56+00:00","breadcrumb":{"@id":"https:\/\/plasticor.com\/fr\/produits\/resines-industrielles\/#breadcrumb"},"inLanguage":"fr-FR","potentialAction":[{"@type":"ReadAction","target":["https:\/\/plasticor.com\/fr\/produits\/resines-industrielles\/"]}]},{"@type":"BreadcrumbList","@id":"https:\/\/plasticor.com\/fr\/produits\/resines-industrielles\/#breadcrumb","itemListElement":[{"@type":"ListItem","position":1,"name":"Home","item":"https:\/\/plasticor.com\/fr\/"},{"@type":"ListItem","position":2,"name":"Produits","item":"https:\/\/plasticor.com\/fr\/produits\/"},{"@type":"ListItem","position":3,"name":"R\u00e9sines industrielles"}]},{"@type":"WebSite","@id":"https:\/\/plasticor.com\/#website","url":"https:\/\/plasticor.com\/","name":"Plasticor","description":"","potentialAction":[{"@type":"SearchAction","target":{"@type":"EntryPoint","urlTemplate":"https:\/\/plasticor.com\/?s={search_term_string}"},"query-input":{"@type":"PropertyValueSpecification","valueRequired":true,"valueName":"search_term_string"}}],"inLanguage":"fr-FR"}]}},"wps_subtitle":"","_links":{"self":[{"href":"https:\/\/plasticor.com\/fr\/wp-json\/wp\/v2\/pages\/402","targetHints":{"allow":["GET"]}}],"collection":[{"href":"https:\/\/plasticor.com\/fr\/wp-json\/wp\/v2\/pages"}],"about":[{"href":"https:\/\/plasticor.com\/fr\/wp-json\/wp\/v2\/types\/page"}],"author":[{"embeddable":true,"href":"https:\/\/plasticor.com\/fr\/wp-json\/wp\/v2\/users\/1"}],"replies":[{"embeddable":true,"href":"https:\/\/plasticor.com\/fr\/wp-json\/wp\/v2\/comments?post=402"}],"version-history":[{"count":1,"href":"https:\/\/plasticor.com\/fr\/wp-json\/wp\/v2\/pages\/402\/revisions"}],"predecessor-version":[{"id":407,"href":"https:\/\/plasticor.com\/fr\/wp-json\/wp\/v2\/pages\/402\/revisions\/407"}],"up":[{"embeddable":true,"href":"https:\/\/plasticor.com\/fr\/wp-json\/wp\/v2\/pages\/366"}],"wp:attachment":[{"href":"https:\/\/plasticor.com\/fr\/wp-json\/wp\/v2\/media?parent=402"}],"curies":[{"name":"wp","href":"https:\/\/api.w.org\/{rel}","templated":true}]}}