{"id":424,"date":"2014-06-26T15:24:42","date_gmt":"2014-06-26T19:24:42","guid":{"rendered":"http:\/\/plasticor.com\/?page_id=424"},"modified":"2014-10-31T15:45:50","modified_gmt":"2014-10-31T19:45:50","slug":"marche-mondial","status":"publish","type":"page","link":"https:\/\/plasticor.com\/fr\/marches\/marche-mondial\/","title":{"rendered":"March\u00e9 mondial"},"content":{"rendered":"<p><div class=\"et_pb_section et_pb_fullwidth_section et_section_regular\">\n\t\t\t\n\t\t\t\n\t\t\t\t\n\t\t\t\t<div id=\"childpage-slider\" class=\"et_pb_slider et_slider_auto et_slider_speed_70000 homepage-fullwidth-slider\">\n\t\t\t<div class=\"et_pb_slides\">\n\t\t\t\t<div class=\"et_pb_slide et_pb_bg_layout_light\" style='background-color:#f0f0f5;background-image:url(http:\/\/plasticor.com\/wp-content\/uploads\/2014\/06\/marches.jpg);'>\n\t\t\t\n\t\t\t<div class=\"et_pb_container clearfix\">\n\t\t\t\t\n\t\t\t\t<div class=\"et_pb_slide_description\">\n\t\t\t\t\t<h1>March\u00e9 mondial<\/h1>\n\t\t\t\t\t<div class=\"et_pb_slide_content\"><\/div>\n\t\t\t\t\t\n\t\t\t\t<\/div> <!-- .et_pb_slide_description -->\n\t\t\t<\/div> <!-- .et_pb_container -->\n\t\t\t\n\t\t<\/div> <!-- .et_pb_slide -->\n\t\t\n\t\t\t<\/div> <!-- .et_pb_slides -->\n\t\t<\/div> <!-- .et_pb_slider -->\n\t\t\n\t\t\t\n\t\t<\/div> <!-- .et_pb_section --><div id=\"bread-media\" class=\"et_pb_section et_section_regular\" style='background-color:#ffffff;'>\n\t\t\t\n\t\t\t\n\t\t\t\t\n\t\t\t\t<div class=\"et_pb_row\">\n\t\t\t<div class=\"et_pb_column et_pb_column_1_2\">\n\t\t\t<div class=\"et_pb_text et_pb_bg_layout_light et_pb_text_align_left\">\n\t\t\t<p id=\"breadcrumbs\"><span><span><a href=\"https:\/\/plasticor.com\/fr\/\">Home<\/a><\/span><\/span><\/p>\n\t\t<\/div> <!-- .et_pb_text -->\n\t\t<\/div> <!-- .et_pb_column --><div class=\"et_pb_column et_pb_column_1_2\">\n\t\t\t<div class=\"et_pb_text et_pb_bg_layout_light et_pb_text_align_left share_this\">\n\t\t\t\n<p style=\"text-align: right;\"><!--span class=\"st_sharethis\"><\/span-->\n\t\t\t<span class=\"st_facebook\"><\/span>\n\t\t\t<span class=\"st_twitter\"><\/span>\n\t\t\t<span class=\"st_linkedin\"><\/span>\n\t\t\t<span class=\"st_googleplus\"><\/span>\n\t\t\t<span class=\"st_pinterest\"><\/span>\n\t\t\t<span class=\"st_tumblr\"><\/span>\n\t\t<\/div> <!-- .et_pb_text -->\n\t\t<\/div> <!-- .et_pb_column -->\n\t\t<\/div> <!-- .et_pb_row -->\n\t\t\t\n\t\t<\/div> <!-- .et_pb_section --><div class=\"et_pb_section et_section_regular\">\n\t\t\t\n\t\t\t\n\t\t\t\t\n\t\t\t\t<div class=\"et_pb_row\">\n\t\t\t<div class=\"et_pb_column et_pb_column_1_2\">\n\t\t\t<img decoding=\"async\" src=\"http:\/\/plasticor.com\/wp-content\/uploads\/2014\/06\/market-1_2.jpg\" alt=\"\" class=\"et-waypoint et_pb_image et_pb_animation_off\" \/>\n\t\t<\/div> <!-- .et_pb_column --><div class=\"et_pb_column et_pb_column_1_2\">\n\t\t\t<div class=\"et_pb_text et_pb_bg_layout_light et_pb_text_align_left\">\n\t\t\t\n<h3>Plasticor international<\/h3>\n<h4><strong>Moulage avec pr\u00e9cision de toutes vos exigeances en mati\u00e8re de plastique<\/strong><\/h4>\n<p>Le march\u00e9 mondial est un autre d\u00e9fi de\u00a0Plasticor. Notre devise\u00a0\u00ab\u00a0Moulage avec pr\u00e9cision de toutes vos exigences en mati\u00e8re plastique\u00a0\u00bb a vite fait de nous un joueur incontournable dans ce domaine. Notre client\u00e8le a rapidement constat\u00e9 notre savoir-faire et reconnu la bonne gestion de nos programmes et notre capacit\u00e9 \u00e0 respecter le cahier des charges et l\u2019\u00e9ch\u00e9ancier pr\u00e9vu. Notre programme de solution totale permet entre autres, de communiquer, partager et suivre tous ensemble, l\u2019\u00e9volution et le calendrier du projet.\u00a0<\/p>\n<p style=\"text-align: right;\">\n\t\t<\/div> <!-- .et_pb_text -->\n\t\t<\/div> <!-- .et_pb_column -->\n\t\t<\/div> <!-- .et_pb_row --><div class=\"et_pb_row\">\n\t\t\t<div class=\"et_pb_column et_pb_column_4_4\">\n\t\t\t<hr class=\"et_pb_space et_pb_divider\" style='border-color: #ffffff;' \/>\n\t\t<\/div> <!-- .et_pb_column -->\n\t\t<\/div> <!-- .et_pb_row --><div class=\"et_pb_row\">\n\t\t\t<div class=\"et_pb_column et_pb_column_1_2\">\n\t\t\t<div class=\"et_pb_text et_pb_bg_layout_light et_pb_text_align_left\">\n\t\t\t\n<h3>Nouvelles installations au Tennessee<\/h3>\n<p>Plasticor excelle dans la planification de la cha\u00eene d\u2019approvisionnement et offre \u00e0 ses clients des solutions logistiques qui permettent de r\u00e9duire les co\u00fbts de transport. Grace \u00e0 nos nouvelles installations au Tennessee, nous serons en mesure de livrer nos produits partout en Am\u00e9rique du Nord dans les 48 heures. Le monde est maintenant un grand village et nos clients de partout dans le monde profitent de la fabrication juste-\u00e0-temps de Plasticor tout autant que de ses produits de haute qualit\u00e9 et de haute finition.<\/p>\n<p>Nous desservons\u00a0actuellement le Canada, les \u00c9tats-Unis, l&rsquo;Am\u00e9rique du sud, l&rsquo;Europe et l&rsquo;Australie. Certains de nos clients vendent mondialement les produits que nous avons manufactur\u00e9s avec et pour eux.<\/p>\n<p style=\"text-align: right;\">\u00a0<\/p>\n<p style=\"text-align: right;\">\n\t\t<\/div> <!-- .et_pb_text -->\n\t\t<\/div> <!-- .et_pb_column --><div class=\"et_pb_column et_pb_column_1_2\">\n\t\t\t<img decoding=\"async\" src=\"http:\/\/plasticor.com\/wp-content\/uploads\/2014\/06\/RBP5979_480x255.jpg\" alt=\"\" class=\"et-waypoint et_pb_image et_pb_animation_off\" \/>\n\t\t<\/div> <!-- .et_pb_column -->\n\t\t<\/div> <!-- .et_pb_row --><div class=\"et_pb_row\">\n\t\t\t<div class=\"et_pb_column et_pb_column_4_4\">\n\t\t\t<div class=\"et_pb_testimonial et_pb_testimonial_no_image et_pb_bg_layout_light et_pb_text_align_left clearfix\" style=\"background-color: #f5f5f5;\">\n\t\t\t\n\t\t\t<div class=\"et_pb_testimonial_description\">\n\t\t\t\t\n<p>Besoin d&rsquo;en savoir plus sur notre expertise et nos services ?<br \/><a href='mailto:contact1@plasticor.com' class='small-button smallblue' target=\"_blank\">Obtenez plus d&rsquo;information<\/a> \n\t\t\t\t\n\t\t\t\t\n\t\t\t<\/div> <!-- .et_pb_testimonial_description -->\n\t\t<\/div> <!-- .et_pb_testimonial -->\n\t\t<\/div> <!-- .et_pb_column -->\n\t\t<\/div> <!-- .et_pb_row -->\n\t\t\t\n\t\t<\/div> <!-- .et_pb_section --><\/p>\n","protected":false},"excerpt":{"rendered":"<p>\t\t\t\t\tMarch\u00e9 mondial<\/p>\n<p>\t\t\tHome<\/p>\n<p>Plasticor international<br \/>\nMoulage avec pr\u00e9cision de toutes vos exigeances en mati\u00e8re de &#8230;<\/p>\n","protected":false},"author":1,"featured_media":0,"parent":420,"menu_order":0,"comment_status":"closed","ping_status":"closed","template":"","meta":{"_acf_changed":false,"_monsterinsights_skip_tracking":false,"_monsterinsights_sitenote_active":false,"_monsterinsights_sitenote_note":"","_monsterinsights_sitenote_category":0,"footnotes":""},"class_list":["post-424","page","type-page","status-publish","hentry"],"acf":[],"yoast_head":"<!-- This site is optimized with the Yoast SEO plugin v24.5 - https:\/\/yoast.com\/wordpress\/plugins\/seo\/ -->\n<title>March\u00e9 mondial - Plasticor<\/title>\n<meta name=\"robots\" content=\"index, follow, max-snippet:-1, max-image-preview:large, max-video-preview:-1\" \/>\n<link rel=\"canonical\" href=\"https:\/\/plasticor.com\/fr\/marches\/marche-mondial\/\" \/>\n<meta property=\"og:locale\" content=\"fr_FR\" \/>\n<meta property=\"og:type\" content=\"article\" \/>\n<meta property=\"og:title\" content=\"March\u00e9 mondial - Plasticor\" \/>\n<meta property=\"og:description\" content=\"March\u00e9 mondial                                          Home                                                  Plasticor international Moulage avec pr\u00e9cision de toutes vos exigeances en mati\u00e8re de ...\" \/>\n<meta property=\"og:url\" content=\"https:\/\/plasticor.com\/fr\/marches\/marche-mondial\/\" \/>\n<meta property=\"og:site_name\" content=\"Plasticor\" \/>\n<meta property=\"article:modified_time\" content=\"2014-10-31T19:45:50+00:00\" \/>\n<meta name=\"twitter:label1\" content=\"Dur\u00e9e de lecture estim\u00e9e\" \/>\n\t<meta name=\"twitter:data1\" content=\"3 minutes\" \/>\n<script type=\"application\/ld+json\" class=\"yoast-schema-graph\">{\"@context\":\"https:\/\/schema.org\",\"@graph\":[{\"@type\":\"WebPage\",\"@id\":\"https:\/\/plasticor.com\/fr\/marches\/marche-mondial\/\",\"url\":\"https:\/\/plasticor.com\/fr\/marches\/marche-mondial\/\",\"name\":\"March\u00e9 mondial - Plasticor\",\"isPartOf\":{\"@id\":\"https:\/\/plasticor.com\/#website\"},\"datePublished\":\"2014-06-26T19:24:42+00:00\",\"dateModified\":\"2014-10-31T19:45:50+00:00\",\"breadcrumb\":{\"@id\":\"https:\/\/plasticor.com\/fr\/marches\/marche-mondial\/#breadcrumb\"},\"inLanguage\":\"fr-FR\",\"potentialAction\":[{\"@type\":\"ReadAction\",\"target\":[\"https:\/\/plasticor.com\/fr\/marches\/marche-mondial\/\"]}]},{\"@type\":\"BreadcrumbList\",\"@id\":\"https:\/\/plasticor.com\/fr\/marches\/marche-mondial\/#breadcrumb\",\"itemListElement\":[{\"@type\":\"ListItem\",\"position\":1,\"name\":\"Home\",\"item\":\"https:\/\/plasticor.com\/fr\/\"},{\"@type\":\"ListItem\",\"position\":2,\"name\":\"March\u00e9s\",\"item\":\"https:\/\/plasticor.com\/fr\/marches\/\"},{\"@type\":\"ListItem\",\"position\":3,\"name\":\"March\u00e9 mondial\"}]},{\"@type\":\"WebSite\",\"@id\":\"https:\/\/plasticor.com\/#website\",\"url\":\"https:\/\/plasticor.com\/\",\"name\":\"Plasticor\",\"description\":\"\",\"potentialAction\":[{\"@type\":\"SearchAction\",\"target\":{\"@type\":\"EntryPoint\",\"urlTemplate\":\"https:\/\/plasticor.com\/?s={search_term_string}\"},\"query-input\":{\"@type\":\"PropertyValueSpecification\",\"valueRequired\":true,\"valueName\":\"search_term_string\"}}],\"inLanguage\":\"fr-FR\"}]}<\/script>\n<!-- \/ Yoast SEO plugin. -->","yoast_head_json":{"title":"March\u00e9 mondial - Plasticor","robots":{"index":"index","follow":"follow","max-snippet":"max-snippet:-1","max-image-preview":"max-image-preview:large","max-video-preview":"max-video-preview:-1"},"canonical":"https:\/\/plasticor.com\/fr\/marches\/marche-mondial\/","og_locale":"fr_FR","og_type":"article","og_title":"March\u00e9 mondial - Plasticor","og_description":"March\u00e9 mondial                                          Home                                                  Plasticor international Moulage avec pr\u00e9cision de toutes vos exigeances en mati\u00e8re de ...","og_url":"https:\/\/plasticor.com\/fr\/marches\/marche-mondial\/","og_site_name":"Plasticor","article_modified_time":"2014-10-31T19:45:50+00:00","twitter_misc":{"Dur\u00e9e de lecture estim\u00e9e":"3 minutes"},"schema":{"@context":"https:\/\/schema.org","@graph":[{"@type":"WebPage","@id":"https:\/\/plasticor.com\/fr\/marches\/marche-mondial\/","url":"https:\/\/plasticor.com\/fr\/marches\/marche-mondial\/","name":"March\u00e9 mondial - Plasticor","isPartOf":{"@id":"https:\/\/plasticor.com\/#website"},"datePublished":"2014-06-26T19:24:42+00:00","dateModified":"2014-10-31T19:45:50+00:00","breadcrumb":{"@id":"https:\/\/plasticor.com\/fr\/marches\/marche-mondial\/#breadcrumb"},"inLanguage":"fr-FR","potentialAction":[{"@type":"ReadAction","target":["https:\/\/plasticor.com\/fr\/marches\/marche-mondial\/"]}]},{"@type":"BreadcrumbList","@id":"https:\/\/plasticor.com\/fr\/marches\/marche-mondial\/#breadcrumb","itemListElement":[{"@type":"ListItem","position":1,"name":"Home","item":"https:\/\/plasticor.com\/fr\/"},{"@type":"ListItem","position":2,"name":"March\u00e9s","item":"https:\/\/plasticor.com\/fr\/marches\/"},{"@type":"ListItem","position":3,"name":"March\u00e9 mondial"}]},{"@type":"WebSite","@id":"https:\/\/plasticor.com\/#website","url":"https:\/\/plasticor.com\/","name":"Plasticor","description":"","potentialAction":[{"@type":"SearchAction","target":{"@type":"EntryPoint","urlTemplate":"https:\/\/plasticor.com\/?s={search_term_string}"},"query-input":{"@type":"PropertyValueSpecification","valueRequired":true,"valueName":"search_term_string"}}],"inLanguage":"fr-FR"}]}},"wps_subtitle":"","_links":{"self":[{"href":"https:\/\/plasticor.com\/fr\/wp-json\/wp\/v2\/pages\/424","targetHints":{"allow":["GET"]}}],"collection":[{"href":"https:\/\/plasticor.com\/fr\/wp-json\/wp\/v2\/pages"}],"about":[{"href":"https:\/\/plasticor.com\/fr\/wp-json\/wp\/v2\/types\/page"}],"author":[{"embeddable":true,"href":"https:\/\/plasticor.com\/fr\/wp-json\/wp\/v2\/users\/1"}],"replies":[{"embeddable":true,"href":"https:\/\/plasticor.com\/fr\/wp-json\/wp\/v2\/comments?post=424"}],"version-history":[{"count":1,"href":"https:\/\/plasticor.com\/fr\/wp-json\/wp\/v2\/pages\/424\/revisions"}],"predecessor-version":[{"id":650,"href":"https:\/\/plasticor.com\/fr\/wp-json\/wp\/v2\/pages\/424\/revisions\/650"}],"up":[{"embeddable":true,"href":"https:\/\/plasticor.com\/fr\/wp-json\/wp\/v2\/pages\/420"}],"wp:attachment":[{"href":"https:\/\/plasticor.com\/fr\/wp-json\/wp\/v2\/media?parent=424"}],"curies":[{"name":"wp","href":"https:\/\/api.w.org\/{rel}","templated":true}]}}