{"id":427,"date":"2014-06-26T19:16:52","date_gmt":"2014-06-26T23:16:52","guid":{"rendered":"http:\/\/plasticor.com\/?page_id=427"},"modified":"2014-10-31T15:47:08","modified_gmt":"2014-10-31T19:47:08","slug":"oem-marche-equipement-origine","status":"publish","type":"page","link":"https:\/\/plasticor.com\/fr\/marches\/oem-marche-equipement-origine\/","title":{"rendered":"OEM \u2013 March\u00e9 de l\u2019\u00e9quipement d\u2019origine"},"content":{"rendered":"<p><div class=\"et_pb_section et_pb_fullwidth_section et_section_regular\">\n\t\t\t\n\t\t\t\n\t\t\t\t\n\t\t\t\t<div id=\"childpage-slider\" class=\"et_pb_slider et_slider_auto et_slider_speed_70000 homepage-fullwidth-slider\">\n\t\t\t<div class=\"et_pb_slides\">\n\t\t\t\t<div class=\"et_pb_slide et_pb_bg_layout_light\" style='background-color:#f0f0f5;background-image:url(http:\/\/plasticor.com\/wp-content\/uploads\/2014\/06\/marches.jpg);'>\n\t\t\t\n\t\t\t<div class=\"et_pb_container clearfix\">\n\t\t\t\t\n\t\t\t\t<div class=\"et_pb_slide_description\">\n\t\t\t\t\t<h1>OEM \u2013 March\u00e9 de l\u2019\u00e9quipement d\u2019origine<\/h1>\n\t\t\t\t\t<div class=\"et_pb_slide_content\"><\/div>\n\t\t\t\t\t\n\t\t\t\t<\/div> <!-- .et_pb_slide_description -->\n\t\t\t<\/div> <!-- .et_pb_container -->\n\t\t\t\n\t\t<\/div> <!-- .et_pb_slide -->\n\t\t\n\t\t\t<\/div> <!-- .et_pb_slides -->\n\t\t<\/div> <!-- .et_pb_slider -->\n\t\t\n\t\t\t\n\t\t<\/div> <!-- .et_pb_section --><div id=\"bread-media\" class=\"et_pb_section et_section_regular\" style='background-color:#ffffff;'>\n\t\t\t\n\t\t\t\n\t\t\t\t\n\t\t\t\t<div class=\"et_pb_row\">\n\t\t\t<div class=\"et_pb_column et_pb_column_1_2\">\n\t\t\t<div class=\"et_pb_text et_pb_bg_layout_light et_pb_text_align_left\">\n\t\t\t<p id=\"breadcrumbs\"><span><span><a href=\"https:\/\/plasticor.com\/fr\/\">Home<\/a><\/span><\/span><\/p>\n\t\t<\/div> <!-- .et_pb_text -->\n\t\t<\/div> <!-- .et_pb_column --><div class=\"et_pb_column et_pb_column_1_2\">\n\t\t\t<div class=\"et_pb_text et_pb_bg_layout_light et_pb_text_align_left share_this\">\n\t\t\t\n<p style=\"text-align: right;\"><!--span class=\"st_sharethis\"><\/span-->\n\t\t\t<span class=\"st_facebook\"><\/span>\n\t\t\t<span class=\"st_twitter\"><\/span>\n\t\t\t<span class=\"st_linkedin\"><\/span>\n\t\t\t<span class=\"st_googleplus\"><\/span>\n\t\t\t<span class=\"st_pinterest\"><\/span>\n\t\t\t<span class=\"st_tumblr\"><\/span>\n\t\t<\/div> <!-- .et_pb_text -->\n\t\t<\/div> <!-- .et_pb_column -->\n\t\t<\/div> <!-- .et_pb_row -->\n\t\t\t\n\t\t<\/div> <!-- .et_pb_section --><div class=\"et_pb_section et_section_regular\">\n\t\t\t\n\t\t\t\n\t\t\t\t\n\t\t\t\t<div class=\"et_pb_row\">\n\t\t\t<div class=\"et_pb_column et_pb_column_1_2\">\n\t\t\t<img decoding=\"async\" src=\"http:\/\/plasticor.com\/wp-content\/uploads\/2014\/06\/RBP5807_particules_v2.jpg\" alt=\"\" class=\"et-waypoint et_pb_image et_pb_animation_off\" \/>\n\t\t<\/div> <!-- .et_pb_column --><div class=\"et_pb_column et_pb_column_1_2\">\n\t\t\t<div class=\"et_pb_text et_pb_bg_layout_light et_pb_text_align_left\">\n\t\t\t\n<h3>D\u00e9veloppement de produits<\/h3>\n<h4><strong>\u00c9liminer les contraintes de temps<\/strong><\/h4>\n<p>OEM &#8211; Dans ce march\u00e9, les autres manufacturiers d\u2019origine doivent faire face aux contraintes de temps lors du lancement d\u2019un nouveau produit. Un nouveau produit peut demander un plastique industriel de haute performance, un design sans d\u00e9faut, une proc\u00e9dure de moulage complexe, un assemblage sp\u00e9cial ainsi qu\u2019une d\u00e9coration et un emballage particuliers. Plasticor \u00e9limine cette contrainte de temps en tant que manufacturier sous contrat gr\u00e2ce \u00e0 son offre de solution totale dans le d\u00e9veloppement du produit. Ce march\u00e9 est toujours tr\u00e8s stimulant pour nos \u00e9quipes d\u2019ing\u00e9nierie et nos sp\u00e9cialistes du plastique. Chaque ann\u00e9e, nous voyons appara\u00eetre\u00a0sur le march\u00e9 de nouveaux produits de plastique que nous avons aid\u00e9 \u00e0 d\u00e9velopper. Voil\u00e0 notre d\u00e9fi et notre but.\u00a0<\/p>\n\n\t\t<\/div> <!-- .et_pb_text -->\n\t\t<\/div> <!-- .et_pb_column -->\n\t\t<\/div> <!-- .et_pb_row --><div class=\"et_pb_row\">\n\t\t\t<div class=\"et_pb_column et_pb_column_4_4\">\n\t\t\t<hr class=\"et_pb_space et_pb_divider\" style='border-color: #ffffff;' \/>\n\t\t<\/div> <!-- .et_pb_column -->\n\t\t<\/div> <!-- .et_pb_row --><div class=\"et_pb_row\">\n\t\t\t<div class=\"et_pb_column et_pb_column_1_2\">\n\t\t\t<div class=\"et_pb_text et_pb_bg_layout_light et_pb_text_align_left\">\n\t\t\t\n<h3>Nouveaux produits<\/h3>\n<h4><strong>Lean Manufacturing<br \/><\/strong><\/h4>\n<p>Les manufacturiers d\u2019\u00e9quipement origine doivent aussi faire face aux contraintes de temps pour le d\u00e9veloppement d\u2019un nouveau produit. Comment peut-on les aider? En appliquant la gestion et la production all\u00e9g\u00e9es Lean Manufacturing, ce qui nous permet de transmettre nos \u00e9conomies \u00e0 notre client et de fabriquer des produits de haute qualit\u00e9 et de haute finition.<\/p>\n<p style=\"text-align: right;\">\n\t\t<\/div> <!-- .et_pb_text -->\n\t\t<\/div> <!-- .et_pb_column --><div class=\"et_pb_column et_pb_column_1_2\">\n\t\t\t<img decoding=\"async\" src=\"http:\/\/plasticor.com\/wp-content\/uploads\/2014\/06\/RBP6014-480x255.jpg\" alt=\"\" class=\"et-waypoint et_pb_image et_pb_animation_off\" \/>\n\t\t<\/div> <!-- .et_pb_column -->\n\t\t<\/div> <!-- .et_pb_row --><div class=\"et_pb_row\">\n\t\t\t<div class=\"et_pb_column et_pb_column_4_4\">\n\t\t\t<div class=\"et_pb_testimonial et_pb_testimonial_no_image et_pb_bg_layout_light et_pb_text_align_left clearfix\" style=\"background-color: #f5f5f5;\">\n\t\t\t\n\t\t\t<div class=\"et_pb_testimonial_description\">\n\t\t\t\t\n<p>Besoin d&rsquo;en savoir plus sur notre expertise et nos services ?<br \/><a href='mailto:contact1@plasticor.com' class='small-button smallblue' target=\"_blank\">Obtenez plus d&rsquo;information<\/a>\u00a0<\/p>\n<p style=\"text-align: right;\">\n\t\t\t\t\n\t\t\t\t\n\t\t\t<\/div> <!-- .et_pb_testimonial_description -->\n\t\t<\/div> <!-- .et_pb_testimonial -->\n\t\t<\/div> <!-- .et_pb_column -->\n\t\t<\/div> <!-- .et_pb_row -->\n\t\t\t\n\t\t<\/div> <!-- .et_pb_section --><\/p>\n","protected":false},"excerpt":{"rendered":"<p>\t\t\t\t\tOEM \u2013 March\u00e9 de l\u2019\u00e9quipement d\u2019origine<\/p>\n<p>\t\t\tHome<\/p>\n<p>D\u00e9veloppement de produits<br \/>\n\u00c9liminer les contraintes de temps<br \/>\nOEM &#8230;<\/p>\n","protected":false},"author":1,"featured_media":0,"parent":420,"menu_order":0,"comment_status":"closed","ping_status":"closed","template":"","meta":{"_acf_changed":false,"_monsterinsights_skip_tracking":false,"_monsterinsights_sitenote_active":false,"_monsterinsights_sitenote_note":"","_monsterinsights_sitenote_category":0,"footnotes":""},"class_list":["post-427","page","type-page","status-publish","hentry"],"acf":[],"yoast_head":"<!-- This site is optimized with the Yoast SEO plugin v24.5 - https:\/\/yoast.com\/wordpress\/plugins\/seo\/ -->\n<title>OEM \u2013 March\u00e9 de l\u2019\u00e9quipement d\u2019origine - Plasticor<\/title>\n<meta name=\"robots\" content=\"index, follow, max-snippet:-1, max-image-preview:large, max-video-preview:-1\" \/>\n<link rel=\"canonical\" href=\"https:\/\/plasticor.com\/fr\/marches\/oem-marche-equipement-origine\/\" \/>\n<meta property=\"og:locale\" content=\"fr_FR\" \/>\n<meta property=\"og:type\" content=\"article\" \/>\n<meta property=\"og:title\" content=\"OEM \u2013 March\u00e9 de l\u2019\u00e9quipement d\u2019origine - Plasticor\" \/>\n<meta property=\"og:description\" content=\"OEM \u2013 March\u00e9 de l\u2019\u00e9quipement d\u2019origine                                          Home                                                  D\u00e9veloppement de produits \u00c9liminer les contraintes de temps OEM ...\" \/>\n<meta property=\"og:url\" content=\"https:\/\/plasticor.com\/fr\/marches\/oem-marche-equipement-origine\/\" \/>\n<meta property=\"og:site_name\" content=\"Plasticor\" \/>\n<meta property=\"article:modified_time\" content=\"2014-10-31T19:47:08+00:00\" \/>\n<meta name=\"twitter:label1\" content=\"Dur\u00e9e de lecture estim\u00e9e\" \/>\n\t<meta name=\"twitter:data1\" content=\"3 minutes\" \/>\n<script type=\"application\/ld+json\" class=\"yoast-schema-graph\">{\"@context\":\"https:\/\/schema.org\",\"@graph\":[{\"@type\":\"WebPage\",\"@id\":\"https:\/\/plasticor.com\/fr\/marches\/oem-marche-equipement-origine\/\",\"url\":\"https:\/\/plasticor.com\/fr\/marches\/oem-marche-equipement-origine\/\",\"name\":\"OEM \u2013 March\u00e9 de l\u2019\u00e9quipement d\u2019origine - Plasticor\",\"isPartOf\":{\"@id\":\"https:\/\/plasticor.com\/#website\"},\"datePublished\":\"2014-06-26T23:16:52+00:00\",\"dateModified\":\"2014-10-31T19:47:08+00:00\",\"breadcrumb\":{\"@id\":\"https:\/\/plasticor.com\/fr\/marches\/oem-marche-equipement-origine\/#breadcrumb\"},\"inLanguage\":\"fr-FR\",\"potentialAction\":[{\"@type\":\"ReadAction\",\"target\":[\"https:\/\/plasticor.com\/fr\/marches\/oem-marche-equipement-origine\/\"]}]},{\"@type\":\"BreadcrumbList\",\"@id\":\"https:\/\/plasticor.com\/fr\/marches\/oem-marche-equipement-origine\/#breadcrumb\",\"itemListElement\":[{\"@type\":\"ListItem\",\"position\":1,\"name\":\"Home\",\"item\":\"https:\/\/plasticor.com\/fr\/\"},{\"@type\":\"ListItem\",\"position\":2,\"name\":\"March\u00e9s\",\"item\":\"https:\/\/plasticor.com\/fr\/marches\/\"},{\"@type\":\"ListItem\",\"position\":3,\"name\":\"OEM \u2013 March\u00e9 de l\u2019\u00e9quipement d\u2019origine\"}]},{\"@type\":\"WebSite\",\"@id\":\"https:\/\/plasticor.com\/#website\",\"url\":\"https:\/\/plasticor.com\/\",\"name\":\"Plasticor\",\"description\":\"\",\"potentialAction\":[{\"@type\":\"SearchAction\",\"target\":{\"@type\":\"EntryPoint\",\"urlTemplate\":\"https:\/\/plasticor.com\/?s={search_term_string}\"},\"query-input\":{\"@type\":\"PropertyValueSpecification\",\"valueRequired\":true,\"valueName\":\"search_term_string\"}}],\"inLanguage\":\"fr-FR\"}]}<\/script>\n<!-- \/ Yoast SEO plugin. -->","yoast_head_json":{"title":"OEM \u2013 March\u00e9 de l\u2019\u00e9quipement d\u2019origine - Plasticor","robots":{"index":"index","follow":"follow","max-snippet":"max-snippet:-1","max-image-preview":"max-image-preview:large","max-video-preview":"max-video-preview:-1"},"canonical":"https:\/\/plasticor.com\/fr\/marches\/oem-marche-equipement-origine\/","og_locale":"fr_FR","og_type":"article","og_title":"OEM \u2013 March\u00e9 de l\u2019\u00e9quipement d\u2019origine - Plasticor","og_description":"OEM \u2013 March\u00e9 de l\u2019\u00e9quipement d\u2019origine                                          Home                                                  D\u00e9veloppement de produits \u00c9liminer les contraintes de temps OEM ...","og_url":"https:\/\/plasticor.com\/fr\/marches\/oem-marche-equipement-origine\/","og_site_name":"Plasticor","article_modified_time":"2014-10-31T19:47:08+00:00","twitter_misc":{"Dur\u00e9e de lecture estim\u00e9e":"3 minutes"},"schema":{"@context":"https:\/\/schema.org","@graph":[{"@type":"WebPage","@id":"https:\/\/plasticor.com\/fr\/marches\/oem-marche-equipement-origine\/","url":"https:\/\/plasticor.com\/fr\/marches\/oem-marche-equipement-origine\/","name":"OEM \u2013 March\u00e9 de l\u2019\u00e9quipement d\u2019origine - Plasticor","isPartOf":{"@id":"https:\/\/plasticor.com\/#website"},"datePublished":"2014-06-26T23:16:52+00:00","dateModified":"2014-10-31T19:47:08+00:00","breadcrumb":{"@id":"https:\/\/plasticor.com\/fr\/marches\/oem-marche-equipement-origine\/#breadcrumb"},"inLanguage":"fr-FR","potentialAction":[{"@type":"ReadAction","target":["https:\/\/plasticor.com\/fr\/marches\/oem-marche-equipement-origine\/"]}]},{"@type":"BreadcrumbList","@id":"https:\/\/plasticor.com\/fr\/marches\/oem-marche-equipement-origine\/#breadcrumb","itemListElement":[{"@type":"ListItem","position":1,"name":"Home","item":"https:\/\/plasticor.com\/fr\/"},{"@type":"ListItem","position":2,"name":"March\u00e9s","item":"https:\/\/plasticor.com\/fr\/marches\/"},{"@type":"ListItem","position":3,"name":"OEM \u2013 March\u00e9 de l\u2019\u00e9quipement d\u2019origine"}]},{"@type":"WebSite","@id":"https:\/\/plasticor.com\/#website","url":"https:\/\/plasticor.com\/","name":"Plasticor","description":"","potentialAction":[{"@type":"SearchAction","target":{"@type":"EntryPoint","urlTemplate":"https:\/\/plasticor.com\/?s={search_term_string}"},"query-input":{"@type":"PropertyValueSpecification","valueRequired":true,"valueName":"search_term_string"}}],"inLanguage":"fr-FR"}]}},"wps_subtitle":"","_links":{"self":[{"href":"https:\/\/plasticor.com\/fr\/wp-json\/wp\/v2\/pages\/427","targetHints":{"allow":["GET"]}}],"collection":[{"href":"https:\/\/plasticor.com\/fr\/wp-json\/wp\/v2\/pages"}],"about":[{"href":"https:\/\/plasticor.com\/fr\/wp-json\/wp\/v2\/types\/page"}],"author":[{"embeddable":true,"href":"https:\/\/plasticor.com\/fr\/wp-json\/wp\/v2\/users\/1"}],"replies":[{"embeddable":true,"href":"https:\/\/plasticor.com\/fr\/wp-json\/wp\/v2\/comments?post=427"}],"version-history":[{"count":1,"href":"https:\/\/plasticor.com\/fr\/wp-json\/wp\/v2\/pages\/427\/revisions"}],"predecessor-version":[{"id":580,"href":"https:\/\/plasticor.com\/fr\/wp-json\/wp\/v2\/pages\/427\/revisions\/580"}],"up":[{"embeddable":true,"href":"https:\/\/plasticor.com\/fr\/wp-json\/wp\/v2\/pages\/420"}],"wp:attachment":[{"href":"https:\/\/plasticor.com\/fr\/wp-json\/wp\/v2\/media?parent=427"}],"curies":[{"name":"wp","href":"https:\/\/api.w.org\/{rel}","templated":true}]}}