{"id":452,"date":"2014-06-20T20:52:43","date_gmt":"2014-06-21T00:52:43","guid":{"rendered":"http:\/\/plasticor.com\/?page_id=452"},"modified":"2014-09-10T09:59:53","modified_gmt":"2014-09-10T13:59:53","slug":"plan-du-site","status":"publish","type":"page","link":"https:\/\/plasticor.com\/fr\/plan-du-site\/","title":{"rendered":"Plan du site"},"content":{"rendered":"<p><div class=\"et_pb_section et_pb_fullwidth_section et_section_regular\">\n\t\t\t\n\t\t\t\n\t\t\t\t\n\t\t\t\t<div id=\"childpage-slider\" class=\"et_pb_slider et_pb_slider_no_arrows et_pb_slider_no_pagination homepage-fullwidth-slider\">\n\t\t\t<div class=\"et_pb_slides\">\n\t\t\t\t<div class=\"et_pb_slide et_pb_bg_layout_light\" style='background-color:#f0f0f5;background-image:url(http:\/\/plasticor.com\/wp-content\/uploads\/2014\/06\/header-default.jpg);'>\n\t\t\t\n\t\t\t<div class=\"et_pb_container clearfix\">\n\t\t\t\t\n\t\t\t\t<div class=\"et_pb_slide_description\">\n\t\t\t\t\t<h1>Plan du site<\/h1>\n\t\t\t\t\t<div class=\"et_pb_slide_content\">\n<p>Lorem ipsum dolor sit amet, consectetur adipiscing elitnteger nisi ipsum, sagittis a placerat vitae.<\/p>\n<p>\u00a0<\/p>\n<\/div>\n\t\t\t\t\t\n\t\t\t\t<\/div> <!-- .et_pb_slide_description -->\n\t\t\t<\/div> <!-- .et_pb_container -->\n\t\t\t\n\t\t<\/div> <!-- .et_pb_slide -->\n\t\t\n\t\t\t<\/div> <!-- .et_pb_slides -->\n\t\t<\/div> <!-- .et_pb_slider -->\n\t\t\n\t\t\t\n\t\t<\/div> <!-- .et_pb_section --><div id=\"bread-media\" class=\"et_pb_section et_section_regular\" style='background-color:#ffffff;'>\n\t\t\t\n\t\t\t\n\t\t\t\t\n\t\t\t\t<div class=\"et_pb_row\">\n\t\t\t<div class=\"et_pb_column et_pb_column_1_2\">\n\t\t\t<div class=\"et_pb_text et_pb_bg_layout_light et_pb_text_align_left\">\n\t\t\t<p id=\"breadcrumbs\"><span><span><a href=\"https:\/\/plasticor.com\/fr\/\">Home<\/a><\/span><\/span><\/p>\n\t\t<\/div> <!-- .et_pb_text -->\n\t\t<\/div> <!-- .et_pb_column --><div class=\"et_pb_column et_pb_column_1_2\">\n\t\t\t<div class=\"et_pb_text et_pb_bg_layout_light et_pb_text_align_left share_this\">\n\t\t\t\n<p style=\"text-align: right;\"><!--span class=\"st_sharethis\"><\/span-->\n\t\t\t<span class=\"st_facebook\"><\/span>\n\t\t\t<span class=\"st_twitter\"><\/span>\n\t\t\t<span class=\"st_linkedin\"><\/span>\n\t\t\t<span class=\"st_googleplus\"><\/span>\n\t\t\t<span class=\"st_pinterest\"><\/span>\n\t\t\t<span class=\"st_tumblr\"><\/span>\n\t\t<\/div> <!-- .et_pb_text -->\n\t\t<\/div> <!-- .et_pb_column -->\n\t\t<\/div> <!-- .et_pb_row -->\n\t\t\t\n\t\t<\/div> <!-- .et_pb_section --><div class=\"et_pb_section et_section_regular\" style='background-color:#ffffff;'>\n\t\t\t\n\t\t\t\n\t\t\t\t\n\t\t\t\t<div class=\"et_pb_row\">\n\t\t\t<div class=\"et_pb_column et_pb_column_4_4\">\n\t\t\t<div class=\"et_pb_text et_pb_bg_layout_light et_pb_text_align_left\">\n\t\t\t <div class=\"wsp-container\"><h2 class=\"wsp-pages-title\">Pages<\/h2>\n<ul class=\"wsp-pages-list\">\n<li class=\"page_item page-item-298\"><a href=\"https:\/\/plasticor.com\/fr\/\">Accueil<\/a><\/li>\n<li class=\"page_item page-item-452\"><a href=\"https:\/\/plasticor.com\/fr\/plan-du-site\/\">Plan du site<\/a><\/li>\n<li class=\"page_item page-item-302 page_item_has_children\"><a href=\"https:\/\/plasticor.com\/fr\/a-propos\/\">\u00c0 propos<\/a>\n<ul class='children'>\n\t<li class=\"page_item page-item-303\"><a href=\"https:\/\/plasticor.com\/fr\/a-propos\/historique\/\">Historique<\/a><\/li>\n\t<li class=\"page_item page-item-304\"><a href=\"https:\/\/plasticor.com\/fr\/a-propos\/innovation\/\">Innovation<\/a><\/li>\n\t<li class=\"page_item page-item-305\"><a href=\"https:\/\/plasticor.com\/fr\/a-propos\/pourquoi-plasticor\/\">Pourquoi Plasticor?<\/a><\/li>\n\t<li class=\"page_item page-item-306\"><a href=\"https:\/\/plasticor.com\/fr\/a-propos\/equipe\/\">L\u2019\u00e9quipe<\/a><\/li>\n<\/ul>\n<\/li>\n<li class=\"page_item page-item-307 page_item_has_children\"><a href=\"https:\/\/plasticor.com\/fr\/services-360\/\">Services 360\u00b0<\/a>\n<ul class='children'>\n\t<li class=\"page_item page-item-350\"><a href=\"https:\/\/plasticor.com\/fr\/services-360\/conception\/\">Conception<\/a><\/li>\n\t<li class=\"page_item page-item-353\"><a href=\"https:\/\/plasticor.com\/fr\/services-360\/production-moules\/\">Production de moules<\/a><\/li>\n\t<li class=\"page_item page-item-356\"><a href=\"https:\/\/plasticor.com\/fr\/services-360\/moulage-injection\/\">Moulage par injection<\/a><\/li>\n\t<li class=\"page_item page-item-359\"><a href=\"https:\/\/plasticor.com\/fr\/services-360\/decoration-impression\/\">D\u00e9coration et impression<\/a><\/li>\n\t<li class=\"page_item page-item-363\"><a href=\"https:\/\/plasticor.com\/fr\/services-360\/assemblage-et-emballage\/\">Assemblage et emballage<\/a><\/li>\n<\/ul>\n<\/li>\n<li class=\"page_item page-item-366 page_item_has_children\"><a href=\"https:\/\/plasticor.com\/fr\/produits\/\">Produits<\/a>\n<ul class='children'>\n\t<li class=\"page_item page-item-371\"><a href=\"https:\/\/plasticor.com\/fr\/produits\/panneaux-controle-panneaux-service\/\">Panneaux de contr\u00f4le et panneaux de service<\/a><\/li>\n\t<li class=\"page_item page-item-398\"><a href=\"https:\/\/plasticor.com\/fr\/produits\/boutons\/\">Boutons<\/a><\/li>\n\t<li class=\"page_item page-item-402\"><a href=\"https:\/\/plasticor.com\/fr\/produits\/resines-industrielles\/\">R\u00e9sines industrielles<\/a><\/li>\n\t<li class=\"page_item page-item-408\"><a href=\"https:\/\/plasticor.com\/fr\/produits\/moulage-sur-mesure\/\">Moulage sur mesure<\/a><\/li>\n<\/ul>\n<\/li>\n<li class=\"page_item page-item-420 page_item_has_children\"><a href=\"https:\/\/plasticor.com\/fr\/marches\/\">March\u00e9s<\/a>\n<ul class='children'>\n\t<li class=\"page_item page-item-424\"><a href=\"https:\/\/plasticor.com\/fr\/marches\/marche-mondial\/\">March\u00e9 mondial<\/a><\/li>\n\t<li class=\"page_item page-item-427\"><a href=\"https:\/\/plasticor.com\/fr\/marches\/oem-marche-equipement-origine\/\">OEM \u2013 March\u00e9 de l\u2019\u00e9quipement d\u2019origine<\/a><\/li>\n<\/ul>\n<\/li>\n<li class=\"page_item page-item-445\"><a href=\"https:\/\/plasticor.com\/fr\/contact\/\">Contact<\/a><\/li>\n<\/ul>\n<h2 class=\"wsp-newss-title\">Nouvelles<\/h2>\n<ul class=\"wsp-newss-list\">\n<li><a href=\"https:\/\/plasticor.com\/fr\/nouvelles\/recherchons-2-representants-des-ventes-experimentes-contrat\/\">Recherchons 2 repr\u00e9sentants des ventes exp\u00e9riment\u00e9s - Contrat<\/a><\/li>\n<li><a href=\"https:\/\/plasticor.com\/fr\/nouvelles\/plasticor-celebre-30e-anniversaire-quune-seconde-generation-di-guida-se-retrouve-tete\/\">Plasticor c\u00e9l\u00e8bre son 30e anniversaire alors qu\u2019une seconde g\u00e9n\u00e9ration de Di Guida se retrouve \u00e0 sa t\u00eate<\/a><\/li>\n<\/ul>\n<h2 class=\"wsp-categorie-nouvelles-title\">Cat\u00e9gories<\/h2>\n<ul class=\"wsp-categorie-nouvelles-list\">\n<li><a href=\"https:\/\/plasticor.com\/fr\/categorie-nouvelle\/informations-fr\/\">Informations<\/a><\/li>\n<li><a href=\"https:\/\/plasticor.com\/fr\/categorie-nouvelle\/offres-emploi\/\">Offres d'emploi<\/a><\/li>\n<\/ul>\n<\/div> \n\t\t<\/div> <!-- .et_pb_text -->\n\t\t<\/div> <!-- .et_pb_column -->\n\t\t<\/div> <!-- .et_pb_row -->\n\t\t\t\n\t\t<\/div> <!-- .et_pb_section --><\/p>\n","protected":false},"excerpt":{"rendered":"<p>\t\t\t\t\tPlan du site<\/p>\n<p>Lorem ipsum dolor sit amet, consectetur adipiscing elitnteger nisi ipsum, sagittis a placerat vitae.<br \/>\n\u00a0<\/p>\n<p>\t\t\tHome<\/p>\n<p>\t\t &#8230;<\/p>\n","protected":false},"author":1,"featured_media":0,"parent":0,"menu_order":0,"comment_status":"closed","ping_status":"closed","template":"","meta":{"_acf_changed":false,"_monsterinsights_skip_tracking":false,"_monsterinsights_sitenote_active":false,"_monsterinsights_sitenote_note":"","_monsterinsights_sitenote_category":0,"footnotes":""},"class_list":["post-452","page","type-page","status-publish","hentry"],"acf":[],"yoast_head":"<!-- This site is optimized with the Yoast SEO plugin v24.5 - https:\/\/yoast.com\/wordpress\/plugins\/seo\/ -->\n<title>Plan du site - Plasticor<\/title>\n<meta name=\"robots\" content=\"index, follow, max-snippet:-1, max-image-preview:large, max-video-preview:-1\" \/>\n<link rel=\"canonical\" href=\"https:\/\/plasticor.com\/fr\/plan-du-site\/\" \/>\n<meta property=\"og:locale\" content=\"fr_FR\" \/>\n<meta property=\"og:type\" content=\"article\" \/>\n<meta property=\"og:title\" content=\"Plan du site - Plasticor\" \/>\n<meta property=\"og:description\" content=\"Plan du site    Lorem ipsum dolor sit amet, consectetur adipiscing elitnteger nisi ipsum, sagittis a placerat vitae. \u00a0                                        Home                         ...\" \/>\n<meta property=\"og:url\" content=\"https:\/\/plasticor.com\/fr\/plan-du-site\/\" \/>\n<meta property=\"og:site_name\" content=\"Plasticor\" \/>\n<meta property=\"article:modified_time\" content=\"2014-09-10T13:59:53+00:00\" \/>\n<meta name=\"twitter:label1\" content=\"Dur\u00e9e de lecture estim\u00e9e\" \/>\n\t<meta name=\"twitter:data1\" content=\"1 minute\" \/>\n<script type=\"application\/ld+json\" class=\"yoast-schema-graph\">{\"@context\":\"https:\/\/schema.org\",\"@graph\":[{\"@type\":\"WebPage\",\"@id\":\"https:\/\/plasticor.com\/fr\/plan-du-site\/\",\"url\":\"https:\/\/plasticor.com\/fr\/plan-du-site\/\",\"name\":\"Plan du site - Plasticor\",\"isPartOf\":{\"@id\":\"https:\/\/plasticor.com\/#website\"},\"datePublished\":\"2014-06-21T00:52:43+00:00\",\"dateModified\":\"2014-09-10T13:59:53+00:00\",\"breadcrumb\":{\"@id\":\"https:\/\/plasticor.com\/fr\/plan-du-site\/#breadcrumb\"},\"inLanguage\":\"fr-FR\",\"potentialAction\":[{\"@type\":\"ReadAction\",\"target\":[\"https:\/\/plasticor.com\/fr\/plan-du-site\/\"]}]},{\"@type\":\"BreadcrumbList\",\"@id\":\"https:\/\/plasticor.com\/fr\/plan-du-site\/#breadcrumb\",\"itemListElement\":[{\"@type\":\"ListItem\",\"position\":1,\"name\":\"Home\",\"item\":\"https:\/\/plasticor.com\/fr\/\"},{\"@type\":\"ListItem\",\"position\":2,\"name\":\"Plan du site\"}]},{\"@type\":\"WebSite\",\"@id\":\"https:\/\/plasticor.com\/#website\",\"url\":\"https:\/\/plasticor.com\/\",\"name\":\"Plasticor\",\"description\":\"\",\"potentialAction\":[{\"@type\":\"SearchAction\",\"target\":{\"@type\":\"EntryPoint\",\"urlTemplate\":\"https:\/\/plasticor.com\/?s={search_term_string}\"},\"query-input\":{\"@type\":\"PropertyValueSpecification\",\"valueRequired\":true,\"valueName\":\"search_term_string\"}}],\"inLanguage\":\"fr-FR\"}]}<\/script>\n<!-- \/ Yoast SEO plugin. -->","yoast_head_json":{"title":"Plan du site - Plasticor","robots":{"index":"index","follow":"follow","max-snippet":"max-snippet:-1","max-image-preview":"max-image-preview:large","max-video-preview":"max-video-preview:-1"},"canonical":"https:\/\/plasticor.com\/fr\/plan-du-site\/","og_locale":"fr_FR","og_type":"article","og_title":"Plan du site - Plasticor","og_description":"Plan du site    Lorem ipsum dolor sit amet, consectetur adipiscing elitnteger nisi ipsum, sagittis a placerat vitae. \u00a0                                        Home                         ...","og_url":"https:\/\/plasticor.com\/fr\/plan-du-site\/","og_site_name":"Plasticor","article_modified_time":"2014-09-10T13:59:53+00:00","twitter_misc":{"Dur\u00e9e de lecture estim\u00e9e":"1 minute"},"schema":{"@context":"https:\/\/schema.org","@graph":[{"@type":"WebPage","@id":"https:\/\/plasticor.com\/fr\/plan-du-site\/","url":"https:\/\/plasticor.com\/fr\/plan-du-site\/","name":"Plan du site - Plasticor","isPartOf":{"@id":"https:\/\/plasticor.com\/#website"},"datePublished":"2014-06-21T00:52:43+00:00","dateModified":"2014-09-10T13:59:53+00:00","breadcrumb":{"@id":"https:\/\/plasticor.com\/fr\/plan-du-site\/#breadcrumb"},"inLanguage":"fr-FR","potentialAction":[{"@type":"ReadAction","target":["https:\/\/plasticor.com\/fr\/plan-du-site\/"]}]},{"@type":"BreadcrumbList","@id":"https:\/\/plasticor.com\/fr\/plan-du-site\/#breadcrumb","itemListElement":[{"@type":"ListItem","position":1,"name":"Home","item":"https:\/\/plasticor.com\/fr\/"},{"@type":"ListItem","position":2,"name":"Plan du site"}]},{"@type":"WebSite","@id":"https:\/\/plasticor.com\/#website","url":"https:\/\/plasticor.com\/","name":"Plasticor","description":"","potentialAction":[{"@type":"SearchAction","target":{"@type":"EntryPoint","urlTemplate":"https:\/\/plasticor.com\/?s={search_term_string}"},"query-input":{"@type":"PropertyValueSpecification","valueRequired":true,"valueName":"search_term_string"}}],"inLanguage":"fr-FR"}]}},"wps_subtitle":"","_links":{"self":[{"href":"https:\/\/plasticor.com\/fr\/wp-json\/wp\/v2\/pages\/452","targetHints":{"allow":["GET"]}}],"collection":[{"href":"https:\/\/plasticor.com\/fr\/wp-json\/wp\/v2\/pages"}],"about":[{"href":"https:\/\/plasticor.com\/fr\/wp-json\/wp\/v2\/types\/page"}],"author":[{"embeddable":true,"href":"https:\/\/plasticor.com\/fr\/wp-json\/wp\/v2\/users\/1"}],"replies":[{"embeddable":true,"href":"https:\/\/plasticor.com\/fr\/wp-json\/wp\/v2\/comments?post=452"}],"version-history":[{"count":0,"href":"https:\/\/plasticor.com\/fr\/wp-json\/wp\/v2\/pages\/452\/revisions"}],"wp:attachment":[{"href":"https:\/\/plasticor.com\/fr\/wp-json\/wp\/v2\/media?parent=452"}],"curies":[{"name":"wp","href":"https:\/\/api.w.org\/{rel}","templated":true}]}}